{"id":1145,"date":"2018-07-02T19:24:15","date_gmt":"2018-07-02T22:24:15","guid":{"rendered":"https:\/\/isfd3-bue.infd.edu.ar\/sitio\/informacion-para-alumnos\/"},"modified":"2026-03-06T14:08:53","modified_gmt":"2026-03-06T17:08:53","slug":"informacion-para-alumnos","status":"publish","type":"page","link":"https:\/\/isfd3-bue.infd.edu.ar\/sitio\/informacion-para-alumnos\/","title":{"rendered":"ESTUDIANTES"},"content":{"rendered":"<p style=\"text-align: justify;\">\u00a1Bienvenidos a la seccion de Estudiantes!<br \/>\nEn esta Secci\u00f3n los estudiantes podr\u00e1n consultar informaci\u00f3n relacionada con las novedades Institucionales, consultar los horiarios, las fechas de mesas de examen de cada llamado, descargar documentos esenciales (como constancias de alumno regular y de asistencia a ex\u00e1menes, formularios para solicitar equivalencias, planillas de inscripci\u00f3n para 2\u00b0, 3\u00b0 y 4\u00b0 A\u00f1o, entre otros), documentaci\u00f3n a presentar para iniciar el tr\u00e1mite del t\u00edtulo, entre otras.<\/p>\n<p style=\"text-align: justify;\"><span style=\"font-family: Arial, Helvetica, sans-serif; font-size: 12pt;\">Para acceder a los servicios de informaci\u00f3n seleccionar la opci\u00f3n correspondiente del men\u00fa<\/span><\/p>\n<p>Les dejamos algunos correos de inter\u00e9s:<\/p>\n<p><img decoding=\"async\" loading=\"lazy\" class=\"alignnone  wp-image-8446\" src=\"https:\/\/isfd3-bue.infd.edu.ar\/sitio\/wp-content\/uploads\/2026\/03\/CORREOS-IMPORTANTES-2-800x1000.png\" alt=\"\" width=\"373\" height=\"466\" srcset=\"https:\/\/isfd3-bue.infd.edu.ar\/sitio\/wp-content\/uploads\/2026\/03\/CORREOS-IMPORTANTES-2-800x1000.png 800w, https:\/\/isfd3-bue.infd.edu.ar\/sitio\/wp-content\/uploads\/2026\/03\/CORREOS-IMPORTANTES-2-768x960.png 768w, https:\/\/isfd3-bue.infd.edu.ar\/sitio\/wp-content\/uploads\/2026\/03\/CORREOS-IMPORTANTES-2.png 1080w\" sizes=\"(max-width: 373px) 100vw, 373px\" \/><\/p>\n","protected":false},"excerpt":{"rendered":"<p>\u00a1Bienvenidos a la seccion de Estudiantes! En esta Secci\u00f3n los estudiantes podr\u00e1n consultar informaci\u00f3n relacionada con las novedades Institucionales, consultar los horiarios, las fechas de mesas de examen de cada llamado, descargar documentos esenciales (como constancias de alumno regular y de asistencia a ex\u00e1menes, formularios para solicitar equivalencias, planillas de inscripci\u00f3n para 2\u00b0, 3\u00b0 y &#8230; <a title=\"ESTUDIANTES\" class=\"read-more\" href=\"https:\/\/isfd3-bue.infd.edu.ar\/sitio\/informacion-para-alumnos\/\" aria-label=\"More on ESTUDIANTES\">[+]<\/a><\/p>\n","protected":false},"author":39,"featured_media":0,"parent":0,"menu_order":0,"comment_status":"closed","ping_status":"closed","template":"","meta":[],"acf":[],"_links":{"self":[{"href":"https:\/\/isfd3-bue.infd.edu.ar\/sitio\/wp-json\/wp\/v2\/pages\/1145"}],"collection":[{"href":"https:\/\/isfd3-bue.infd.edu.ar\/sitio\/wp-json\/wp\/v2\/pages"}],"about":[{"href":"https:\/\/isfd3-bue.infd.edu.ar\/sitio\/wp-json\/wp\/v2\/types\/page"}],"author":[{"embeddable":true,"href":"https:\/\/isfd3-bue.infd.edu.ar\/sitio\/wp-json\/wp\/v2\/users\/39"}],"replies":[{"embeddable":true,"href":"https:\/\/isfd3-bue.infd.edu.ar\/sitio\/wp-json\/wp\/v2\/comments?post=1145"}],"version-history":[{"count":43,"href":"https:\/\/isfd3-bue.infd.edu.ar\/sitio\/wp-json\/wp\/v2\/pages\/1145\/revisions"}],"predecessor-version":[{"id":8448,"href":"https:\/\/isfd3-bue.infd.edu.ar\/sitio\/wp-json\/wp\/v2\/pages\/1145\/revisions\/8448"}],"wp:attachment":[{"href":"https:\/\/isfd3-bue.infd.edu.ar\/sitio\/wp-json\/wp\/v2\/media?parent=1145"}],"curies":[{"name":"wp","href":"https:\/\/api.w.org\/{rel}","templated":true}]}}