{"id":1162,"date":"2018-07-02T19:24:24","date_gmt":"2018-07-02T22:24:24","guid":{"rendered":"https:\/\/isfd3-bue.infd.edu.ar\/sitio\/conectar-igualdad\/"},"modified":"2024-10-29T10:24:02","modified_gmt":"2024-10-29T13:24:02","slug":"conectar-igualdad","status":"publish","type":"page","link":"https:\/\/isfd3-bue.infd.edu.ar\/sitio\/conectar-igualdad\/","title":{"rendered":"Conectar Igualdad"},"content":{"rendered":"<h3 style=\"text-align: justify;\"><span style=\"font-family: verdana, geneva; font-size: 10pt;\"><strong style=\"font-size: 12pt; text-align: justify;\"><span style=\"color: #000080;\">DESBLOQUEOS:<\/span><\/strong><\/span><\/h3>\n<p style=\"text-align: justify;\"><span style=\"font-family: verdana, geneva; font-size: 10pt; color: #3366ff;\"><strong style=\"font-size: 12pt; text-align: justify;\">Enlace para solicitar c\u00f3digo de desbloqueo de netbooks: <span style=\"color: #000080;\"><a style=\"color: #000080;\" href=\"https:\/\/docs.google.com\/forms\/d\/e\/1FAIpQLSd8Lm80ab1MSIUA0CZgzULeUupM6LAksF6ZdUy_XG2KTjLtQA\/viewform\">AQU<\/a>\u00cd<\/span><\/strong><\/span><\/p>\n<p>Si la netbook fue entregada en 2017 en adelante, para su desbloqueo comunicarse al 0 800 444 1115.<span style=\"font-family: verdana, geneva; font-size: 10pt;\" data-mce-mark=\"1\"><strong>\u00a0<\/strong><\/span><\/p>\n<h3 style=\"text-align: justify;\"><span style=\"font-family: verdana, geneva; font-size: 10pt;\"><strong style=\"font-size: 12pt; text-align: justify;\"><span style=\"color: #ff6600;\"><span style=\"color: #000080;\">DOCUMENTACI\u00d3N:<\/span><\/span><\/strong><\/span><\/h3>\n<p><strong><span style=\"font-family: verdana, geneva; font-size: 10pt;\">Comodatos para alumnos:<\/span><\/strong><\/p>\n<p><strong><span style=\"font-family: verdana, geneva; font-size: 10pt;\"><a style=\"font-size: 10pt; text-align: justify;\" href=\"upload\/CONTRATO_DE_COMODATO_ISFD_ALUMNOS_1.doc\">Comodato para alumnos de los profesorados de Educaci\u00f3n Secundaria &#8211; Educaci\u00f3n Especial y 3-4to Inicial y Primaria<\/a><span style=\"text-align: justify;\">\u00a0<\/span><\/span><\/strong><\/p>\n<ul>\n<li style=\"text-align: justify;\"><span style=\"font-size: 10pt; font-family: verdana, geneva;\">Imprimir por duplicado, completar y entregar en el Instituto, junto con un folio pl\u00e1stico A4, fotocopia del CUIL y fotocopia del DNI.\u00a0Recuerden Firmar y Aclarar todas las hojas.<\/span><\/li>\n<\/ul>\n<p style=\"text-align: justify;\"><span style=\"font-size: 10pt; font-family: verdana, geneva;\">El<strong> CUIL<\/strong> se puede solicitar e imprimir en:<\/span><\/p>\n<p style=\"text-align: justify;\"><span style=\"color: #0000ff; font-family: verdana, geneva; font-size: 10pt;\"><a style=\"font-size: 10pt;\" href=\"http:\/\/servicioswww.anses.gov.ar\/ConstanciadeCuil2\/Inicio.aspx\"><span style=\"color: #0000ff;\">http:\/\/servicioswww.anses.gov.ar\/ConstanciadeCuil2\/Inicio.aspx<\/span><\/a><\/span><\/p>\n<p><span style=\"color: #000080;\"><strong>CRITERIO DE ASIGNACI\u00d3N:<\/strong><\/span><\/p>\n<p><span style=\"color: #000080;\"><strong><span style=\"text-decoration: underline;\">EGRESADOS<\/span> (cesi\u00f3n):<\/strong><\/span><\/p>\n<ul>\n<li style=\"text-align: justify;\"><span style=\"font-size: 10pt; font-family: verdana, geneva;\">Corresponde la <strong style=\"font-size: 10pt;\">cesi\u00f3n definitiva<\/strong> a los egresados de los ISFD de las ofertas de Educaci\u00f3n Secundaria y Especial, siempre y cuando hayan obtenido el t\u00edtulo que acredite la formaci\u00f3n docente completando su trayectoria educativa <strong style=\"font-size: 10pt;\">en un plazo\u00a0no mayor a 5 a\u00f1os desde el momento de su inscripci\u00f3n hasta la residencia inclusive<\/strong>.\u00a0<\/span><\/li>\n<li style=\"text-align: justify;\"><span style=\"font-size: 10pt; font-family: verdana, geneva;\"><span data-mce-mark=\"1\">En este caso, finaliza el <\/span><strong style=\"font-size: 10pt;\">contrato de Comodato<\/strong><span data-mce-mark=\"1\">\u00a0y la laptop en su posesi\u00f3n pasa a ser de propiedad del egresado mediante la firma de el siguiente\u00a0<\/span><strong style=\"font-size: 10pt;\"><a href=\"upload\/CONTRATO_DE_CESION_DEFINITIVA_ISFD_ALUMNOS.doc\">Contrato de Cesi\u00f3n Definitiva<\/a>\u00a0(deben imprimir, completar y firmar 2 copias y llevarlas junto con la net para desbloquear definitivamente, en los horarios arriba mencionados)<\/strong><\/span><\/li>\n<\/ul>\n<p style=\"text-align: justify;\"><span style=\"font-family: verdana, geneva; font-size: 10pt;\"><em style=\"font-size: 10px;\">(Extracto de la Circular N\u00b0 14 aprobada como Anexo IV de la Resoluci\u00f3n SE 215)<\/em>\u00a0<\/span><\/p>\n<h2 style=\"text-align: justify;\"><span style=\"color: #000080;\"><span style=\"font-family: verdana, geneva; font-size: 10pt;\">\u00a0<\/span><span style=\"font-family: verdana, geneva; font-size: 10pt;\"><strong>DOCENTES:<\/strong><\/span><\/span><\/h2>\n<ul>\n<li style=\"text-align: justify;\"><span style=\"font-size: 10pt; font-family: verdana, geneva;\"><strong style=\"font-size: 10pt;\">Pueden descargar el\u00a0<a href=\"upload\/CONTRATO_DE_COMODATO_EQUIPO_DOCENTE_1.doc\">Comodato para profesores del Instituto<\/a><\/strong><\/span><\/li>\n<li style=\"text-align: justify;\"><span style=\"font-size: 10pt; font-family: verdana, geneva;\">Imprimir por duplicado, completar y entregar en el Instituto con un folio, junto con una fotocopia del CUIL y una fotocopia del DNI.<\/span><\/li>\n<li style=\"text-align: justify;\"><span style=\"font-family: verdana, geneva; font-size: 10pt;\">Recuerden <span style=\"color: #000080;\">firmar<\/span> y aclarar\u00a0todas las hojas.<\/span><\/li>\n<\/ul>\n<h3 style=\"text-align: justify;\"><span style=\"font-family: verdana, geneva; font-size: 10pt; color: #000080;\"><strong style=\"font-size: 12pt; text-align: justify;\">RECOMENDACIONES:<\/strong><\/span><\/h3>\n<h3 style=\"text-align: justify;\"><span style=\"font-family: verdana, geneva; font-size: 10pt; color: #3366ff;\" data-mce-mark=\"1\"><strong>C\u00d3MO EVITAR EL BLOQUEO DE LAS NETBOOKS:<\/strong><\/span><\/h3>\n<p class=\"Corridohome\" style=\"text-align: justify;\"><span style=\"font-family: verdana, geneva; font-size: 10pt;\" data-mce-mark=\"1\">Les recomendamos descargar este <strong><a href=\"upload\/COMO_EVITAR_EL_BLOQUEO_DE_LAS_NETBOOKS_1.pdf\">documento de ayuda<\/a><\/strong>.<\/span><\/p>\n<p class=\"Corridohome\" style=\"text-align: justify;\"><span style=\"font-family: verdana, geneva; font-size: 10pt;\" data-mce-mark=\"1\"><img decoding=\"async\" loading=\"lazy\" src=\"upload\/DESBLOQUEO_RECOMENDACION.png\" width=\"560\" height=\"540\" border=\"0\" \/><\/span><\/p>\n<p class=\"Corridohome\" style=\"text-align: justify;\"><span style=\"font-family: verdana, geneva; font-size: 10pt;\">\u00a0<\/span><span style=\"color: #3366ff;\"><strong><span style=\"font-family: verdana, geneva; font-size: 10pt;\">PARA TENER EN CUENTA:<\/span><\/strong><\/span><\/p>\n<p class=\"Corridohome\"><span style=\"font-family: verdana, geneva; font-size: 10pt;\"><img decoding=\"async\" loading=\"lazy\" src=\"upload\/iconos_para_tener_en_cuenta_1.png\" width=\"603\" height=\"344\" border=\"0\" \/><\/span><\/p>\n<p class=\"Corridohome\"><span style=\"font-family: verdana, geneva; font-size: 10pt;\">\u00a0<\/span><span style=\"font-family: verdana, geneva; font-size: 10pt;\"><strong> <a title=\"ISFD N\u00b0 3 - Indicaciones para quienes reciben las netbooks\" href=\"https:\/\/www.slideshare.net\/silmacedo\/isfd-n-3-indicaciones-para-quienes-reciben-las-netbooks\" target=\"_blank\" rel=\"noopener\">ISFD N\u00b0 3 &#8211; Indicaciones para quienes reciben las netbooks<\/a> <\/strong> <span style=\"color: #ffffff;\">from\u00a0<\/span><\/span><\/p>\n","protected":false},"excerpt":{"rendered":"<p>DESBLOQUEOS: Enlace para solicitar c\u00f3digo de desbloqueo de netbooks: AQU\u00cd Si la netbook fue entregada en 2017 en adelante, para su desbloqueo comunicarse al 0 800 444 1115.\u00a0 DOCUMENTACI\u00d3N: Comodatos para alumnos: Comodato para alumnos de los profesorados de Educaci\u00f3n Secundaria &#8211; Educaci\u00f3n Especial y 3-4to Inicial y Primaria\u00a0 Imprimir por duplicado, completar y entregar &#8230; <a title=\"Conectar Igualdad\" class=\"read-more\" href=\"https:\/\/isfd3-bue.infd.edu.ar\/sitio\/conectar-igualdad\/\" aria-label=\"More on Conectar Igualdad\">[+]<\/a><\/p>\n","protected":false},"author":39,"featured_media":0,"parent":0,"menu_order":0,"comment_status":"closed","ping_status":"closed","template":"","meta":[],"acf":[],"_links":{"self":[{"href":"https:\/\/isfd3-bue.infd.edu.ar\/sitio\/wp-json\/wp\/v2\/pages\/1162"}],"collection":[{"href":"https:\/\/isfd3-bue.infd.edu.ar\/sitio\/wp-json\/wp\/v2\/pages"}],"about":[{"href":"https:\/\/isfd3-bue.infd.edu.ar\/sitio\/wp-json\/wp\/v2\/types\/page"}],"author":[{"embeddable":true,"href":"https:\/\/isfd3-bue.infd.edu.ar\/sitio\/wp-json\/wp\/v2\/users\/39"}],"replies":[{"embeddable":true,"href":"https:\/\/isfd3-bue.infd.edu.ar\/sitio\/wp-json\/wp\/v2\/comments?post=1162"}],"version-history":[{"count":4,"href":"https:\/\/isfd3-bue.infd.edu.ar\/sitio\/wp-json\/wp\/v2\/pages\/1162\/revisions"}],"predecessor-version":[{"id":7474,"href":"https:\/\/isfd3-bue.infd.edu.ar\/sitio\/wp-json\/wp\/v2\/pages\/1162\/revisions\/7474"}],"wp:attachment":[{"href":"https:\/\/isfd3-bue.infd.edu.ar\/sitio\/wp-json\/wp\/v2\/media?parent=1162"}],"curies":[{"name":"wp","href":"https:\/\/api.w.org\/{rel}","templated":true}]}}