{"id":1178,"date":"2018-07-02T19:24:29","date_gmt":"2018-07-02T22:24:29","guid":{"rendered":"https:\/\/isfd3-bue.infd.edu.ar\/sitio\/mesas-de-examen\/"},"modified":"2026-03-31T10:48:24","modified_gmt":"2026-03-31T13:48:24","slug":"mesas-de-examen","status":"publish","type":"page","link":"https:\/\/isfd3-bue.infd.edu.ar\/sitio\/mesas-de-examen\/","title":{"rendered":"Mesas de Examen"},"content":{"rendered":"\n<p>2026<\/p>\n\n\n\n<p>Inscripciones y cronograma de ex\u00e1menes AQU\u00cd:  <a href=\"https:\/\/avanzabb.academia.com.ar\/\">https:\/\/avanzabb.academia.com.ar\/<\/a><\/p>\n\n\n\n<p>(Chequear nuevamente sobre las fechas en sistema acad\u00e9mico por cualquier eventualidad que modifique las mesas)<\/p>\n\n\n\n<p>&#8212;&#8211; <strong>Compartimos el enlace que se encontrar\u00e1 habilitado para inscribirse a las mesas de Mayo en la fecha se\u00f1alada:<\/strong><\/p>\n\n\n\n<p><a href=\"https:\/\/docs.google.com\/...\/1FAIpQLSf...\/closedform\">https:\/\/docs.google.com\/&#8230;\/1FAIpQLSf&#8230;\/closedform<\/a><\/p>\n\n\n\n<p>Las opciones de inscripci\u00f3n ser\u00e1n:<\/p>\n\n\n\n<p>-\u00daltima materia<\/p>\n\n\n\n<p>-Solicitud excepcional para Did\u00e1ctica de cualquier carrera y\/o Campo de la Pr\u00e1ctica (condicional para cursar campo de la pr\u00e1ctica)<\/p>\n\n\n\n<p>-Inscripci\u00f3n a final de Did\u00e1ctica de cualquier carrera y\/o Pr\u00e1ctica<\/p>\n\n\n\n<figure class=\"wp-block-image size-full is-resized\"><img decoding=\"async\" loading=\"lazy\" src=\"https:\/\/isfd3-bue.infd.edu.ar\/sitio\/wp-content\/uploads\/2026\/03\/mayo-me.png\" alt=\"\" class=\"wp-image-8625\" width=\"295\" height=\"364\" srcset=\"https:\/\/isfd3-bue.infd.edu.ar\/sitio\/wp-content\/uploads\/2026\/03\/mayo-me.png 1081w, https:\/\/isfd3-bue.infd.edu.ar\/sitio\/wp-content\/uploads\/2026\/03\/mayo-me-809x1000.png 809w, https:\/\/isfd3-bue.infd.edu.ar\/sitio\/wp-content\/uploads\/2026\/03\/mayo-me-768x950.png 768w\" sizes=\"(max-width: 295px) 100vw, 295px\" \/><\/figure>\n","protected":false},"excerpt":{"rendered":"<p>2026 Inscripciones y cronograma de ex\u00e1menes AQU\u00cd: https:\/\/avanzabb.academia.com.ar\/ (Chequear nuevamente sobre las fechas en sistema acad\u00e9mico por cualquier eventualidad que modifique las mesas) &#8212;&#8211; Compartimos el enlace que se encontrar\u00e1 habilitado para inscribirse a las mesas de Mayo en la fecha se\u00f1alada: https:\/\/docs.google.com\/&#8230;\/1FAIpQLSf&#8230;\/closedform Las opciones de inscripci\u00f3n ser\u00e1n: -\u00daltima materia -Solicitud excepcional para Did\u00e1ctica de &#8230; <a title=\"Mesas de Examen\" class=\"read-more\" href=\"https:\/\/isfd3-bue.infd.edu.ar\/sitio\/mesas-de-examen\/\" aria-label=\"More on Mesas de Examen\">[+]<\/a><\/p>\n","protected":false},"author":39,"featured_media":0,"parent":0,"menu_order":0,"comment_status":"closed","ping_status":"closed","template":"","meta":[],"acf":[],"_links":{"self":[{"href":"https:\/\/isfd3-bue.infd.edu.ar\/sitio\/wp-json\/wp\/v2\/pages\/1178"}],"collection":[{"href":"https:\/\/isfd3-bue.infd.edu.ar\/sitio\/wp-json\/wp\/v2\/pages"}],"about":[{"href":"https:\/\/isfd3-bue.infd.edu.ar\/sitio\/wp-json\/wp\/v2\/types\/page"}],"author":[{"embeddable":true,"href":"https:\/\/isfd3-bue.infd.edu.ar\/sitio\/wp-json\/wp\/v2\/users\/39"}],"replies":[{"embeddable":true,"href":"https:\/\/isfd3-bue.infd.edu.ar\/sitio\/wp-json\/wp\/v2\/comments?post=1178"}],"version-history":[{"count":85,"href":"https:\/\/isfd3-bue.infd.edu.ar\/sitio\/wp-json\/wp\/v2\/pages\/1178\/revisions"}],"predecessor-version":[{"id":8627,"href":"https:\/\/isfd3-bue.infd.edu.ar\/sitio\/wp-json\/wp\/v2\/pages\/1178\/revisions\/8627"}],"wp:attachment":[{"href":"https:\/\/isfd3-bue.infd.edu.ar\/sitio\/wp-json\/wp\/v2\/media?parent=1178"}],"curies":[{"name":"wp","href":"https:\/\/api.w.org\/{rel}","templated":true}]}}