{"id":1180,"date":"2018-07-02T19:24:29","date_gmt":"2018-07-02T22:24:29","guid":{"rendered":"https:\/\/isfd3-bue.infd.edu.ar\/sitio\/c-a-i\/"},"modified":"2026-03-13T10:40:17","modified_gmt":"2026-03-13T13:40:17","slug":"c-a-i","status":"publish","type":"page","link":"https:\/\/isfd3-bue.infd.edu.ar\/sitio\/c-a-i\/","title":{"rendered":"C.A.I."},"content":{"rendered":"<p>El Consejo Acad\u00e9mico Institucional es un organismo colegiado integrado en forma representativa por los claustros de profesores y alumnos, presidido por un integrante del equipo de conducci\u00f3n. Se constituye como un \u00f3rgano de gesti\u00f3n y consulta permanente de la Direcci\u00f3n del Instituto en todos los aspectos que hacen a la gesti\u00f3n del mismo.<\/p>\n<p>Uno de los fines que persigue la constituci\u00f3n de este Consejo es el mejoramiento de la calidad de la gesti\u00f3n institucional y el enriquecimiento del PEI mediante la incorporaci\u00f3n org\u00e1nica del saber y la experiencia profesional e institucional de los docentes y la mirada desde el lugar de los alumnos ( R.M. 918\/01,Anexo I).<\/p>\n<p><a title=\"Resoluci\u00f3n N\u00ba 4044\/09\" href=\"upload\/Resolucion_4044_09.doc\" target=\"_blank\" rel=\"noopener\">R.M. 4044\/09 &#8211; AQU\u00cd<\/a><\/p>\n<p><a title=\"Resoluci\u00f3n N\u00ba 4044\/09-Anexo\" href=\"upload\/Resolucion_4044_09-Anexo.doc\" target=\"_blank\" rel=\"noopener\">Resoluci\u00f3n Ministerial 4044\/09 ANEXO &#8211; AQU\u00cd <\/a><\/p>\n<p><strong><span style=\"color: #333399;\">El CAI se encuentra conformado por:\u00a0<\/span><\/strong><\/p>\n<p><img decoding=\"async\" loading=\"lazy\" class=\"alignnone  wp-image-8584\" src=\"https:\/\/isfd3-bue.infd.edu.ar\/sitio\/wp-content\/uploads\/2026\/03\/WhatsApp-Image-2026-03-13-at-10.29.04.jpeg\" alt=\"\" width=\"494\" height=\"595\" \/><\/p>\n","protected":false},"excerpt":{"rendered":"<p>El Consejo Acad\u00e9mico Institucional es un organismo colegiado integrado en forma representativa por los claustros de profesores y alumnos, presidido por un integrante del equipo de conducci\u00f3n. Se constituye como un \u00f3rgano de gesti\u00f3n y consulta permanente de la Direcci\u00f3n del Instituto en todos los aspectos que hacen a la gesti\u00f3n del mismo. Uno de &#8230; <a title=\"C.A.I.\" class=\"read-more\" href=\"https:\/\/isfd3-bue.infd.edu.ar\/sitio\/c-a-i\/\" aria-label=\"More on C.A.I.\">[+]<\/a><\/p>\n","protected":false},"author":39,"featured_media":0,"parent":0,"menu_order":0,"comment_status":"closed","ping_status":"closed","template":"","meta":[],"acf":[],"_links":{"self":[{"href":"https:\/\/isfd3-bue.infd.edu.ar\/sitio\/wp-json\/wp\/v2\/pages\/1180"}],"collection":[{"href":"https:\/\/isfd3-bue.infd.edu.ar\/sitio\/wp-json\/wp\/v2\/pages"}],"about":[{"href":"https:\/\/isfd3-bue.infd.edu.ar\/sitio\/wp-json\/wp\/v2\/types\/page"}],"author":[{"embeddable":true,"href":"https:\/\/isfd3-bue.infd.edu.ar\/sitio\/wp-json\/wp\/v2\/users\/39"}],"replies":[{"embeddable":true,"href":"https:\/\/isfd3-bue.infd.edu.ar\/sitio\/wp-json\/wp\/v2\/comments?post=1180"}],"version-history":[{"count":2,"href":"https:\/\/isfd3-bue.infd.edu.ar\/sitio\/wp-json\/wp\/v2\/pages\/1180\/revisions"}],"predecessor-version":[{"id":8586,"href":"https:\/\/isfd3-bue.infd.edu.ar\/sitio\/wp-json\/wp\/v2\/pages\/1180\/revisions\/8586"}],"wp:attachment":[{"href":"https:\/\/isfd3-bue.infd.edu.ar\/sitio\/wp-json\/wp\/v2\/media?parent=1180"}],"curies":[{"name":"wp","href":"https:\/\/api.w.org\/{rel}","templated":true}]}}