{"id":1183,"date":"2018-07-02T19:24:31","date_gmt":"2018-07-02T22:24:31","guid":{"rendered":"https:\/\/isfd3-bue.infd.edu.ar\/sitio\/datos-institucionales\/"},"modified":"2026-04-08T09:07:07","modified_gmt":"2026-04-08T12:07:07","slug":"datos-institucionales","status":"publish","type":"page","link":"https:\/\/isfd3-bue.infd.edu.ar\/sitio\/datos-institucionales\/","title":{"rendered":"Datos institucionales"},"content":{"rendered":"<pre style=\"text-align: left;\"><strong><span style=\"color: #3366ff;\"><span style=\"font-size: 12pt;\"><span style=\"color: #0000ff;\">Instituto Superior de Formaci\u00f3n Docente N\u00b03<\/span> <\/span><\/span><\/strong><\/pre>\n<pre style=\"text-align: left;\"><span style=\"color: #0000ff;\"><strong><span style=\"font-size: 12pt;\">Dr. Julio C\u00e9sar Avanza<\/span><\/strong><\/span><\/pre>\n<h6><span style=\"color: #0000ff;\"><strong>Vieytes 51, altos (1\u00ba piso) \u2013 8000 \u2013 Bah\u00eda Blanca, Buenos Aires<\/strong><\/span><\/h6>\n<h4><span style=\"font-family: verdana; font-size: 10pt; color: #0000ff;\"><strong>Podr\u00e1n encontrarnos en nuestras redes sociales:<\/strong><\/span><\/h4>\n<h5><span style=\"color: #0000ff;\">\u00a0\u00a0<img decoding=\"async\" loading=\"lazy\" class=\"alignnone wp-image-4172\" src=\"https:\/\/isfd3-bue.infd.edu.ar\/sitio\/wp-content\/uploads\/2020\/11\/ic-fa.jpg\" sizes=\"(max-width: 43px) 100vw, 43px\" srcset=\"https:\/\/isfd3-bue.infd.edu.ar\/sitio\/wp-content\/uploads\/2020\/11\/ic-fa.jpg 600w, https:\/\/isfd3-bue.infd.edu.ar\/sitio\/wp-content\/uploads\/2020\/11\/ic-fa-500x500.jpg 500w\" alt=\"\" width=\"43\" height=\"43\" \/>\u00a0<strong><a style=\"color: #0000ff;\" href=\"https:\/\/www.facebook.com\/isfd3\/\">Facebook<\/a><\/strong>\u00a0 \u00a0 \u00a0 \u00a0 \u00a0 \u00a0 \u00a0 \u00a0 \u00a0<img decoding=\"async\" loading=\"lazy\" class=\"alignnone wp-image-4171\" src=\"https:\/\/isfd3-bue.infd.edu.ar\/sitio\/wp-content\/uploads\/2020\/11\/icono-insta.jpg\" alt=\"\" width=\"38\" height=\"38\" \/>\u00a0<a style=\"color: #0000ff;\" href=\"https:\/\/www.instagram.com\/isfd3\">Instagram<\/a>\u00a0 \u00a0 \u00a0 \u00a0 \u00a0 \u00a0 \u00a0\u00a0<img decoding=\"async\" loading=\"lazy\" class=\"alignnone wp-image-4170\" src=\"https:\/\/isfd3-bue.infd.edu.ar\/sitio\/wp-content\/uploads\/2020\/11\/icono-youtb.jpg\" alt=\"\" width=\"37\" height=\"34\" \/>\u00a0<a style=\"color: #0000ff;\" href=\"https:\/\/www.youtube.com\/c\/ISFD3Avanza\/\">YouTube<\/a><\/span><\/h5>\n<h5><strong style=\"color: #0000ff; font-family: verdana; font-size: 10pt;\">Horarios de atenci\u00f3n:<\/strong><span style=\"color: #0000ff; font-family: verdana; font-size: 10pt;\"> de 9:00 a 11:00 , de 14:00 a 16:00 y de 18:00 a 20:00 Hs<\/span><\/h5>\n<h6><span style=\"color: #0000ff;\">Compartimos tambi\u00e9n los horarios de los Jefes de \u00e1rea y Cipe (Pol\u00edticas estudiantiles):<\/span><\/h6>\n<h6><img decoding=\"async\" loading=\"lazy\" class=\"alignnone size-full wp-image-8630\" src=\"https:\/\/isfd3-bue.infd.edu.ar\/sitio\/wp-content\/uploads\/2026\/04\/jefes-1.png\" alt=\"\" width=\"607\" height=\"453\" \/><\/h6>\n<h6><strong style=\"color: #0000ff; background-color: rgba(0, 0, 0, 0.05); font-family: inherit; font-size: inherit; white-space-collapse: preserve;\">CIPE (Pol\u00edticas estudiantiles) : Ludmila Zabala <\/strong><\/h6>\n<h6><strong style=\"color: #0000ff; background-color: #ffffff;\">Email:<\/strong><span style=\"color: #0000ff; background-color: #ffffff;\"> ludmilazabala@abc.gob.ar<\/span><\/h6>\n<h6><strong style=\"color: #0000ff; background-color: #ffffff;\">Instagram:<\/strong><span style=\"color: #0000ff; background-color: #ffffff;\"> cipeavanza<\/span><\/h6>\n<h6><a style=\"background-color: #ffffff;\" href=\"https:\/\/chat.whatsapp.com\/K9Y28datdUH2HzKiUAMD5N\"><span style=\"color: #0000ff;\"><strong>Whatsapp<\/strong> AQU\u00cd<\/span><\/a><\/h6>\n","protected":false},"excerpt":{"rendered":"<p>Instituto Superior de Formaci\u00f3n Docente N\u00b03 Dr. Julio C\u00e9sar Avanza Vieytes 51, altos (1\u00ba piso) \u2013 8000 \u2013 Bah\u00eda Blanca, Buenos Aires Podr\u00e1n encontrarnos en nuestras redes sociales: \u00a0\u00a0\u00a0Facebook\u00a0 \u00a0 \u00a0 \u00a0 \u00a0 \u00a0 \u00a0 \u00a0 \u00a0\u00a0Instagram\u00a0 \u00a0 \u00a0 \u00a0 \u00a0 \u00a0 \u00a0\u00a0\u00a0YouTube Horarios de atenci\u00f3n: de 9:00 a 11:00 , de 14:00 a 16:00 &#8230; <a title=\"Datos institucionales\" class=\"read-more\" href=\"https:\/\/isfd3-bue.infd.edu.ar\/sitio\/datos-institucionales\/\" aria-label=\"More on Datos institucionales\">[+]<\/a><\/p>\n","protected":false},"author":39,"featured_media":0,"parent":0,"menu_order":0,"comment_status":"closed","ping_status":"closed","template":"","meta":[],"acf":[],"_links":{"self":[{"href":"https:\/\/isfd3-bue.infd.edu.ar\/sitio\/wp-json\/wp\/v2\/pages\/1183"}],"collection":[{"href":"https:\/\/isfd3-bue.infd.edu.ar\/sitio\/wp-json\/wp\/v2\/pages"}],"about":[{"href":"https:\/\/isfd3-bue.infd.edu.ar\/sitio\/wp-json\/wp\/v2\/types\/page"}],"author":[{"embeddable":true,"href":"https:\/\/isfd3-bue.infd.edu.ar\/sitio\/wp-json\/wp\/v2\/users\/39"}],"replies":[{"embeddable":true,"href":"https:\/\/isfd3-bue.infd.edu.ar\/sitio\/wp-json\/wp\/v2\/comments?post=1183"}],"version-history":[{"count":19,"href":"https:\/\/isfd3-bue.infd.edu.ar\/sitio\/wp-json\/wp\/v2\/pages\/1183\/revisions"}],"predecessor-version":[{"id":8634,"href":"https:\/\/isfd3-bue.infd.edu.ar\/sitio\/wp-json\/wp\/v2\/pages\/1183\/revisions\/8634"}],"wp:attachment":[{"href":"https:\/\/isfd3-bue.infd.edu.ar\/sitio\/wp-json\/wp\/v2\/media?parent=1183"}],"curies":[{"name":"wp","href":"https:\/\/api.w.org\/{rel}","templated":true}]}}