{"id":1211,"date":"2018-07-02T19:24:47","date_gmt":"2018-07-02T22:24:47","guid":{"rendered":"https:\/\/isfd3-bue.infd.edu.ar\/sitio\/oferta-educativa\/"},"modified":"2026-03-27T10:38:25","modified_gmt":"2026-03-27T13:38:25","slug":"oferta-educativa","status":"publish","type":"page","link":"https:\/\/isfd3-bue.infd.edu.ar\/sitio\/oferta-educativa\/","title":{"rendered":"Oferta Educativa"},"content":{"rendered":"<table class=\"MsoTableGrid\" style=\"text-align: right; margin: auto auto auto -12.6pt; border-collapse: collapse; height: 757px;\" border=\"1\" width=\"1000\" cellspacing=\"0\" cellpadding=\"0\">\n<tbody>\n<tr style=\"mso-yfti-irow: 0; mso-yfti-firstrow: yes;\">\n<td style=\"padding: 0cm 5.4pt; width: 348px; background-image: url('initial'); background-color: #33cccc; border: 1pt solid windowtext; height: 30px;\">\n<pre class=\"MsoNormal\" style=\"text-align: center; margin: 0cm 0cm 0pt;\"><span style=\"font-size: 12pt;\">Carreras<\/span><\/pre>\n<\/td>\n<td style=\"border-bottom: windowtext 1pt solid; border-left: #ece9d8; width: 183.8pt; background: #33cccc; border-top: windowtext 1pt solid; border-right: windowtext 1pt solid; mso-border-alt: solid windowtext .5pt; mso-border-left-alt: solid windowtext .5pt; padding: 0cm 5.4pt 0cm 5.4pt;\" width=\"245\">\n<pre class=\"MsoNormal\" style=\"text-align: center; margin: 0cm 0cm 0pt;\"><span style=\"font-size: 12pt;\">Turno<\/span><\/pre>\n<\/td>\n<\/tr>\n<tr style=\"height: 20px;\">\n<td valign=\"middle\">\n<pre class=\"MsoNormal\" style=\"text-align: center; margin: 0cm 0cm 0pt;\"><a href=\"https:\/\/isfd3-bue.infd.edu.ar\/sitio\/profesorado-de-educacion-inicial\/\"><span style=\"font-family: verdana, geneva; font-size: 10pt;\"><span style=\"color: #0000ff;\">Profesorado de Educaci\u00f3n Inicial<\/span><\/span><\/a><\/pre>\n<\/td>\n<td valign=\"middle\">\n<pre class=\"MsoNormal\" style=\"text-align: center; margin: 0cm 0cm 0pt;\"><span style=\"font-family: verdana, geneva; font-size: 10pt; color: #0000ff;\">Ma\u00f1ana - Tarde<\/span><\/pre>\n<\/td>\n<\/tr>\n<tr style=\"height: 20px;\">\n<td valign=\"middle\">\n<pre class=\"MsoNormal\" style=\"text-align: center; margin: 0cm 0cm 0pt;\"><span style=\"color: #0000ff;\"><a style=\"color: #0000ff;\" href=\"https:\/\/isfd3-bue.infd.edu.ar\/sitio\/profesorado-de-educacion-primaria\/\"><span style=\"font-family: verdana, geneva; font-size: 10pt;\">Profesorado de Educaci\u00f3n Primaria<\/span><\/a><\/span><\/pre>\n<\/td>\n<td valign=\"middle\">\n<pre class=\"MsoNormal\" style=\"text-align: center; margin: 0cm 0cm 0pt;\"><span style=\"font-family: verdana, geneva; font-size: 10pt; color: #0000ff;\">Ma\u00f1ana - Vespertino<\/span><\/pre>\n<\/td>\n<\/tr>\n<tr style=\"height: 20px;\">\n<td valign=\"middle\">\n<pre class=\"MsoNormal\" style=\"text-align: center; margin: 0cm 0cm 0pt;\"><span style=\"color: #0000ff;\"><a style=\"color: #0000ff;\" href=\"https:\/\/isfd3-bue.infd.edu.ar\/sitio\/profesorado-de-educacion-especial\/\"><span style=\"font-family: verdana, geneva; font-size: 10pt;\">Profesorado de Educaci\u00f3n Especial<\/span><\/a><\/span><\/pre>\n<\/td>\n<td valign=\"middle\">\n<pre class=\"MsoNormal\" style=\"text-align: center; margin: 0cm 0cm 0pt;\"><span style=\"font-family: verdana, geneva; font-size: 10pt; color: #0000ff;\">Ma\u00f1ana - Tarde<\/span><\/pre>\n<\/td>\n<\/tr>\n<tr style=\"height: 20px;\">\n<td valign=\"middle\">\n<pre class=\"MsoNormal\" style=\"text-align: center; margin: 0cm 0cm 0pt;\"><span style=\"color: #0000ff;\"><a style=\"color: #0000ff;\" href=\"https:\/\/isfd3-bue.infd.edu.ar\/sitio\/profesorado-de-educacion-secundaria-en-historia\/\"><span style=\"font-family: verdana, geneva; font-size: 10pt;\">Profesorado de Historia<\/span><\/a><\/span><\/pre>\n<\/td>\n<td valign=\"middle\">\n<pre class=\"MsoNormal\" style=\"text-align: center; margin: 0cm 0cm 0pt;\"><span style=\"font-family: verdana, geneva; font-size: 10pt; color: #0000ff;\">Vespertino<\/span><\/pre>\n<\/td>\n<\/tr>\n<tr style=\"height: 20px;\">\n<td valign=\"middle\">\n<pre class=\"MsoNormal\" style=\"text-align: center; margin: 0cm 0cm 0pt;\"><span style=\"color: #0000ff;\"><a style=\"color: #0000ff;\" href=\"https:\/\/isfd3-bue.infd.edu.ar\/sitio\/profesorado-de-educacion-secundaria-en-biologia\/\"><span style=\"font-family: verdana, geneva; font-size: 10pt;\">Profesorado de Biolog\u00eda<\/span><\/a><\/span><\/pre>\n<\/td>\n<td valign=\"middle\">\n<pre class=\"MsoNormal\" style=\"text-align: center; margin: 0cm 0cm 0pt;\"><span style=\"font-family: verdana, geneva; font-size: 10pt; color: #0000ff;\">Vespertino<\/span><\/pre>\n<\/td>\n<\/tr>\n<tr style=\"height: 20px;\">\n<td valign=\"middle\">\n<pre class=\"MsoNormal\" style=\"text-align: center; margin: 0cm 0cm 0pt;\"><span style=\"color: #0000ff;\"><a style=\"color: #0000ff;\" href=\"https:\/\/isfd3-bue.infd.edu.ar\/sitio\/profesorado-de-educacion-secundaria-en-matematica\/\"><span style=\"font-family: verdana, geneva; font-size: 10pt;\">Profesorado de Matem\u00e1tica<\/span><\/a><\/span><\/pre>\n<\/td>\n<td valign=\"middle\">\n<pre class=\"MsoNormal\" style=\"text-align: center; margin: 0cm 0cm 0pt;\"><span style=\"font-family: verdana, geneva; font-size: 10pt; color: #0000ff;\">Vespertino<\/span><\/pre>\n<\/td>\n<\/tr>\n<tr style=\"height: 20px;\">\n<td valign=\"middle\">\n<pre class=\"MsoNormal\" style=\"text-align: center; margin: 0cm 0cm 0pt;\"><span style=\"color: #0000ff;\"><a style=\"color: #0000ff;\" href=\"https:\/\/isfd3-bue.infd.edu.ar\/sitio\/profesorado-de-ingles\/\"><span style=\"font-family: verdana, geneva; font-size: 10pt;\">Profesorado de Ingles<\/span><\/a><\/span><\/pre>\n<\/td>\n<td valign=\"middle\">\n<pre class=\"MsoNormal\" style=\"text-align: center; margin: 0cm 0cm 0pt;\"><span style=\"font-family: verdana, geneva; font-size: 10pt; color: #0000ff;\">Ma\u00f1ana<\/span><\/pre>\n<\/td>\n<\/tr>\n<tr style=\"height: 20px;\">\n<td valign=\"middle\">\n<pre class=\"MsoNormal\" style=\"text-align: center; margin: 0cm 0cm 0pt;\"><span style=\"color: #0000ff;\"><a style=\"color: #0000ff;\" href=\"https:\/\/isfd3-bue.infd.edu.ar\/sitio\/profesorado-de-educacion-secundaria-en-lengua-y-literatura\/\"><span style=\"font-family: verdana, geneva; font-size: 10pt;\">Profesorado de Lengua y Literatura<\/span><\/a><\/span><\/pre>\n<\/td>\n<td valign=\"middle\">\n<pre class=\"MsoNormal\" style=\"text-align: center; margin: 0cm 0cm 0pt;\"><span style=\"font-family: verdana, geneva; font-size: 10pt; color: #0000ff;\">Vespertino<\/span><\/pre>\n<\/td>\n<\/tr>\n<tr>\n<td style=\"text-align: left;\" colspan=\"2\">\n<pre style=\"text-align: left;\"><span style=\"color: #0000ff;\"><span style=\"font-family: verdana, geneva; font-size: 10pt;\"><strong>   NUEVA CARRERA A PARTIR DEL 2025<\/strong>  <span style=\"color: #0000ff;\"> <a style=\"color: #0000ff;\" href=\"https:\/\/isfd3-bue.infd.edu.ar\/sitio\/ciencia-politica\/\">Profesorado de Ciencia Pol\u00edtica<\/a>  \u00a0    <\/span> \u00a0 \u00a0 \u00a0 \u00a0 \u00a0 \u00a0 \u00a0 \u00a0 \u00a0 \u00a0 \u00a0 \u00a0 \u00a0 \u00a0 \u00a0 \u00a0 \u00a0 \u00a0 \u00a0 \u00a0  <span style=\"font-family: verdana, geneva; font-size: 10pt; color: #0000ff;\">Vespertino<\/span><\/span><\/span><\/pre>\n<h5><\/h5>\n<h5 style=\"text-align: left;\"><span style=\"color: #0000ff;\"><strong>TURNOS<\/strong><\/span><\/h5>\n<pre><span style=\"color: #0000ff;\">  TURNO \u00a0MA\u00d1ANA \u00a0 \u00a07:30 HS \u00a0A \u00a012:00 HS.<\/span><\/pre>\n<pre>\u00a0 <span style=\"color: #0000ff;\">TURNO \u00a0TARDE \u00a0 \u00a0 \u00a013:00 HS. \u00a0A \u00a017:10 HS.<\/span><\/pre>\n<pre>\u00a0 <span style=\"color: #0000ff;\">TURNO \u00a0VESPERTINO \u00a0\u00a0\u00a0 17:30 HS. \u00a0A \u00a021:40 HS.<\/span><\/pre>\n<pre style=\"text-align: left;\"><span style=\"font-family: verdana, geneva; font-size: 10pt;\"><span style=\"color: #0000ff;\">(Espacios de Pr\u00e1ctica Docente a contraturno)<\/span>\u00a0<\/span><\/pre>\n<h4 style=\"text-align: left;\"><strong><span style=\"color: #33cccc;\"><span style=\"color: #0000ff;\">Horarios de todas las carreras<\/span><\/span><\/strong> <strong><a style=\"color: #0000ff;\" href=\"https:\/\/isfd3-bue.infd.edu.ar\/sitio\/horario-de-cursado\/\">AQU\u00cd<\/a><\/strong><\/h4>\n<\/td>\n<\/tr>\n<\/tbody>\n<\/table>\n","protected":false},"excerpt":{"rendered":"<p>Carreras Turno Profesorado de Educaci\u00f3n Inicial Ma\u00f1ana &#8211; Tarde Profesorado de Educaci\u00f3n Primaria Ma\u00f1ana &#8211; Vespertino Profesorado de Educaci\u00f3n Especial Ma\u00f1ana &#8211; Tarde Profesorado de Historia Vespertino Profesorado de Biolog\u00eda Vespertino Profesorado de Matem\u00e1tica Vespertino Profesorado de Ingles Ma\u00f1ana Profesorado de Lengua y Literatura Vespertino NUEVA CARRERA A PARTIR DEL 2025 Profesorado de Ciencia Pol\u00edtica &#8230; <a title=\"Oferta Educativa\" class=\"read-more\" href=\"https:\/\/isfd3-bue.infd.edu.ar\/sitio\/oferta-educativa\/\" aria-label=\"More on Oferta Educativa\">[+]<\/a><\/p>\n","protected":false},"author":39,"featured_media":0,"parent":0,"menu_order":0,"comment_status":"closed","ping_status":"closed","template":"","meta":[],"acf":[],"_links":{"self":[{"href":"https:\/\/isfd3-bue.infd.edu.ar\/sitio\/wp-json\/wp\/v2\/pages\/1211"}],"collection":[{"href":"https:\/\/isfd3-bue.infd.edu.ar\/sitio\/wp-json\/wp\/v2\/pages"}],"about":[{"href":"https:\/\/isfd3-bue.infd.edu.ar\/sitio\/wp-json\/wp\/v2\/types\/page"}],"author":[{"embeddable":true,"href":"https:\/\/isfd3-bue.infd.edu.ar\/sitio\/wp-json\/wp\/v2\/users\/39"}],"replies":[{"embeddable":true,"href":"https:\/\/isfd3-bue.infd.edu.ar\/sitio\/wp-json\/wp\/v2\/comments?post=1211"}],"version-history":[{"count":11,"href":"https:\/\/isfd3-bue.infd.edu.ar\/sitio\/wp-json\/wp\/v2\/pages\/1211\/revisions"}],"predecessor-version":[{"id":8622,"href":"https:\/\/isfd3-bue.infd.edu.ar\/sitio\/wp-json\/wp\/v2\/pages\/1211\/revisions\/8622"}],"wp:attachment":[{"href":"https:\/\/isfd3-bue.infd.edu.ar\/sitio\/wp-json\/wp\/v2\/media?parent=1211"}],"curies":[{"name":"wp","href":"https:\/\/api.w.org\/{rel}","templated":true}]}}