{"id":1220,"date":"2018-07-10T12:50:36","date_gmt":"2018-07-10T15:50:36","guid":{"rendered":"https:\/\/isfd3-bue.infd.edu.ar\/sitio\/?page_id=1220"},"modified":"2026-03-16T10:03:46","modified_gmt":"2026-03-16T13:03:46","slug":"horario-de-cursado","status":"publish","type":"page","link":"https:\/\/isfd3-bue.infd.edu.ar\/sitio\/horario-de-cursado\/","title":{"rendered":"Horario de Cursadas"},"content":{"rendered":"<h4><a href=\"https:\/\/bit.ly\/isfd3horarios22\">HORARIOS AQU\u00cd <\/a>&nbsp;por turno y carrera&nbsp; (sujeto a cambios)<\/h4>\n<div role=\"heading\" aria-level=\"3\" data-animation-nesting=\"\" data-sfc-cp=\"\" data-sfc-cb=\"\" data-complete=\"true\" data-processed=\"true\" data-sae=\"\">&nbsp;<\/div>\n<div class=\"otQkpb\" role=\"heading\" aria-level=\"3\" data-animation-nesting=\"\" data-sfc-cp=\"\" data-sfc-cb=\"\" data-complete=\"true\" data-processed=\"true\" data-sae=\"\"><span style=\"color: #0000ff;\"><strong class=\"Yjhzub\" data-sfc-cb=\"\" data-complete=\"true\">FECHAS EN LAS QUE SE REALIZAR\u00c1 CURSADA CON VIRTUALIDAD<\/strong><\/span><\/div>\n<div role=\"heading\" aria-level=\"3\" data-animation-nesting=\"\" data-sfc-cp=\"\" data-sfc-cb=\"\" data-complete=\"true\" data-processed=\"true\" data-sae=\"\">Para todas las carreras y a\u00f1os de cursada<\/div>\n<ul class=\"KsbFXc U6u95\" data-sfc-cb=\"\" data-complete=\"true\" data-processed=\"true\">\n<li class=\"dF3vjf\" data-sfc-cb=\"\" data-hveid=\"CAEIBRAA\" data-complete=\"true\" data-sae=\"\"><span class=\"T286Pc\" style=\"color: #0000ff;\" data-sfc-cp=\"\" data-sfc-cb=\"\" data-complete=\"true\"><strong class=\"Yjhzub\" data-sfc-cb=\"\" data-complete=\"true\">30\/3 al 1\/4<\/strong><\/span><\/li>\n<li class=\"dF3vjf\" data-sfc-cb=\"\" data-hveid=\"CAEIBRAB\" data-complete=\"true\" data-sae=\"\"><span class=\"T286Pc\" style=\"color: #0000ff;\" data-sfc-cp=\"\" data-sfc-cb=\"\" data-complete=\"true\"><strong class=\"Yjhzub\" data-sfc-cb=\"\" data-complete=\"true\">26\/5 al 29\/5<\/strong><\/span><\/li>\n<li class=\"dF3vjf\" data-sfc-cb=\"\" data-hveid=\"CAEIBRAC\" data-complete=\"true\" data-sae=\"\"><span class=\"T286Pc\" style=\"color: #0000ff;\" data-sfc-cp=\"\" data-sfc-cb=\"\" data-complete=\"true\"><strong class=\"Yjhzub\" data-sfc-cb=\"\" data-complete=\"true\">16\/6 al 19\/6<\/strong><\/span><\/li>\n<li class=\"dF3vjf\" data-sfc-cb=\"\" data-hveid=\"CAEIBRAD\" data-complete=\"true\" data-sae=\"\"><span class=\"T286Pc\" style=\"color: #0000ff;\" data-sfc-cp=\"\" data-sfc-cb=\"\" data-complete=\"true\"><strong class=\"Yjhzub\" data-sfc-cb=\"\" data-complete=\"true\">6\/7 al 8\/7<\/strong><\/span><\/li>\n<li class=\"dF3vjf\" data-sfc-cb=\"\" data-hveid=\"CAEIBRAF\" data-complete=\"true\" data-sae=\"\"><span class=\"T286Pc\" style=\"color: #0000ff;\" data-sfc-cp=\"\" data-sfc-cb=\"\" data-complete=\"true\"><strong class=\"Yjhzub\" data-sfc-cb=\"\" data-complete=\"true\">13\/10 al 16\/10<\/strong><\/span><\/li>\n<\/ul>\n<div class=\"Y3BBE\" data-sfc-cp=\"\" data-sfc-cb=\"\" data-hveid=\"CAEIBhAA\" data-complete=\"true\" data-processed=\"true\">Las clases se dictar\u00e1n de&nbsp;<strong class=\"Yjhzub\" data-sfc-cb=\"\" data-complete=\"true\" data-processed=\"true\">MODALIDAD SINCR\u00d3NICA<\/strong>&nbsp;en el horario habitual de cada materia y con&nbsp;<strong class=\"Yjhzub\" data-sfc-cb=\"\" data-complete=\"true\" data-processed=\"true\">ASISTENCIA<\/strong>.<\/div>\n<div data-sfc-cp=\"\" data-sfc-cb=\"\" data-hveid=\"CAEIBhAA\" data-complete=\"true\" data-processed=\"true\">&nbsp;<\/div>\n<div data-sfc-cp=\"\" data-sfc-cb=\"\" data-hveid=\"CAEIBhAA\" data-complete=\"true\" data-processed=\"true\"><span style=\"color: #000000;\"><strong>PLANO:<\/strong><\/span><\/div>\n\n\n<figure class=\"wp-block-image size-large\"><img decoding=\"async\" loading=\"lazy\" width=\"1900\" height=\"1069\" src=\"https:\/\/isfd3-bue.infd.edu.ar\/sitio\/wp-content\/uploads\/2026\/03\/Diseno-sin-titulo-1-1-1900x1069.jpg\" alt=\"\" class=\"wp-image-8545\" srcset=\"https:\/\/isfd3-bue.infd.edu.ar\/sitio\/wp-content\/uploads\/2026\/03\/Diseno-sin-titulo-1-1-1900x1069.jpg 1900w, https:\/\/isfd3-bue.infd.edu.ar\/sitio\/wp-content\/uploads\/2026\/03\/Diseno-sin-titulo-1-1-1000x563.jpg 1000w, https:\/\/isfd3-bue.infd.edu.ar\/sitio\/wp-content\/uploads\/2026\/03\/Diseno-sin-titulo-1-1-768x432.jpg 768w, https:\/\/isfd3-bue.infd.edu.ar\/sitio\/wp-content\/uploads\/2026\/03\/Diseno-sin-titulo-1-1-1536x864.jpg 1536w, https:\/\/isfd3-bue.infd.edu.ar\/sitio\/wp-content\/uploads\/2026\/03\/Diseno-sin-titulo-1-1.jpg 1920w\" sizes=\"(max-width: 1900px) 100vw, 1900px\" \/><\/figure>\n\n\n\n<p><strong>DISTRIBUCI\u00d3N DE AULAS<\/strong>:  <a href=\"https:\/\/docs.google.com\/spreadsheets\/d\/1xnGkze19WJ9H_4EwKpkERMvbEmvavkbbmLr0a9aVGkE\/edit?pli=1&amp;gid=0#gid=0\">AQU\u00cd<\/a><\/p>\n","protected":false},"excerpt":{"rendered":"<p>HORARIOS AQU\u00cd &nbsp;por turno y carrera&nbsp; (sujeto a cambios) &nbsp; FECHAS EN LAS QUE SE REALIZAR\u00c1 CURSADA CON VIRTUALIDAD Para todas las carreras y a\u00f1os de cursada 30\/3 al 1\/4 26\/5 al 29\/5 16\/6 al 19\/6 6\/7 al 8\/7 13\/10 al 16\/10 Las clases se dictar\u00e1n de&nbsp;MODALIDAD SINCR\u00d3NICA&nbsp;en el horario habitual de cada materia y &#8230; <a title=\"Horario de Cursadas\" class=\"read-more\" href=\"https:\/\/isfd3-bue.infd.edu.ar\/sitio\/horario-de-cursado\/\" aria-label=\"More on Horario de Cursadas\">[+]<\/a><\/p>\n","protected":false},"author":39,"featured_media":0,"parent":0,"menu_order":0,"comment_status":"closed","ping_status":"closed","template":"","meta":[],"acf":[],"_links":{"self":[{"href":"https:\/\/isfd3-bue.infd.edu.ar\/sitio\/wp-json\/wp\/v2\/pages\/1220"}],"collection":[{"href":"https:\/\/isfd3-bue.infd.edu.ar\/sitio\/wp-json\/wp\/v2\/pages"}],"about":[{"href":"https:\/\/isfd3-bue.infd.edu.ar\/sitio\/wp-json\/wp\/v2\/types\/page"}],"author":[{"embeddable":true,"href":"https:\/\/isfd3-bue.infd.edu.ar\/sitio\/wp-json\/wp\/v2\/users\/39"}],"replies":[{"embeddable":true,"href":"https:\/\/isfd3-bue.infd.edu.ar\/sitio\/wp-json\/wp\/v2\/comments?post=1220"}],"version-history":[{"count":70,"href":"https:\/\/isfd3-bue.infd.edu.ar\/sitio\/wp-json\/wp\/v2\/pages\/1220\/revisions"}],"predecessor-version":[{"id":8604,"href":"https:\/\/isfd3-bue.infd.edu.ar\/sitio\/wp-json\/wp\/v2\/pages\/1220\/revisions\/8604"}],"wp:attachment":[{"href":"https:\/\/isfd3-bue.infd.edu.ar\/sitio\/wp-json\/wp\/v2\/media?parent=1220"}],"curies":[{"name":"wp","href":"https:\/\/api.w.org\/{rel}","templated":true}]}}