{"id":1229,"date":"2018-07-02T19:24:57","date_gmt":"2018-07-02T22:24:57","guid":{"rendered":"https:\/\/isfd3-bue.infd.edu.ar\/sitio\/profesorado-de-educacion-inicial\/"},"modified":"2026-04-08T10:46:20","modified_gmt":"2026-04-08T13:46:20","slug":"profesorado-de-educacion-inicial","status":"publish","type":"page","link":"https:\/\/isfd3-bue.infd.edu.ar\/sitio\/profesorado-de-educacion-inicial\/","title":{"rendered":""},"content":{"rendered":"\n<figure class=\"wp-block-image size-large\"><img decoding=\"async\" loading=\"lazy\" width=\"1900\" height=\"1069\" src=\"https:\/\/isfd3-bue.infd.edu.ar\/sitio\/wp-content\/uploads\/2026\/04\/cartelera-1900x1069.jpg\" alt=\"\" class=\"wp-image-8635\" srcset=\"https:\/\/isfd3-bue.infd.edu.ar\/sitio\/wp-content\/uploads\/2026\/04\/cartelera-1900x1069.jpg 1900w, https:\/\/isfd3-bue.infd.edu.ar\/sitio\/wp-content\/uploads\/2026\/04\/cartelera-1000x563.jpg 1000w, https:\/\/isfd3-bue.infd.edu.ar\/sitio\/wp-content\/uploads\/2026\/04\/cartelera-768x432.jpg 768w, https:\/\/isfd3-bue.infd.edu.ar\/sitio\/wp-content\/uploads\/2026\/04\/cartelera-1536x864.jpg 1536w, https:\/\/isfd3-bue.infd.edu.ar\/sitio\/wp-content\/uploads\/2026\/04\/cartelera.jpg 1920w\" sizes=\"(max-width: 1900px) 100vw, 1900px\" \/><\/figure>\n\n\n<p><span style=\"color: #ff00ff;\"><strong>Turnos de la cursada:<br><\/strong><strong>MA\u00d1ANA&nbsp; &nbsp;07:30 HS.&nbsp; A &nbsp;12:00 HS.<br><\/strong><strong>TARDE&nbsp; 13:00 HS. &nbsp;A&nbsp;&nbsp;17:10&nbsp;HS.&nbsp;&nbsp;<\/strong><\/span><\/p>\n<p><span style=\"color: #ff00ff;\">(<\/span><strong><span style=\"color: #ff00ff;\">Cada carrera tiene sus variantes en los horarios, es una franja horaria estimada)<\/span><\/strong><\/p>\n<p><span style=\"color: #ff00ff;\"><strong>Pr\u00e1cticas en contra turno<\/strong><\/span><\/p>\n<p><span style=\"color: #ff00ff;\">Dise\u00f1o Curricula<em>r &#8211; <\/em><a style=\"color: #ff00ff;\" href=\"https:\/\/isfd3-bue.infd.edu.ar\/sitio\/wp-content\/uploads\/2026\/03\/Profesorado-de-Educacion-Inicial-Plan-.pdf\">AQU\u00cd<\/a>&nbsp;<\/span><\/p>\n<p><span style=\"color: #ff00ff;\"><a style=\"color: #ff00ff;\" href=\"https:\/\/docs.google.com\/document\/d\/148qOwr-zBlucCO4yFTKs2cicDt-XPlJiox-BUTwCoAg\/edit\">Horarios de las Carreras &#8211; AQU\u00cd<\/a><\/span><\/p>\n<p><span style=\"color: #ff00ff;\"><a style=\"color: #ff00ff;\" href=\"https:\/\/www.facebook.com\/groups\/180712969855279\">Grupo de Facebook &#8211; AQU\u00cd<\/a><\/span><\/p>\n<p><span style=\"color: #ff00ff;\"><a style=\"font-size: inherit; color: #ff00ff;\" title=\"CORRELATIVAS, INICIAL\" href=\"upload\/CORRELATIVAS_INICIAL_2.pdf\" target=\"_blank\" rel=\"noopener\">C<\/a>orrelativas &#8211; <a style=\"color: #ff00ff;\" href=\"https:\/\/isfd3-bue.infd.edu.ar\/sitio\/wp-content\/uploads\/2026\/03\/CORRELATIVIDADES-EDUCACION-INICIAL-1.pdf\">AQU\u00cd<\/a>&nbsp;<\/span><\/p>\n<p><span style=\"color: #ff00ff;\">Jefe de \u00e1rea: Vilma Madies<\/span><\/p>\n<p><span style=\"color: #ff00ff;\">Preceptora: Isabel Candelo<\/span><\/p>\n<p><\/p>","protected":false},"excerpt":{"rendered":"<p>Turnos de la cursada:MA\u00d1ANA&nbsp; &nbsp;07:30 HS.&nbsp; A &nbsp;12:00 HS.TARDE&nbsp; 13:00 HS. &nbsp;A&nbsp;&nbsp;17:10&nbsp;HS.&nbsp;&nbsp; (Cada carrera tiene sus variantes en los horarios, es una franja horaria estimada) Pr\u00e1cticas en contra turno Dise\u00f1o Curricular &#8211; AQU\u00cd&nbsp; Horarios de las Carreras &#8211; AQU\u00cd Grupo de Facebook &#8211; AQU\u00cd Correlativas &#8211; AQU\u00cd&nbsp; Jefe de \u00e1rea: Vilma Madies Preceptora: Isabel Candelo<\/p>\n","protected":false},"author":39,"featured_media":0,"parent":0,"menu_order":0,"comment_status":"closed","ping_status":"closed","template":"","meta":[],"acf":[],"_links":{"self":[{"href":"https:\/\/isfd3-bue.infd.edu.ar\/sitio\/wp-json\/wp\/v2\/pages\/1229"}],"collection":[{"href":"https:\/\/isfd3-bue.infd.edu.ar\/sitio\/wp-json\/wp\/v2\/pages"}],"about":[{"href":"https:\/\/isfd3-bue.infd.edu.ar\/sitio\/wp-json\/wp\/v2\/types\/page"}],"author":[{"embeddable":true,"href":"https:\/\/isfd3-bue.infd.edu.ar\/sitio\/wp-json\/wp\/v2\/users\/39"}],"replies":[{"embeddable":true,"href":"https:\/\/isfd3-bue.infd.edu.ar\/sitio\/wp-json\/wp\/v2\/comments?post=1229"}],"version-history":[{"count":28,"href":"https:\/\/isfd3-bue.infd.edu.ar\/sitio\/wp-json\/wp\/v2\/pages\/1229\/revisions"}],"predecessor-version":[{"id":8636,"href":"https:\/\/isfd3-bue.infd.edu.ar\/sitio\/wp-json\/wp\/v2\/pages\/1229\/revisions\/8636"}],"wp:attachment":[{"href":"https:\/\/isfd3-bue.infd.edu.ar\/sitio\/wp-json\/wp\/v2\/media?parent=1229"}],"curies":[{"name":"wp","href":"https:\/\/api.w.org\/{rel}","templated":true}]}}