{"id":1239,"date":"2018-07-02T19:25:03","date_gmt":"2018-07-02T22:25:03","guid":{"rendered":"https:\/\/isfd3-bue.infd.edu.ar\/sitio\/profesorado-de-educacion-primaria\/"},"modified":"2026-04-08T10:48:42","modified_gmt":"2026-04-08T13:48:42","slug":"profesorado-de-educacion-primaria","status":"publish","type":"page","link":"https:\/\/isfd3-bue.infd.edu.ar\/sitio\/profesorado-de-educacion-primaria\/","title":{"rendered":""},"content":{"rendered":"\n<figure class=\"wp-block-image size-large\"><img decoding=\"async\" loading=\"lazy\" width=\"1900\" height=\"1069\" src=\"https:\/\/isfd3-bue.infd.edu.ar\/sitio\/wp-content\/uploads\/2026\/04\/cartelera-1-1900x1069.jpg\" alt=\"\" class=\"wp-image-8637\" srcset=\"https:\/\/isfd3-bue.infd.edu.ar\/sitio\/wp-content\/uploads\/2026\/04\/cartelera-1-1900x1069.jpg 1900w, https:\/\/isfd3-bue.infd.edu.ar\/sitio\/wp-content\/uploads\/2026\/04\/cartelera-1-1000x563.jpg 1000w, https:\/\/isfd3-bue.infd.edu.ar\/sitio\/wp-content\/uploads\/2026\/04\/cartelera-1-768x432.jpg 768w, https:\/\/isfd3-bue.infd.edu.ar\/sitio\/wp-content\/uploads\/2026\/04\/cartelera-1-1536x864.jpg 1536w, https:\/\/isfd3-bue.infd.edu.ar\/sitio\/wp-content\/uploads\/2026\/04\/cartelera-1.jpg 1920w\" sizes=\"(max-width: 1900px) 100vw, 1900px\" \/><\/figure>\n\n\n<div id=\"tituloItem\" class=\"blockTituloItem\">\n<div class=\"tituloIzq\"><span style=\"color: #ff6600; font-size: 16px; font-weight: bold;\">Turnos de la cursada:&nbsp;<\/span><\/div>\n<div>\n<h6><span style=\"color: #ff6600;\">MA\u00d1ANA&nbsp; &nbsp; &nbsp; &nbsp; &nbsp; &nbsp; 07:30 HS.&nbsp; A &nbsp;12:00 HS.&nbsp;<\/span><br><span style=\"color: #ff6600;\">VESPERTINO &nbsp;&nbsp;&nbsp; 17:30 HS. &nbsp;A &nbsp;21:40 HS. &nbsp;<\/span><\/h6>\n<p><span style=\"color: #ff6600;\">(<strong>Cada carrera tiene sus variantes en los horarios, es una franja horaria estimada)<\/strong><\/span><\/p>\n<p><span style=\"color: #ff6600;\"><strong>Pr\u00e1cticas a contraturno<\/strong><\/span><\/p>\n<\/div>\n<p><span style=\"color: #ff6600;\"><a style=\"color: #ff6600;\" href=\"https:\/\/drive.google.com\/file\/d\/1bphREZK9mZ93Tc_6jq6Q6VxswoTOTy4n\/view\">Dise\u00f1<\/a><\/span><span style=\"color: #ff6600;\"><a style=\"color: #ff6600;\" href=\"https:\/\/drive.google.com\/file\/d\/1bphREZK9mZ93Tc_6jq6Q6VxswoTOTy4n\/view\">o<\/a><\/span><span style=\"color: #ff6600;\"><a style=\"color: #ff6600;\" href=\"https:\/\/drive.google.com\/file\/d\/1bphREZK9mZ93Tc_6jq6Q6VxswoTOTy4n\/view\"> Curricular<\/a><\/span><span style=\"color: #ff6600;\"><a style=\"color: #ff6600;\" href=\"https:\/\/drive.google.com\/file\/d\/1bphREZK9mZ93Tc_6jq6Q6VxswoTOTy4n\/view\"> &#8211;<\/a><\/span><span style=\"color: #ff6600;\"> <a style=\"color: #ff6600;\" href=\"https:\/\/isfd3-bue.infd.edu.ar\/sitio\/wp-content\/uploads\/2026\/03\/Disen\u0303o-Curricular-Profesorado-de-Educacio\u0301n-Primaria.pdf\">AQU\u00cd<\/a><\/span><\/p>\n<div id=\"contenido_sitio\" class=\"tiny_personalizado\">\n<p><a href=\"https:\/\/docs.google.com\/document\/d\/148qOwr-zBlucCO4yFTKs2cicDt-XPlJiox-BUTwCoAg\/edit\"><span style=\"color: #ff6600;\">Horarios de las Carreras &#8211; AQU\u00cd<\/span><\/a><\/p>\n<p><span style=\"color: #ff6600;\"><a style=\"color: #ff6600;\" href=\"https:\/\/www.facebook.com\/groups\/519175155435939\/\">Grupo de Facebook<\/a> &#8211; AQU\u00cd<\/span><\/p>\n<p><span style=\"font-size: 14pt; color: #ff6600;\">Correlativas &#8211; <a style=\"color: #ff6600;\" href=\"https:\/\/isfd3-bue.infd.edu.ar\/sitio\/wp-content\/uploads\/2026\/03\/CORRELATIVIDADES-EDUCACION-PRIMARIA.pdf\">AQU\u00cd<\/a><\/span><\/p>\n<p><span style=\"color: #ff6600;\">Jefe de \u00e1rea: Gabriela Yelicich<\/span><\/p>\n<p><span style=\"color: #ff6600;\">Preceptora:&nbsp; Turno Tarde, Valeria Belleggia<\/span><\/p>\n<p>&nbsp; &nbsp; &nbsp; &nbsp; &nbsp; &nbsp; &nbsp; &nbsp; &nbsp; &nbsp; &nbsp; &nbsp;<span style=\"color: #ff6600;\">Turno Vespertino, Sandra Chaparro<\/span><\/p>\n<\/div>\n<\/div>","protected":false},"excerpt":{"rendered":"<p>Turnos de la cursada:&nbsp; MA\u00d1ANA&nbsp; &nbsp; &nbsp; &nbsp; &nbsp; &nbsp; 07:30 HS.&nbsp; A &nbsp;12:00 HS.&nbsp;VESPERTINO &nbsp;&nbsp;&nbsp; 17:30 HS. &nbsp;A &nbsp;21:40 HS. &nbsp; (Cada carrera tiene sus variantes en los horarios, es una franja horaria estimada) Pr\u00e1cticas a contraturno Dise\u00f1o Curricular &#8211; AQU\u00cd Horarios de las Carreras &#8211; AQU\u00cd Grupo de Facebook &#8211; AQU\u00cd Correlativas &#8211; &#8230; <a title=\"\" class=\"read-more\" href=\"https:\/\/isfd3-bue.infd.edu.ar\/sitio\/profesorado-de-educacion-primaria\/\" aria-label=\"More on \">[+]<\/a><\/p>\n","protected":false},"author":39,"featured_media":0,"parent":0,"menu_order":0,"comment_status":"closed","ping_status":"closed","template":"","meta":[],"acf":[],"_links":{"self":[{"href":"https:\/\/isfd3-bue.infd.edu.ar\/sitio\/wp-json\/wp\/v2\/pages\/1239"}],"collection":[{"href":"https:\/\/isfd3-bue.infd.edu.ar\/sitio\/wp-json\/wp\/v2\/pages"}],"about":[{"href":"https:\/\/isfd3-bue.infd.edu.ar\/sitio\/wp-json\/wp\/v2\/types\/page"}],"author":[{"embeddable":true,"href":"https:\/\/isfd3-bue.infd.edu.ar\/sitio\/wp-json\/wp\/v2\/users\/39"}],"replies":[{"embeddable":true,"href":"https:\/\/isfd3-bue.infd.edu.ar\/sitio\/wp-json\/wp\/v2\/comments?post=1239"}],"version-history":[{"count":21,"href":"https:\/\/isfd3-bue.infd.edu.ar\/sitio\/wp-json\/wp\/v2\/pages\/1239\/revisions"}],"predecessor-version":[{"id":8638,"href":"https:\/\/isfd3-bue.infd.edu.ar\/sitio\/wp-json\/wp\/v2\/pages\/1239\/revisions\/8638"}],"wp:attachment":[{"href":"https:\/\/isfd3-bue.infd.edu.ar\/sitio\/wp-json\/wp\/v2\/media?parent=1239"}],"curies":[{"name":"wp","href":"https:\/\/api.w.org\/{rel}","templated":true}]}}