{"id":1241,"date":"2018-07-02T19:25:04","date_gmt":"2018-07-02T22:25:04","guid":{"rendered":"https:\/\/isfd3-bue.infd.edu.ar\/sitio\/profesorado-de-ingles\/"},"modified":"2026-03-13T16:31:39","modified_gmt":"2026-03-13T19:31:39","slug":"profesorado-de-ingles","status":"publish","type":"page","link":"https:\/\/isfd3-bue.infd.edu.ar\/sitio\/profesorado-de-ingles\/","title":{"rendered":""},"content":{"rendered":"\n<figure class=\"wp-block-image size-large\"><img decoding=\"async\" loading=\"lazy\" width=\"1900\" height=\"1069\" src=\"https:\/\/isfd3-bue.infd.edu.ar\/sitio\/wp-content\/uploads\/2026\/03\/Profesorado-de-Especial-INTELECTUAL-3-1900x1069.jpg\" alt=\"\" class=\"wp-image-8387\" srcset=\"https:\/\/isfd3-bue.infd.edu.ar\/sitio\/wp-content\/uploads\/2026\/03\/Profesorado-de-Especial-INTELECTUAL-3-1900x1069.jpg 1900w, https:\/\/isfd3-bue.infd.edu.ar\/sitio\/wp-content\/uploads\/2026\/03\/Profesorado-de-Especial-INTELECTUAL-3-1000x563.jpg 1000w, https:\/\/isfd3-bue.infd.edu.ar\/sitio\/wp-content\/uploads\/2026\/03\/Profesorado-de-Especial-INTELECTUAL-3-768x432.jpg 768w, https:\/\/isfd3-bue.infd.edu.ar\/sitio\/wp-content\/uploads\/2026\/03\/Profesorado-de-Especial-INTELECTUAL-3-1536x864.jpg 1536w, https:\/\/isfd3-bue.infd.edu.ar\/sitio\/wp-content\/uploads\/2026\/03\/Profesorado-de-Especial-INTELECTUAL-3.jpg 1920w\" sizes=\"(max-width: 1900px) 100vw, 1900px\" \/><\/figure>\n\n\n<div id=\"tituloItem\" class=\"blockTituloItem\">\n<h6 class=\"tituloIzq\"><span style=\"color: #008080;\">Turno de la cursada:\u00a0<\/span><\/h6>\n<h6 class=\"tituloIzq\"><span style=\"color: #008080;\">MA\u00d1ANA\u00a007:30 HS.\u00a0 A \u00a012:00 HS.<\/span><\/h6>\n<p><span style=\"color: #008080;\">(<strong>Cada carrera tiene sus variantes en los horarios, es una franja horaria estimada)<\/strong><\/span><\/p>\n<div id=\"contenido_sitio\" class=\"tiny_personalizado\">\n<h6><span style=\"color: #008080;\">Pr\u00e1cticas en contra turno<\/span><\/h6>\n<p><span style=\"color: #008080;\">Dise\u00f1o Curricular &#8211; <a style=\"color: #008080;\" href=\"https:\/\/isfd3-bue.infd.edu.ar\/sitio\/wp-content\/uploads\/2021\/02\/dise%C3%B1o-nuevo-prof-ingles-res.-1860-17.pdf\">AQU\u00cd<\/a><\/span><\/p>\n<\/div>\n<\/div>\n<div id=\"tituloItem\" class=\"blockTituloItem\">\n<div id=\"contenido_sitio\" class=\"tiny_personalizado\">\n<p><a href=\"https:\/\/docs.google.com\/document\/d\/148qOwr-zBlucCO4yFTKs2cicDt-XPlJiox-BUTwCoAg\/edit\"><span style=\"color: #008080;\">Horarios de las Carreras &#8211; AQU\u00cd<\/span><\/a><\/p>\n<p><a href=\"https:\/\/www.facebook.com\/groups\/estudiantes.ingles.avanza\/\"><span style=\"color: #008080;\">Grupo de Facebook &#8211; AQU\u00cd<\/span><\/a><\/p>\n<p><span style=\"color: #008080;\">Correlativas &#8211; <a href=\"https:\/\/isfd3-bue.infd.edu.ar\/sitio\/wp-content\/uploads\/2026\/03\/CORRELATIVIDADES-INGLES.pdf\">AQU\u00cd<\/a><\/span><\/p>\n<p><span style=\"color: #008080;\">Jefe de \u00e1rea: Paola Mozzoni\u00a0<\/span><\/p>\n<p><span style=\"color: #008080;\">Preceptora: Fabiana Lavergne<\/span><\/p>\n<p><strong><span style=\"color: #008080;\">ACLARACI\u00d3N IMPORTANTE:<\/span><\/strong><\/p>\n<p><span style=\"color: #008080;\">No se toma examen de ingreso, e<\/span><span style=\"color: #008080;\">sto significa que los estudiantes ingresar\u00e1n directamente a 1\u00b0 a\u00f1o. <\/span><span style=\"color: #008080;\">Durante el ciclo lectivo se trabajar\u00e1 en conjunto con las profesoras, en pareja pedag\u00f3gica, organizando actividades de acompa\u00f1amiento y evaluaci\u00f3n<\/span><\/p>\n<\/div>\n<\/div>","protected":false},"excerpt":{"rendered":"<p>Turno de la cursada:\u00a0 MA\u00d1ANA\u00a007:30 HS.\u00a0 A \u00a012:00 HS. (Cada carrera tiene sus variantes en los horarios, es una franja horaria estimada) Pr\u00e1cticas en contra turno Dise\u00f1o Curricular &#8211; AQU\u00cd Horarios de las Carreras &#8211; AQU\u00cd Grupo de Facebook &#8211; AQU\u00cd Correlativas &#8211; AQU\u00cd Jefe de \u00e1rea: Paola Mozzoni\u00a0 Preceptora: Fabiana Lavergne ACLARACI\u00d3N IMPORTANTE: No &#8230; <a title=\"\" class=\"read-more\" href=\"https:\/\/isfd3-bue.infd.edu.ar\/sitio\/profesorado-de-ingles\/\" aria-label=\"More on \">[+]<\/a><\/p>\n","protected":false},"author":39,"featured_media":0,"parent":0,"menu_order":0,"comment_status":"closed","ping_status":"closed","template":"","meta":[],"acf":[],"_links":{"self":[{"href":"https:\/\/isfd3-bue.infd.edu.ar\/sitio\/wp-json\/wp\/v2\/pages\/1241"}],"collection":[{"href":"https:\/\/isfd3-bue.infd.edu.ar\/sitio\/wp-json\/wp\/v2\/pages"}],"about":[{"href":"https:\/\/isfd3-bue.infd.edu.ar\/sitio\/wp-json\/wp\/v2\/types\/page"}],"author":[{"embeddable":true,"href":"https:\/\/isfd3-bue.infd.edu.ar\/sitio\/wp-json\/wp\/v2\/users\/39"}],"replies":[{"embeddable":true,"href":"https:\/\/isfd3-bue.infd.edu.ar\/sitio\/wp-json\/wp\/v2\/comments?post=1241"}],"version-history":[{"count":90,"href":"https:\/\/isfd3-bue.infd.edu.ar\/sitio\/wp-json\/wp\/v2\/pages\/1241\/revisions"}],"predecessor-version":[{"id":8597,"href":"https:\/\/isfd3-bue.infd.edu.ar\/sitio\/wp-json\/wp\/v2\/pages\/1241\/revisions\/8597"}],"wp:attachment":[{"href":"https:\/\/isfd3-bue.infd.edu.ar\/sitio\/wp-json\/wp\/v2\/media?parent=1241"}],"curies":[{"name":"wp","href":"https:\/\/api.w.org\/{rel}","templated":true}]}}