{"id":1243,"date":"2018-07-02T19:25:04","date_gmt":"2018-07-02T22:25:04","guid":{"rendered":"https:\/\/isfd3-bue.infd.edu.ar\/sitio\/profesorado-de-educacion-especial\/"},"modified":"2026-03-13T16:24:51","modified_gmt":"2026-03-13T19:24:51","slug":"profesorado-de-educacion-especial","status":"publish","type":"page","link":"https:\/\/isfd3-bue.infd.edu.ar\/sitio\/profesorado-de-educacion-especial\/","title":{"rendered":""},"content":{"rendered":"\n<figure class=\"wp-block-image size-large\"><img decoding=\"async\" loading=\"lazy\" width=\"1900\" height=\"1069\" src=\"https:\/\/isfd3-bue.infd.edu.ar\/sitio\/wp-content\/uploads\/2026\/03\/Profesorado-de-Especial-INTELECTUAL-2-4-1900x1069.jpg\" alt=\"\" class=\"wp-image-8390\" srcset=\"https:\/\/isfd3-bue.infd.edu.ar\/sitio\/wp-content\/uploads\/2026\/03\/Profesorado-de-Especial-INTELECTUAL-2-4-1900x1069.jpg 1900w, https:\/\/isfd3-bue.infd.edu.ar\/sitio\/wp-content\/uploads\/2026\/03\/Profesorado-de-Especial-INTELECTUAL-2-4-1000x563.jpg 1000w, https:\/\/isfd3-bue.infd.edu.ar\/sitio\/wp-content\/uploads\/2026\/03\/Profesorado-de-Especial-INTELECTUAL-2-4-768x432.jpg 768w, https:\/\/isfd3-bue.infd.edu.ar\/sitio\/wp-content\/uploads\/2026\/03\/Profesorado-de-Especial-INTELECTUAL-2-4-1536x864.jpg 1536w, https:\/\/isfd3-bue.infd.edu.ar\/sitio\/wp-content\/uploads\/2026\/03\/Profesorado-de-Especial-INTELECTUAL-2-4.jpg 1920w\" sizes=\"(max-width: 1900px) 100vw, 1900px\" \/><\/figure>\n\n\n<h6><span style=\"color: #993300;\">Turnos de la cursada<\/span><span style=\"color: #993300;\">: <\/span><\/h6>\n<h6><span style=\"color: #993300;\">MA\u00d1ANA<\/span><span style=\"color: #993300;\">\u00a007:<\/span><span style=\"color: #993300;\">30<\/span><span style=\"color: #993300;\"> HS.<\/span><span style=\"color: #993300;\"> A<\/span><span style=\"color: #993300;\"> \u00a012:00<\/span><span style=\"color: #993300;\"> HS.<\/span><br \/><span style=\"color: #993300;\">TARDE <\/span><span style=\"color: #993300;\">13:00 HS. \u00a0A <\/span><span style=\"color: #993300;\">\u00a017:10<\/span><span style=\"color: #993300;\"> HS.\u00a0 \u00a0 \u00a0 \u00a0 \u00a0<\/span><\/h6>\n<p><span style=\"color: #993300;\">(<strong>Cada carrera tiene sus variantes en los horarios, es una franja horaria estimada)<\/strong><\/span><\/p>\n<h6><span style=\"color: #993300;\">Pr\u00e1cticas en contra turno<\/span><\/h6>\n<p><span style=\"color: #993300;\"><span style=\"color: #993300;\">Dis<\/span><span style=\"color: #993300;\">e\u00f1o <\/span>curricular\u00a0&#8211;\u00a0<a style=\"color: #993300;\" href=\"https:\/\/isfd3-bue.infd.edu.ar\/sitio\/wp-content\/uploads\/2021\/08\/Diseno-Curricular-Educacion-Especial-Resolucion-1009.pdf\">AQU\u00cd<\/a><\/span><\/p>\n<p><span style=\"color: #993300;\">Horarios de las Carreras &#8211;<\/span> <a href=\"https:\/\/docs.google.com\/document\/d\/148qOwr-zBlucCO4yFTKs2cicDt-XPlJiox-BUTwCoAg\/edit\"><span style=\"color: #993300;\">AQU\u00cd<\/span><\/a><\/p>\n<p><a href=\"https:\/\/www.facebook.com\/groups\/435496307302388\/\"><span style=\"color: #993300;\">Grupo de Facebook &#8211; AQU\u00cd<\/span><\/a><\/p>\n<p><span style=\"color: #993300;\">Correlativas &#8211; <a style=\"color: #993300;\" href=\"https:\/\/isfd3-bue.infd.edu.ar\/sitio\/wp-content\/uploads\/2026\/03\/CORRELATIVIDADES-EDUCACION-ESPECIAL.pdf\">AQU\u00cd<\/a><\/span><\/p>\n<p><span style=\"color: #993300;\">Jefe de \u00e1rea: Natalia Castelli Bartolini<\/span><\/p>\n<p><span style=\"color: #993300;\">Preceptora: Micaela Zamataro<\/span><\/p>\n\n\n<p><\/p>\n","protected":false},"excerpt":{"rendered":"<p>Turnos de la cursada: MA\u00d1ANA\u00a007:30 HS. A \u00a012:00 HS.TARDE 13:00 HS. \u00a0A \u00a017:10 HS.\u00a0 \u00a0 \u00a0 \u00a0 \u00a0 (Cada carrera tiene sus variantes en los horarios, es una franja horaria estimada) Pr\u00e1cticas en contra turno Dise\u00f1o curricular\u00a0&#8211;\u00a0AQU\u00cd Horarios de las Carreras &#8211; AQU\u00cd Grupo de Facebook &#8211; AQU\u00cd Correlativas &#8211; AQU\u00cd Jefe de \u00e1rea: Natalia &#8230; <a title=\"\" class=\"read-more\" href=\"https:\/\/isfd3-bue.infd.edu.ar\/sitio\/profesorado-de-educacion-especial\/\" aria-label=\"More on \">[+]<\/a><\/p>\n","protected":false},"author":39,"featured_media":0,"parent":0,"menu_order":0,"comment_status":"closed","ping_status":"closed","template":"","meta":[],"acf":[],"_links":{"self":[{"href":"https:\/\/isfd3-bue.infd.edu.ar\/sitio\/wp-json\/wp\/v2\/pages\/1243"}],"collection":[{"href":"https:\/\/isfd3-bue.infd.edu.ar\/sitio\/wp-json\/wp\/v2\/pages"}],"about":[{"href":"https:\/\/isfd3-bue.infd.edu.ar\/sitio\/wp-json\/wp\/v2\/types\/page"}],"author":[{"embeddable":true,"href":"https:\/\/isfd3-bue.infd.edu.ar\/sitio\/wp-json\/wp\/v2\/users\/39"}],"replies":[{"embeddable":true,"href":"https:\/\/isfd3-bue.infd.edu.ar\/sitio\/wp-json\/wp\/v2\/comments?post=1243"}],"version-history":[{"count":22,"href":"https:\/\/isfd3-bue.infd.edu.ar\/sitio\/wp-json\/wp\/v2\/pages\/1243\/revisions"}],"predecessor-version":[{"id":8595,"href":"https:\/\/isfd3-bue.infd.edu.ar\/sitio\/wp-json\/wp\/v2\/pages\/1243\/revisions\/8595"}],"wp:attachment":[{"href":"https:\/\/isfd3-bue.infd.edu.ar\/sitio\/wp-json\/wp\/v2\/media?parent=1243"}],"curies":[{"name":"wp","href":"https:\/\/api.w.org\/{rel}","templated":true}]}}