{"id":1246,"date":"2018-07-02T19:25:05","date_gmt":"2018-07-02T22:25:05","guid":{"rendered":"https:\/\/isfd3-bue.infd.edu.ar\/sitio\/profesorado-de-educacion-secundaria-en-biologia\/"},"modified":"2026-04-08T10:54:09","modified_gmt":"2026-04-08T13:54:09","slug":"profesorado-de-educacion-secundaria-en-biologia","status":"publish","type":"page","link":"https:\/\/isfd3-bue.infd.edu.ar\/sitio\/profesorado-de-educacion-secundaria-en-biologia\/","title":{"rendered":""},"content":{"rendered":"\n<figure class=\"wp-block-image size-large\"><img decoding=\"async\" loading=\"lazy\" width=\"1900\" height=\"1069\" src=\"https:\/\/isfd3-bue.infd.edu.ar\/sitio\/wp-content\/uploads\/2026\/04\/cartelera-3-1900x1069.jpg\" alt=\"\" class=\"wp-image-8641\" srcset=\"https:\/\/isfd3-bue.infd.edu.ar\/sitio\/wp-content\/uploads\/2026\/04\/cartelera-3-1900x1069.jpg 1900w, https:\/\/isfd3-bue.infd.edu.ar\/sitio\/wp-content\/uploads\/2026\/04\/cartelera-3-1000x563.jpg 1000w, https:\/\/isfd3-bue.infd.edu.ar\/sitio\/wp-content\/uploads\/2026\/04\/cartelera-3-768x432.jpg 768w, https:\/\/isfd3-bue.infd.edu.ar\/sitio\/wp-content\/uploads\/2026\/04\/cartelera-3-1536x864.jpg 1536w, https:\/\/isfd3-bue.infd.edu.ar\/sitio\/wp-content\/uploads\/2026\/04\/cartelera-3.jpg 1920w\" sizes=\"(max-width: 1900px) 100vw, 1900px\" \/><\/figure>\n\n\n<h6><span style=\"color: #008000;\"><strong>Turno de cursada:&nbsp;<\/strong><\/span><\/h6>\n<h6><span style=\"color: #008000;\"><strong>VESPERTINO &nbsp;&nbsp;&nbsp; 17:30 HS. &nbsp;A &nbsp;21:40 HS. &nbsp;<\/strong><\/span><\/h6>\n<p><span style=\"color: #008000;\"><strong> (Cada carrera tiene sus variantes en los horarios, es una franja horaria estimada)<\/strong><\/span><\/p>\n<p><strong><span style=\"color: #008000;\">Pr\u00e1cticas en contra turno<\/span><\/strong><\/p>\n<p><span style=\"color: #008000;\">Dise\u00f1o Curricular \u00abPlan Anterior\u00bb- <a style=\"color: #008000;\" href=\"https:\/\/isfd3-bue.infd.edu.ar\/sitio\/wp-content\/uploads\/2026\/03\/DC-Superior-Biologia.pdf\">AQU\u00cd&nbsp; <\/a><\/span><\/p>\n<p><span style=\"color: #008000;\">(RES 13259-99 Plan Anterior &#8211; <a style=\"color: #008000;\" href=\"https:\/\/isfd3-bue.infd.edu.ar\/sitio\/wp-content\/uploads\/2026\/03\/Diseno-Curricular-Prof.-BIOLOGIA-RES-13259-99-Plan-Anterior.pdf\">AQU\u00cd)<\/a><\/span><\/p>\n<p><span style=\"color: #008000;\">Dise\u00f1o Curricular \u00abPlan Nuevo\u00bb- <a style=\"color: #008000;\" href=\"https:\/\/abc.gob.ar\/secretarias\/sites\/default\/files\/2023-02\/IF-2022-40270491-GDEBA-SSEDGCYE%20Y%20BIOLOG%C3%8DA_compressed.pdf\">AQU\u00cd<\/a><\/span><\/p>\n<p><span style=\"color: #008000;\">Horarios de las Carreras &#8211; <a style=\"color: #008000;\" href=\"https:\/\/docs.google.com\/document\/d\/148qOwr-zBlucCO4yFTKs2cicDt-XPlJiox-BUTwCoAg\/edit\">AQU\u00cd<\/a><\/span><\/p>\n<p><span style=\"color: #008000;\">Grupo de Facebook &#8211; <a style=\"color: #008000;\" href=\"https:\/\/www.facebook.com\/groups\/2476250119123609\/\">AQU\u00cd<\/a><\/span><\/p>\n<p><span style=\"font-size: 14pt; color: #008000;\"><a style=\"color: #008000;\" title=\"CORRELATIVAS Biolog\u00eda\" href=\"upload\/CORRELATIVAS_BIOLOGIA_1.pdf\" target=\"_blank\" rel=\"noopener\">C<\/a><a style=\"color: #008000;\" title=\"CORRELATIVAS Biolog\u00eda\" href=\"upload\/CORRELATIVAS_BIOLOGIA_1.pdf\" target=\"_blank\" rel=\"noopener\">orrelativas &#8211;<\/a> <a style=\"color: #008000;\" href=\"https:\/\/isfd3-bue.infd.edu.ar\/sitio\/wp-content\/uploads\/2026\/03\/biologia-correlativas.docx\">AQU\u00cd<\/a><\/span><\/p>\n<p><span style=\"color: #008000;\">Jefe de \u00e1rea: Florencia Freire<\/span>&nbsp;<\/p>\n<p><span style=\"color: #008000;\">Preceptora: Lara Rocha<\/span><\/p>\n\n\n<p><\/p>\n","protected":false},"excerpt":{"rendered":"<p>Turno de cursada:&nbsp; VESPERTINO &nbsp;&nbsp;&nbsp; 17:30 HS. &nbsp;A &nbsp;21:40 HS. &nbsp; (Cada carrera tiene sus variantes en los horarios, es una franja horaria estimada) Pr\u00e1cticas en contra turno Dise\u00f1o Curricular \u00abPlan Anterior\u00bb- AQU\u00cd&nbsp; (RES 13259-99 Plan Anterior &#8211; AQU\u00cd) Dise\u00f1o Curricular \u00abPlan Nuevo\u00bb- AQU\u00cd Horarios de las Carreras &#8211; AQU\u00cd Grupo de Facebook &#8211; AQU\u00cd &#8230; <a title=\"\" class=\"read-more\" href=\"https:\/\/isfd3-bue.infd.edu.ar\/sitio\/profesorado-de-educacion-secundaria-en-biologia\/\" aria-label=\"More on \">[+]<\/a><\/p>\n","protected":false},"author":39,"featured_media":0,"parent":0,"menu_order":0,"comment_status":"closed","ping_status":"closed","template":"","meta":[],"acf":[],"_links":{"self":[{"href":"https:\/\/isfd3-bue.infd.edu.ar\/sitio\/wp-json\/wp\/v2\/pages\/1246"}],"collection":[{"href":"https:\/\/isfd3-bue.infd.edu.ar\/sitio\/wp-json\/wp\/v2\/pages"}],"about":[{"href":"https:\/\/isfd3-bue.infd.edu.ar\/sitio\/wp-json\/wp\/v2\/types\/page"}],"author":[{"embeddable":true,"href":"https:\/\/isfd3-bue.infd.edu.ar\/sitio\/wp-json\/wp\/v2\/users\/39"}],"replies":[{"embeddable":true,"href":"https:\/\/isfd3-bue.infd.edu.ar\/sitio\/wp-json\/wp\/v2\/comments?post=1246"}],"version-history":[{"count":24,"href":"https:\/\/isfd3-bue.infd.edu.ar\/sitio\/wp-json\/wp\/v2\/pages\/1246\/revisions"}],"predecessor-version":[{"id":8642,"href":"https:\/\/isfd3-bue.infd.edu.ar\/sitio\/wp-json\/wp\/v2\/pages\/1246\/revisions\/8642"}],"wp:attachment":[{"href":"https:\/\/isfd3-bue.infd.edu.ar\/sitio\/wp-json\/wp\/v2\/media?parent=1246"}],"curies":[{"name":"wp","href":"https:\/\/api.w.org\/{rel}","templated":true}]}}