{"id":1248,"date":"2018-07-02T19:25:06","date_gmt":"2018-07-02T22:25:06","guid":{"rendered":"https:\/\/isfd3-bue.infd.edu.ar\/sitio\/profesorado-de-educacion-secundaria-en-historia\/"},"modified":"2026-03-13T10:08:03","modified_gmt":"2026-03-13T13:08:03","slug":"profesorado-de-educacion-secundaria-en-historia","status":"publish","type":"page","link":"https:\/\/isfd3-bue.infd.edu.ar\/sitio\/profesorado-de-educacion-secundaria-en-historia\/","title":{"rendered":""},"content":{"rendered":"\n<figure class=\"wp-block-image size-large\"><img decoding=\"async\" loading=\"lazy\" width=\"1900\" height=\"1069\" src=\"https:\/\/isfd3-bue.infd.edu.ar\/sitio\/wp-content\/uploads\/2026\/03\/historia-1-1900x1069.jpg\" alt=\"\" class=\"wp-image-8382\" srcset=\"https:\/\/isfd3-bue.infd.edu.ar\/sitio\/wp-content\/uploads\/2026\/03\/historia-1-1900x1069.jpg 1900w, https:\/\/isfd3-bue.infd.edu.ar\/sitio\/wp-content\/uploads\/2026\/03\/historia-1-1000x563.jpg 1000w, https:\/\/isfd3-bue.infd.edu.ar\/sitio\/wp-content\/uploads\/2026\/03\/historia-1-768x432.jpg 768w, https:\/\/isfd3-bue.infd.edu.ar\/sitio\/wp-content\/uploads\/2026\/03\/historia-1-1536x864.jpg 1536w, https:\/\/isfd3-bue.infd.edu.ar\/sitio\/wp-content\/uploads\/2026\/03\/historia-1.jpg 1920w\" sizes=\"(max-width: 1900px) 100vw, 1900px\" \/><\/figure>\n\n\n<h6><span style=\"color: #2c3582;\">Turno de la cursada:\u00a0<\/span><\/h6>\n<h6><span style=\"color: #2c3582;\">VESPERTINO \u00a0\u00a0\u00a0 17:30 HS. \u00a0A \u00a021:40 HS.<\/span>\u00a0\u00a0<\/h6>\n<p><span style=\"color: #000080;\"><strong> (Cada carrera tiene sus variantes en los horarios, es una franja horaria estimada)<\/strong><\/span><\/p>\n<p><strong><span style=\"color: #000080;\">Pr\u00e1cticas en contra turno<\/span><\/strong><\/p>\n<p><span style=\"color: #000080;\">Dise\u00f1o Curricular <strong>&#8211;\u00a0<\/strong><a style=\"color: #000080;\" href=\"https:\/\/208e90de-d621-4d64-8643-6147fa986eef.filesusr.com\/ugd\/9f481a_473e2626261647059d2a2b891ad4eb12.pdf\">AQU\u00cd<\/a><\/span><\/p>\n<p><a href=\"https:\/\/docs.google.com\/document\/d\/148qOwr-zBlucCO4yFTKs2cicDt-XPlJiox-BUTwCoAg\/edit\"><span style=\"color: #000080;\">Horarios de las Carreras<\/span>\u00a0<span style=\"color: #000080;\">&#8211;\u00a0AQU\u00cd<\/span><\/a><\/p>\n<p><a href=\"https:\/\/www.facebook.com\/groups\/551908451563261\/\"><span style=\"color: #000080;\">Grupo de Facebook<\/span>\u00a0<span style=\"color: #000080;\">&#8211;<\/span> <span style=\"color: #000080;\">AQU\u00cd<\/span><\/a><\/p>\n<h5><span style=\"text-decoration: underline; color: #0000ff;\"><a style=\"color: #0000ff; text-decoration: underline;\" href=\"https:\/\/avanzahistoria.wixsite.com\/profesorado\">Sitio oficial del Profesorado de Historia &#8211; AQU\u00cd<\/a><\/span><\/h5>\n<p><span style=\"color: #333399;\">Correlativas<\/span> &#8211; <span style=\"color: #333399;\"><a style=\"color: #333399;\" href=\"https:\/\/isfd3-bue.infd.edu.ar\/sitio\/wp-content\/uploads\/2026\/03\/correlativas.docx\">AQU\u00cd<\/a><\/span><\/p>\n<p><span style=\"color: #000080;\">Jefe de \u00e1rea: Mariano Santos La Rosa<\/span><\/p>\n<p><span style=\"color: #000080;\">Preceptora: Micaela Zamataro<\/span><\/p>\n<p>\u00a0<\/p>","protected":false},"excerpt":{"rendered":"<p>Turno de la cursada:\u00a0 VESPERTINO \u00a0\u00a0\u00a0 17:30 HS. \u00a0A \u00a021:40 HS.\u00a0\u00a0 (Cada carrera tiene sus variantes en los horarios, es una franja horaria estimada) Pr\u00e1cticas en contra turno Dise\u00f1o Curricular &#8211;\u00a0AQU\u00cd Horarios de las Carreras\u00a0&#8211;\u00a0AQU\u00cd Grupo de Facebook\u00a0&#8211; AQU\u00cd Sitio oficial del Profesorado de Historia &#8211; AQU\u00cd Correlativas &#8211; AQU\u00cd Jefe de \u00e1rea: Mariano Santos &#8230; <a title=\"\" class=\"read-more\" href=\"https:\/\/isfd3-bue.infd.edu.ar\/sitio\/profesorado-de-educacion-secundaria-en-historia\/\" aria-label=\"More on \">[+]<\/a><\/p>\n","protected":false},"author":39,"featured_media":0,"parent":0,"menu_order":0,"comment_status":"closed","ping_status":"closed","template":"","meta":[],"acf":[],"_links":{"self":[{"href":"https:\/\/isfd3-bue.infd.edu.ar\/sitio\/wp-json\/wp\/v2\/pages\/1248"}],"collection":[{"href":"https:\/\/isfd3-bue.infd.edu.ar\/sitio\/wp-json\/wp\/v2\/pages"}],"about":[{"href":"https:\/\/isfd3-bue.infd.edu.ar\/sitio\/wp-json\/wp\/v2\/types\/page"}],"author":[{"embeddable":true,"href":"https:\/\/isfd3-bue.infd.edu.ar\/sitio\/wp-json\/wp\/v2\/users\/39"}],"replies":[{"embeddable":true,"href":"https:\/\/isfd3-bue.infd.edu.ar\/sitio\/wp-json\/wp\/v2\/comments?post=1248"}],"version-history":[{"count":34,"href":"https:\/\/isfd3-bue.infd.edu.ar\/sitio\/wp-json\/wp\/v2\/pages\/1248\/revisions"}],"predecessor-version":[{"id":8576,"href":"https:\/\/isfd3-bue.infd.edu.ar\/sitio\/wp-json\/wp\/v2\/pages\/1248\/revisions\/8576"}],"wp:attachment":[{"href":"https:\/\/isfd3-bue.infd.edu.ar\/sitio\/wp-json\/wp\/v2\/media?parent=1248"}],"curies":[{"name":"wp","href":"https:\/\/api.w.org\/{rel}","templated":true}]}}