{"id":1250,"date":"2018-07-02T19:25:07","date_gmt":"2018-07-02T22:25:07","guid":{"rendered":"https:\/\/isfd3-bue.infd.edu.ar\/sitio\/profesorado-de-educacion-secundaria-en-matematica\/"},"modified":"2026-04-08T10:50:20","modified_gmt":"2026-04-08T13:50:20","slug":"profesorado-de-educacion-secundaria-en-matematica","status":"publish","type":"page","link":"https:\/\/isfd3-bue.infd.edu.ar\/sitio\/profesorado-de-educacion-secundaria-en-matematica\/","title":{"rendered":""},"content":{"rendered":"\n<figure class=\"wp-block-image size-large\"><img decoding=\"async\" loading=\"lazy\" width=\"1900\" height=\"1069\" src=\"https:\/\/isfd3-bue.infd.edu.ar\/sitio\/wp-content\/uploads\/2026\/04\/cartelera-2-1900x1069.jpg\" alt=\"\" class=\"wp-image-8639\" srcset=\"https:\/\/isfd3-bue.infd.edu.ar\/sitio\/wp-content\/uploads\/2026\/04\/cartelera-2-1900x1069.jpg 1900w, https:\/\/isfd3-bue.infd.edu.ar\/sitio\/wp-content\/uploads\/2026\/04\/cartelera-2-1000x563.jpg 1000w, https:\/\/isfd3-bue.infd.edu.ar\/sitio\/wp-content\/uploads\/2026\/04\/cartelera-2-768x432.jpg 768w, https:\/\/isfd3-bue.infd.edu.ar\/sitio\/wp-content\/uploads\/2026\/04\/cartelera-2-1536x864.jpg 1536w, https:\/\/isfd3-bue.infd.edu.ar\/sitio\/wp-content\/uploads\/2026\/04\/cartelera-2.jpg 1920w\" sizes=\"(max-width: 1900px) 100vw, 1900px\" \/><\/figure>\n\n\n<h6><span style=\"color: #ffcc00;\"><strong>Turno de cursada:&nbsp;<\/strong><\/span><br><span style=\"color: #ffcc00;\"><strong>VESPERTINO &nbsp;&nbsp;&nbsp; 17:30 HS. &nbsp;A &nbsp;21:40 HS. &nbsp;<\/strong><\/span><\/h6>\n<p><strong><span style=\"color: #ffcc00;\"> (Cada carrera tiene sus variantes en los horarios, es una franja horaria estimada)<\/span><\/strong><\/p>\n<p><span style=\"color: #ffcc00;\"><strong>Pr\u00e1cticas en contraturno<\/strong><\/span><\/p>\n<p><span style=\"color: #ffcc00;\"><span style=\"background-color: #ffffff; font-size: 10pt;\"><a style=\"color: #ffcc00;\" href=\"https:\/\/isfd3-bue.infd.edu.ar\/sitio\/wp-content\/uploads\/2019\/03\/DISE\u00d1O-CURRICULAR-DE-MATEMATICAS.pdf\" target=\"_blank\" rel=\"noopener\">DISE\u00d1O CURRICULAR DE MATEMATICAS \u00abPLAN ANTERIOR\u00bb- <\/a><span style=\"color: #ffcc00;\"><a style=\"color: #ffcc00;\" href=\"https:\/\/isfd3-bue.infd.edu.ar\/sitio\/wp-content\/uploads\/2026\/03\/DISENO-CURRICULAR-DE-MATEMATICAS-anterior.pdf\">AQU\u00cd<\/a><\/span><\/span><\/span><\/p>\n<p><span style=\"color: #ffcc00;\"><span style=\"background-color: #ffffff; font-size: 10pt;\"><a style=\"color: #ffcc00;\" href=\"https:\/\/isfd3-bue.infd.edu.ar\/sitio\/wp-content\/uploads\/2019\/03\/DISE\u00d1O-CURRICULAR-DE-MATEMATICAS.pdf\" target=\"_blank\" rel=\"noopener\">DISE\u00d1O CURRICULAR DE MATEMATICAS \u00abPLAN NUEVO\u00bb- <\/a><span style=\"color: #ffcc00;\"><a style=\"color: #ffcc00;\" href=\"https:\/\/isfd3-bue.infd.edu.ar\/sitio\/wp-content\/uploads\/2026\/03\/RESOC-2025-5882-GDEBA-DGCYE.pdf\">AQU\u00cd<\/a><\/span><\/span><\/span><\/p>\n<p><span style=\"color: #ffcc00;\"><a style=\"color: #ffcc00;\" href=\"https:\/\/docs.google.com\/document\/d\/148qOwr-zBlucCO4yFTKs2cicDt-XPlJiox-BUTwCoAg\/edit\">Horarios de las Carreras &#8211; AQU\u00cd<\/a><\/span><\/p>\n<p><a href=\"https:\/\/www.facebook.com\/groups\/avanzamatematica\/\"><span style=\"color: #ffcc00;\">Grupo de Facebook<\/span>&nbsp;<span style=\"color: #ffcc00;\">&#8211;<\/span> <span style=\"color: #ffcc00;\">AQU\u00cd<\/span><\/a><\/p>\n<p><span style=\"color: #ffcc00;\">Correlativas &#8211;<span style=\"color: #ff9900;\"> <a style=\"color: #ff9900;\" href=\"https:\/\/isfd3-bue.infd.edu.ar\/sitio\/wp-content\/uploads\/2026\/03\/CORRELATIVIDADES-MATEMATICA.pdf\">AQU\u00cd<\/a><\/span><\/span><\/p>\n<p><span style=\"color: #ffcc00;\">Jefe de \u00e1rea: Ana Laura Boland Morales<\/span><\/p>\n<p><span style=\"color: #ffcc00;\">Preceptora: Micaela Zamataro<\/span><\/p>\n<p><\/p>\n\n\n<p><\/p>\n","protected":false},"excerpt":{"rendered":"<p>Turno de cursada:&nbsp;VESPERTINO &nbsp;&nbsp;&nbsp; 17:30 HS. &nbsp;A &nbsp;21:40 HS. &nbsp; (Cada carrera tiene sus variantes en los horarios, es una franja horaria estimada) Pr\u00e1cticas en contraturno DISE\u00d1O CURRICULAR DE MATEMATICAS \u00abPLAN ANTERIOR\u00bb- AQU\u00cd DISE\u00d1O CURRICULAR DE MATEMATICAS \u00abPLAN NUEVO\u00bb- AQU\u00cd Horarios de las Carreras &#8211; AQU\u00cd Grupo de Facebook&nbsp;&#8211; AQU\u00cd Correlativas &#8211; AQU\u00cd Jefe de &#8230; <a title=\"\" class=\"read-more\" href=\"https:\/\/isfd3-bue.infd.edu.ar\/sitio\/profesorado-de-educacion-secundaria-en-matematica\/\" aria-label=\"More on \">[+]<\/a><\/p>\n","protected":false},"author":39,"featured_media":0,"parent":0,"menu_order":0,"comment_status":"closed","ping_status":"closed","template":"","meta":[],"acf":[],"_links":{"self":[{"href":"https:\/\/isfd3-bue.infd.edu.ar\/sitio\/wp-json\/wp\/v2\/pages\/1250"}],"collection":[{"href":"https:\/\/isfd3-bue.infd.edu.ar\/sitio\/wp-json\/wp\/v2\/pages"}],"about":[{"href":"https:\/\/isfd3-bue.infd.edu.ar\/sitio\/wp-json\/wp\/v2\/types\/page"}],"author":[{"embeddable":true,"href":"https:\/\/isfd3-bue.infd.edu.ar\/sitio\/wp-json\/wp\/v2\/users\/39"}],"replies":[{"embeddable":true,"href":"https:\/\/isfd3-bue.infd.edu.ar\/sitio\/wp-json\/wp\/v2\/comments?post=1250"}],"version-history":[{"count":18,"href":"https:\/\/isfd3-bue.infd.edu.ar\/sitio\/wp-json\/wp\/v2\/pages\/1250\/revisions"}],"predecessor-version":[{"id":8640,"href":"https:\/\/isfd3-bue.infd.edu.ar\/sitio\/wp-json\/wp\/v2\/pages\/1250\/revisions\/8640"}],"wp:attachment":[{"href":"https:\/\/isfd3-bue.infd.edu.ar\/sitio\/wp-json\/wp\/v2\/media?parent=1250"}],"curies":[{"name":"wp","href":"https:\/\/api.w.org\/{rel}","templated":true}]}}