{"id":1252,"date":"2018-07-02T19:25:08","date_gmt":"2018-07-02T22:25:08","guid":{"rendered":"https:\/\/isfd3-bue.infd.edu.ar\/sitio\/profesorado-de-educacion-secundaria-en-lengua-y-literatura\/"},"modified":"2026-03-13T10:06:09","modified_gmt":"2026-03-13T13:06:09","slug":"profesorado-de-educacion-secundaria-en-lengua-y-literatura","status":"publish","type":"page","link":"https:\/\/isfd3-bue.infd.edu.ar\/sitio\/profesorado-de-educacion-secundaria-en-lengua-y-literatura\/","title":{"rendered":""},"content":{"rendered":"\n<figure class=\"wp-block-image size-large is-resized\"><img decoding=\"async\" loading=\"lazy\" src=\"https:\/\/isfd3-bue.infd.edu.ar\/sitio\/wp-content\/uploads\/2026\/03\/lengua-1-1900x1069.jpg\" alt=\"\" class=\"wp-image-8367\" width=\"993\" height=\"557\"\/><\/figure>\n\n\n<h6><span style=\"color: #800080;\">Turno de cursada:\u00a0<\/span><\/h6>\n<h6><span style=\"color: #800080;\">VESPERTINO \u00a0\u00a0\u00a0 17:30 HS. \u00a0A \u00a021:40 HS.<\/span><\/h6>\n<h6><span style=\"color: #800080;\"> (Cada carrera tiene sus variantes en los horarios, es una franja horaria estimada)<\/span><\/h6>\n<h6><span style=\"color: #800080;\">Pr\u00e1cticas en contra turno<\/span><\/h6>\n<p><span style=\"color: #800080;\">Dise\u00f1o curricular \u00abPLAN ANTERIOR\u00bb <a style=\"color: #800080;\" href=\"https:\/\/isfd3-bue.infd.edu.ar\/sitio\/wp-content\/uploads\/2019\/03\/DISE%C3%91O-CURRICULAR-DE-LENGUA-Y-LITERATURA.pdf\">&#8211; AQU\u00cd<\/a><\/span><\/p>\n<p><span style=\"color: #800080;\">Dise\u00f1o curicular \u00abPLAN NUEVO\u00bb &#8211; <a style=\"color: #800080;\" href=\"https:\/\/isfd3-bue.infd.edu.ar\/sitio\/wp-content\/uploads\/2026\/03\/Lengua-Diseno-curricular-5883-25.pdf\">AQU\u00cd<\/a><\/span><\/p>\n<p><strong><span style=\"color: #800080;\">Preguntas frecuentes sobre el cambio de plan &#8211; <a style=\"color: #800080;\" href=\"https:\/\/isfd3-bue.infd.edu.ar\/sitio\/wp-content\/uploads\/2026\/03\/Dudas-sobre-cambio-de-plan-Preguntas-habituales.pdf\">AQU\u00cd<\/a><\/span><\/strong><\/p>\n<p><span style=\"color: #800080;\"><a style=\"color: #800080;\" href=\"https:\/\/docs.google.com\/document\/d\/148qOwr-zBlucCO4yFTKs2cicDt-XPlJiox-BUTwCoAg\/edit\">Horarios de las Carreras &#8211; AQU\u00cd<\/a><\/span><\/p>\n<p><span style=\"color: #800080;\"><a style=\"color: #800080;\" href=\"https:\/\/www.facebook.com\/groups\/1680907592124242\/\">Grupo de Facebook &#8211; AQU\u00cd<\/a><\/span><\/p>\n<p><span style=\"color: #800080;\">Correlativas &#8211; <a style=\"color: #800080;\" href=\"https:\/\/isfd3-bue.infd.edu.ar\/sitio\/wp-content\/uploads\/2024\/07\/lengua.pdf\">AQU\u00cd<\/a><\/span><\/p>\n<p><span style=\"color: #800080;\">Jefe de \u00e1rea: Emiliano Vuela<\/span><\/p>\n<p><span style=\"color: #800080;\">Preceptora: Laura Chuliver<\/span><\/p>","protected":false},"excerpt":{"rendered":"<p>Turno de cursada:\u00a0 VESPERTINO \u00a0\u00a0\u00a0 17:30 HS. \u00a0A \u00a021:40 HS. (Cada carrera tiene sus variantes en los horarios, es una franja horaria estimada) Pr\u00e1cticas en contra turno Dise\u00f1o curricular \u00abPLAN ANTERIOR\u00bb &#8211; AQU\u00cd Dise\u00f1o curicular \u00abPLAN NUEVO\u00bb &#8211; AQU\u00cd Preguntas frecuentes sobre el cambio de plan &#8211; AQU\u00cd Horarios de las Carreras &#8211; AQU\u00cd Grupo &#8230; <a title=\"\" class=\"read-more\" href=\"https:\/\/isfd3-bue.infd.edu.ar\/sitio\/profesorado-de-educacion-secundaria-en-lengua-y-literatura\/\" aria-label=\"More on \">[+]<\/a><\/p>\n","protected":false},"author":39,"featured_media":0,"parent":0,"menu_order":0,"comment_status":"closed","ping_status":"closed","template":"","meta":[],"acf":[],"_links":{"self":[{"href":"https:\/\/isfd3-bue.infd.edu.ar\/sitio\/wp-json\/wp\/v2\/pages\/1252"}],"collection":[{"href":"https:\/\/isfd3-bue.infd.edu.ar\/sitio\/wp-json\/wp\/v2\/pages"}],"about":[{"href":"https:\/\/isfd3-bue.infd.edu.ar\/sitio\/wp-json\/wp\/v2\/types\/page"}],"author":[{"embeddable":true,"href":"https:\/\/isfd3-bue.infd.edu.ar\/sitio\/wp-json\/wp\/v2\/users\/39"}],"replies":[{"embeddable":true,"href":"https:\/\/isfd3-bue.infd.edu.ar\/sitio\/wp-json\/wp\/v2\/comments?post=1252"}],"version-history":[{"count":32,"href":"https:\/\/isfd3-bue.infd.edu.ar\/sitio\/wp-json\/wp\/v2\/pages\/1252\/revisions"}],"predecessor-version":[{"id":8573,"href":"https:\/\/isfd3-bue.infd.edu.ar\/sitio\/wp-json\/wp\/v2\/pages\/1252\/revisions\/8573"}],"wp:attachment":[{"href":"https:\/\/isfd3-bue.infd.edu.ar\/sitio\/wp-json\/wp\/v2\/media?parent=1252"}],"curies":[{"name":"wp","href":"https:\/\/api.w.org\/{rel}","templated":true}]}}