{"id":1275,"date":"2018-07-02T19:25:19","date_gmt":"2018-07-02T22:25:19","guid":{"rendered":"https:\/\/isfd3-bue.infd.edu.ar\/sitio\/tramo-de-formacion-pedagogica-2\/"},"modified":"2019-10-01T09:52:00","modified_gmt":"2019-10-01T12:52:00","slug":"tramo-de-formacion-pedagogica-2","status":"publish","type":"page","link":"https:\/\/isfd3-bue.infd.edu.ar\/sitio\/tramo-de-formacion-pedagogica-2\/","title":{"rendered":"Tramo de Formaci\u00f3n Pedag\u00f3gica"},"content":{"rendered":"<p style=\"text-align: justify;\"><em><span style=\"color: #000000;\"><span style=\"font-family: verdana, geneva; font-size: 10pt;\">Brinda formaci\u00f3n pedag\u00f3gica para los t\u00e9cnicos o profesionales NO DOCENTES con desempe\u00f1o activo en el sistema educativo provincial.<\/span><\/span><\/em><\/p>\n<p><span style=\"color: #008000;\"><strong>Habiendo completado los cupos, cerramos las inscripciones de ambos TRAMOS DE FORMACI\u00d3N PEDAG\u00d3GICA para elaborar los listados de aspirantes que cumplen los requisitos pedidos por la resoluci\u00f3n. Recibir\u00e1n mails la pr\u00f3xima semana. Gracias<\/strong><\/span><\/p>\n<p><strong style=\"color: #ff0000; font-size: 10px;\"><span style=\"font-family: verdana, geneva; font-size: 10pt;\" data-mce-mark=\"1\">NIVEL MEDIO<\/span><\/strong><\/p>\n<p style=\"padding-left: 30px;\"><span style=\"font-family: verdana, geneva; font-size: 10pt; color: #000000;\" data-mce-mark=\"1\"><span data-mce-mark=\"1\">El Tramo de Formaci\u00f3n Pedag\u00f3gica para el Nivel Medio tiene una duraci\u00f3n de 1 (un) a\u00f1os y 1(un) cuatrimestr<\/span><\/span>e.<\/p>\n<h6 style=\"padding-left: 30px;\"><span style=\"font-family: verdana, geneva; font-size: 10pt; color: #000000;\" data-mce-mark=\"1\"><span data-mce-mark=\"1\"><strong>DESTINATARIOS:<\/strong><\/span><\/span><\/h6>\n<p style=\"text-align: justify; padding-left: 30px;\"><span style=\"font-family: verdana, geneva; font-size: 10pt;\" data-mce-mark=\"1\"><strong>Nivel I:<\/strong> Docentes del Sistema Educativo provincial que poseen t\u00edtulo de nivel Superior Universitario y no universitario, que acrediten desempe\u00f1o docente en el Sistema Educativo (Nivel Secundario) en los \u00faltimos 5 a\u00f1os.<\/span><\/p>\n<p style=\"text-align: justify; padding-left: 30px;\"><span style=\"font-family: verdana, geneva; font-size: 10pt;\" data-mce-mark=\"1\"><strong>Nivel II:<\/strong>\u00a0Quienes se est\u00e9n desempe\u00f1ando como docentes de los TTP, TPP, TAP de educaci\u00f3n Secundaria, Especial, Laboral, Adultos o Formaci\u00f3n Profesional del sistema educativo provincial \u00a0y posean t\u00edtulo de nivel secundario.<\/span><\/p>\n<h5 style=\"padding-left: 30px;\"><span style=\"font-family: verdana, geneva; font-size: 10pt; color: #000000;\" data-mce-mark=\"1\"><span data-mce-mark=\"1\"><strong>FORMATO DE LA CURSADA:<\/strong><\/span><\/span><\/h5>\n<ul>\n<li><b><i><span style=\"font-family: verdana, geneva; font-size: 10pt;\"><strong style=\"font-size: 10pt;\">PRIMER A\u00d1O<\/strong><\/span>:<\/i><\/b><i> 3 semanas presenciales intensivas de 5 (cinco) d\u00edas cada una<\/i><\/li>\n<li><strong><em><span style=\"font-family: verdana, geneva; font-size: 10pt;\">SEGUNDO A\u00d1O<\/span>:\u00a0<\/em><\/strong>Una semana presencial intensiva de 5 (cinco ) d\u00edas<\/li>\n<\/ul>\n<p>&nbsp;<\/p>\n<p><span style=\"font-family: verdana, geneva; font-size: 10pt;\" data-mce-mark=\"1\"><span style=\"color: #ff0000;\" data-mce-mark=\"1\"><strong>NIVEL SUPERIOR<\/strong><\/span><\/span><\/p>\n<p style=\"padding-left: 30px;\"><span style=\"font-family: verdana, geneva; font-size: 10pt; color: #000000;\" data-mce-mark=\"1\"><span data-mce-mark=\"1\">El Tramo de Formaci\u00f3n Pedag\u00f3gica para el Nivel Superior tiene una duraci\u00f3n de 2 (dos) a\u00f1os, con una carga horaria total de 800 (ochocientas) horas reloj.<\/span><\/span><\/p>\n<p style=\"padding-left: 30px;\"><span style=\"font-family: verdana, geneva; font-size: 10pt; color: #000000;\" data-mce-mark=\"1\"><span data-mce-mark=\"1\"><strong>DESTINATARIOS:<\/strong><\/span><\/span><\/p>\n<p style=\"padding-left: 30px;\"><span style=\"font-family: verdana, geneva; font-size: 10pt; color: #000000;\" data-mce-mark=\"1\"><span data-mce-mark=\"1\">Profesionales y t\u00e9cnicos que posean t\u00edtulo de Nivel Superior universitario y no universitario que acrediten desempe\u00f1o docente en el Sistema Educativo (Nivel Superior) en los \u00faltimos 5 a\u00f1os..<\/span><\/span><\/p>\n<p style=\"padding-left: 30px;\"><span style=\"font-size: 10pt;\"><strong>FORMATO DE LA CURSADA:<\/strong><\/span><\/p>\n<ul>\n<li><span style=\"font-family: verdana, geneva; font-size: 10pt;\"><strong style=\"font-size: 10pt;\">PRIMER A\u00d1O:\u00a0<\/strong><span data-mce-mark=\"1\">3 semanas presenciales intensivas de 5 (cinco) d\u00edas cada una, con tutor\u00edas.\u00a0<\/span><span data-mce-mark=\"1\">Espacio de la Pr\u00e1ctica Docente: presencial\u00a0<\/span><span data-mce-mark=\"1\">\u00a0<\/span><\/span><\/li>\n<li><span style=\"font-family: verdana, geneva; font-size: 10pt;\"><strong>SEGUNDO A\u00d1O:<\/strong><span data-mce-mark=\"1\">\u00a03 semanas presenciales intensivas de 5 (cinco) d\u00edas cada una.\u00a0<\/span><span data-mce-mark=\"1\">Espacio de la Pr\u00e1ctica Docente: presencial.<\/span><\/span><\/li>\n<\/ul>\n<p>___________________________________________<\/p>\n<p><span style=\"font-family: verdana, geneva; font-size: 10pt;\" data-mce-mark=\"1\"><span style=\"color: #ff0000;\" data-mce-mark=\"1\"><strong>Una vez confirmado el ingreso, se les avisar\u00e1 v\u00eda e-mail\u00a0 d\u00eda y fecha, para concurrir al establecimiento y realizar la INSCRIPCI\u00d3N con la siguiente documentaci\u00f3n:<\/strong><\/span><\/span><\/p>\n<p style=\"padding-left: 30px; text-align: left;\"><span style=\"font-family: verdana, geneva; font-size: 10pt;\" data-mce-mark=\"1\">Un folio oficio con: fotocopia de documento de identidad y original, certificados de estudios anal\u00edticos. 1 foto, certificado de buena salud,\u00a0certificaci\u00f3n de la instituci\u00f3n en la que se desempe\u00f1a o presta servicio que especifique antig\u00fcedad y funciones a cargo (en el nivel al que aspira inscribirse), plan de metas (si lo tuviese). Tambi\u00e9n se les solicitar\u00e1 una contribuci\u00f3n a la cooperadora<\/span><\/p>\n<hr \/>\n<p><a href=\"https:\/\/isfd3-bue.infd.edu.ar\/sitio\/wp-content\/uploads\/2019\/10\/PLANILLA-DE-INSCRIPCION-RECURSANTES-TRAMO-MEDIO-1.doc\">Planilla de inscripci\u00f3n TRAMO NIVEL MEDIO<\/a><\/p>\n<p><a href=\"https:\/\/isfd3-bue.infd.edu.ar\/sitio\/wp-content\/uploads\/2019\/10\/PLANILLA-DE-INSCRIPCION-RECURSANTES-TRAMO-SUPERIOR-.doc\">Planilla de inscripci\u00f3n TRAMO NIVEL SUPERIOR<\/a><\/p>\n<p><strong><span style=\"font-family: verdana, geneva; font-size: 10pt;\" data-mce-mark=\"1\">Resoluciones:<\/span><\/strong><\/p>\n<p><strong><span style=\"font-family: verdana, geneva; font-size: 10pt;\" data-mce-mark=\"1\">Nivel Medio: <a href=\"upload\/resolucion4077-08tramo.pdf\">Resoluci\u00f3n 4077\/08<\/a><\/span><\/strong><\/p>\n<p><strong><span style=\"font-family: verdana, geneva; font-size: 10pt;\" data-mce-mark=\"1\">Nivel Superior: <a href=\"upload\/Tramo_de_F._Pedagogica_Res_550-07.pdf\">Resoluci\u00f3n 550\/07<\/a><\/span><\/strong><\/p>\n","protected":false},"excerpt":{"rendered":"<p>Brinda formaci\u00f3n pedag\u00f3gica para los t\u00e9cnicos o profesionales NO DOCENTES con desempe\u00f1o activo en el sistema educativo provincial. Habiendo completado los cupos, cerramos las inscripciones de ambos TRAMOS DE FORMACI\u00d3N PEDAG\u00d3GICA para elaborar los listados de aspirantes que cumplen los requisitos pedidos por la resoluci\u00f3n. Recibir\u00e1n mails la pr\u00f3xima semana. Gracias NIVEL MEDIO El Tramo &#8230; <a title=\"Tramo de Formaci\u00f3n Pedag\u00f3gica\" class=\"read-more\" href=\"https:\/\/isfd3-bue.infd.edu.ar\/sitio\/tramo-de-formacion-pedagogica-2\/\" aria-label=\"More on Tramo de Formaci\u00f3n Pedag\u00f3gica\">[+]<\/a><\/p>\n","protected":false},"author":39,"featured_media":0,"parent":0,"menu_order":0,"comment_status":"closed","ping_status":"closed","template":"","meta":[],"acf":[],"_links":{"self":[{"href":"https:\/\/isfd3-bue.infd.edu.ar\/sitio\/wp-json\/wp\/v2\/pages\/1275"}],"collection":[{"href":"https:\/\/isfd3-bue.infd.edu.ar\/sitio\/wp-json\/wp\/v2\/pages"}],"about":[{"href":"https:\/\/isfd3-bue.infd.edu.ar\/sitio\/wp-json\/wp\/v2\/types\/page"}],"author":[{"embeddable":true,"href":"https:\/\/isfd3-bue.infd.edu.ar\/sitio\/wp-json\/wp\/v2\/users\/39"}],"replies":[{"embeddable":true,"href":"https:\/\/isfd3-bue.infd.edu.ar\/sitio\/wp-json\/wp\/v2\/comments?post=1275"}],"version-history":[{"count":26,"href":"https:\/\/isfd3-bue.infd.edu.ar\/sitio\/wp-json\/wp\/v2\/pages\/1275\/revisions"}],"predecessor-version":[{"id":3438,"href":"https:\/\/isfd3-bue.infd.edu.ar\/sitio\/wp-json\/wp\/v2\/pages\/1275\/revisions\/3438"}],"wp:attachment":[{"href":"https:\/\/isfd3-bue.infd.edu.ar\/sitio\/wp-json\/wp\/v2\/media?parent=1275"}],"curies":[{"name":"wp","href":"https:\/\/api.w.org\/{rel}","templated":true}]}}