{"id":1279,"date":"2018-07-02T19:25:21","date_gmt":"2018-07-02T22:25:21","guid":{"rendered":"https:\/\/isfd3-bue.infd.edu.ar\/sitio\/plan-progresar-2\/"},"modified":"2026-04-08T09:04:14","modified_gmt":"2026-04-08T12:04:14","slug":"plan-progresar-2","status":"publish","type":"page","link":"https:\/\/isfd3-bue.infd.edu.ar\/sitio\/plan-progresar-2\/","title":{"rendered":"Progresar Nivel Superior y Boleto Educativo"},"content":{"rendered":"\n<p><strong>PROGRESAR<\/strong><\/p>\n\n\n\n<p><strong>Inscripci\u00f3n del 7 al 30 de abril<\/strong><\/p>\n\n\n\n<p>En\u00a0<a rel=\"noreferrer noopener\" href=\"https:\/\/isfd3-bue.infd.edu.ar\/sitio\/plan-progresar-2\/\" target=\"_blank\">https:\/\/isfd3-bue.infd.edu.ar\/sitio\/plan-progresar-2\/<\/a>\u00a0se encuentran los siguientes documentos: <\/p>\n\n\n\n<p>-Instructivo de inscripci\u00f3n<\/p>\n\n\n\n<p>-Reglamento (requisitos obligatorios).\u00a0<\/p>\n\n\n\n<p>Sugerimos tener paciencia porque la p\u00e1gina puede funcionar con demoras.<\/p>\n\n\n\n<p><\/p>\n\n\n\n<p>-Mesa de ayuda a trav\u00e9s de estos canales:<\/p>\n\n\n\n<p>&#x2709;&#xfe0f; correo: mesadeayudaprogresar@educacion.gob.ar<\/p>\n\n\n\n<p>&#x1f4de;tel\u00e9fono: 08009991066 o al (011)41291000 opcion1<\/p>\n\n\n\n<p>PROGRESAR -&gt; &#8212;&#8211;FECHA A CONFIRMAR&#8212;&#8211;INSTANCIA DE RECLAMO ACAD\u00c9MICO<br>Quienes hayan sido rechazados por requisitos acad\u00e9micos podr\u00e1n presentar un reclamo para solicitar una nueva evaluaci\u00f3n de la inscripci\u00f3n. Solo estar\u00e1 disponible para quienes se encuentren en esa situaci\u00f3n. Se podr\u00e1 visualizar el estado (aprobado o rechazado) junto al motivo correspondiente en su cuenta de Mi Argentina.<\/p>\n\n\n<h4 dir=\"auto\">Progresar permite brindar acompa\u00f1amiento en la terminaci\u00f3n de estudios o la formaci\u00f3n profesional.<\/h4>\n<div dir=\"auto\"><span style=\"font-family: inherit; font-size: 27px; font-weight: bold;\">M\u00e1s oportunidades, mejor futuro para todas y todos.<\/span><\/div>\n<div class=\"o9v6fnle cxmmr5t8 oygrvhab hcukyx3x c1et5uql ii04i59q\">\n<div dir=\"auto\">\u00a0<\/div>\n<\/div>\n\n\n<p><strong>Para m\u00e1s informaci\u00f3n <\/strong><a href=\"https:\/\/www.argentina.gob.ar\/educacion\/progresar\/requisitos\/progresar-nivel-superior\">Argentina.gob.ar\/educacion\/progresar\/requisitos\/progresar-nivel-superior<\/a> <\/p>\n\n\n\n<p><\/p>\n\n\n\n<p><strong>BOLETO ESTUDIANTIL <\/strong><\/p>\n\n\n\n<p><strong>Boleto Especial Educativo 2026<\/strong><br>A partir del 9 de marzo de 2026, las\/os estudiantes de Niveles Terciarios y Universitarios podr\u00e1n comenzar a tramitar el beneficio del Boleto Especial Educativo (BEE)<\/p>\n\n\n\n<p><strong>\u00bfCu\u00e1les son los requisitos para recibir el Boleto Educativo?<\/strong><\/p>\n\n\n\n<p>\u2022 Residir en la Provincia de Buenos Aires a una distancia mayor a dos mil metros del establecimiento educativo.<\/p>\n\n\n\n<p>\u2022 Ser estudiante regular de un Instituto de Formaci\u00f3n Docente, T\u00e9cnica o Art\u00edstica Superior, p\u00fablica o privada con aporte del estado, con sede en el AMBA o el Interior de la Provincia de Buenos Aires, en aquellas localidades que cuenten con SUBE.<\/p>\n\n\n\n<p>\u2022 Estar cargado\/a en la plataforma ABC\/Mis Estudiantes como estudiante activo. Verificar que sus datos est\u00e9n cargados correctamente en ABC\/MISESTUDIANTES, se puede consultar a la preceptora esta informaci\u00f3n.<\/p>\n\n\n\n<ul>\n<li>Tener la tarjeta SUBE registrada a nombre del estudiante.<\/li>\n<\/ul>\n\n\n\n<p><strong>\u00bfD\u00f3nde debo ingresar para inscribirme en el Boleto Educativo?<\/strong><\/p>\n\n\n\n<ul>\n<li>Las y los estudiantes interesados deben ingresar a: <a href=\"https:\/\/www.gba.gob.ar\/transporte\/boleto\">https:\/\/www.gba.gob.ar\/transporte\/boleto<\/a>, donde se informan los pasos a seguir para completar el proceso de inscripci\u00f3n.<\/li>\n<\/ul>\n\n\n\n<p><strong>\u00bfC\u00f3mo se implementa el Boleto Educativo?<\/strong><\/p>\n\n\n\n<ul>\n<li>La o el estudiante adherido al BEE, al inicio de cada mes se le acreditar\u00e1 en su tarjeta SUBE un monto equivalente a 45 viajes, al valor de la tarifa plena m\u00ednima vigente de cada jurisdicci\u00f3n, el cual ser\u00e1 percibido una vez por mes. Deber\u00e1 pasar por una Terminal Autom\u00e1tica SUBE (TAS), o mediante la utilizaci\u00f3n de un dispositivo de Conexi\u00f3n M\u00f3vil, de la App Carga SUBE o a bordo del colectivo.<\/li>\n\n\n\n<li>El BEE cubrir\u00e1 las actividades educativas durante los d\u00edas h\u00e1biles del ciclo lectivo.<\/li>\n\n\n\n<li>El BEE cuenta con un sistema de recupero del saldo mensual no utilizado, disponible dentro de los 60&nbsp;d\u00edas de realizada la acreditaci\u00f3n del dinero.<\/li>\n\n\n\n<li>El BEE es complementario con otras pol\u00edticas p\u00fablicas.<\/li>\n<\/ul>\n\n\n\n<p><strong>\u00bfQu\u00e9 debo hacer si tengo dificultades para inscribirme en el Boleto Educativo?<\/strong><\/p>\n\n\n\n<p>Si la o <strong>el estudiante<\/strong> no puede inscribirse <strong>deber\u00e1 seguir los siguientes pasos para hacer el reclamo:<\/strong><\/p>\n\n\n\n<ul>\n<li>Verificar que sus datos est\u00e9n correctamente cargados en ABC\/MISESTUDIANTES, se puede consultar a la preceptora esta informaci\u00f3n.<\/li>\n\n\n\n<li>Verificar que su tarjeta registrada en el sistema SUBE es la que posee.<\/li>\n\n\n\n<li>Comunicarse con el Ministerio de Transporte a trav\u00e9s del correo electr\u00f3nico &nbsp;<a href=\"mailto:boletoeducativoterciario@transporte.gba.gob.ar\">boletoeducativoterciario@transporte.gba.gob.ar<\/a><\/li>\n<\/ul>\n\n\n\n<p>Asunto: Reclamo Boleto Educativo<\/p>\n\n\n\n<p>Apellido y nombre<\/p>\n\n\n\n<p>Cuil<\/p>\n\n\n\n<p>Fecha de nacimiento<\/p>\n\n\n\n<p>Domicilio particular<\/p>\n\n\n\n<p>Instituto y localidad del instituto<\/p>\n\n\n\n<p>N \u00b0 de tu tarjeta SUBE.<\/p>\n\n\n\n<p>En el mensaje describir que expresa exactamente el cartel que le aparece en la p\u00e1gina del Ministerio de Transporte cuando se quiere inscribir y no puede. (si puede tambi\u00e9n enviar una captura de pantalla mejor a\u00fan).<\/p>\n\n\n\n<p><strong>\u00bf si me inscrib\u00ed el a\u00f1o pasado pero este a\u00f1o no recibo el Boleto Educativo que debo hacer?<\/strong><\/p>\n\n\n\n<ul>\n<li><strong>Recordar<\/strong>: Las precargas del boleto estudiantil durante 60 d\u00edas. Si no las acreditan en las terminales TAS, en los servicios abordo o por celu, se les da de baja el boleto y deben solicitar la reincorporaci\u00f3n.<\/li>\n\n\n\n<li>Comunicarse con el Ministerio de Transporte a trav\u00e9s del correo electr\u00f3nico&nbsp; <a href=\"mailto:boletoeducativoterciario@transporte.gba.gob.ar\">boletoeducativoterciario@transporte.gba.gob.ar<\/a><\/li>\n<\/ul>\n\n\n\n<p>ASUNTO: REINCORPORACI\u00d3N BEE TERCIARIO<\/p>\n\n\n\n<p>Apellido y nombre<\/p>\n\n\n\n<p>Cuil<\/p>\n\n\n\n<p>Fecha de nacimiento<\/p>\n\n\n\n<p>Domicilio particular<\/p>\n\n\n\n<p>Instituto y localidad del instituto<\/p>\n\n\n\n<p>N \u00b0 de tu tarjeta SUBE.<\/p>\n\n\n\n<p>En el mensaje describir que expresa exactamente el cartel que le aparece en la p\u00e1gina del Ministerio de Transporte cuando se quiere inscribir y no puede. (si puede tambi\u00e9n enviar una captura de pantalla mejor a\u00fan).<\/p>\n\n\n\n<p><strong>\u00bfQu\u00e9 debo hacer si cuando realizo un reclamo al mal de Transporte PBA me dicen que no estoy inscripta en el Sistema ABC o Mis estudiantes?<\/strong><\/p>\n\n\n\n<p>Si hiciste el reclamo en&nbsp;<strong>boletoeducativoterciario@transporte.gba.gob.ar<\/strong>&nbsp;y te dicen que&nbsp;<strong>\u201cno est\u00e1s inscripto en la plataforma del ABC, MIS ESTUDIANTES\u201d<\/strong>&nbsp;envi\u00e1 un mail a&nbsp;<strong>preceavanza@gmail.com<\/strong>, con asunto:&nbsp;<strong>INSCRIPCI\u00d3N A MIS ESTUDIANTES<\/strong>&nbsp;y en el mensaje colocar los datos: Nombre, Apellido, Cuil, Carrera, dirigido a: Preceptora Martina Menendez<\/p>\n\n\n\n<p><strong>Sugerimos adem\u00e1s ingresar al sitio de Transporte PBA, y leer el apartado <em>preguntas frecuentes<\/em> para obtener informaci\u00f3n ante diversos inconvenientes que puedan surgir como, por ejemplo, perder la tarjeta SUBE.<\/strong><\/p>\n\n\n\n<ul>\n<li><a href=\"https:\/\/www.gba.gob.ar\/transporte\/boleto\"><strong>https:\/\/www.gba.gob.ar\/transporte\/boleto<\/strong><\/a><strong> -&gt; Nivel Terciario -&gt; Preguntas frecuentes<\/strong><\/li>\n<\/ul>\n","protected":false},"excerpt":{"rendered":"<p>PROGRESAR Inscripci\u00f3n del 7 al 30 de abril En\u00a0https:\/\/isfd3-bue.infd.edu.ar\/sitio\/plan-progresar-2\/\u00a0se encuentran los siguientes documentos: -Instructivo de inscripci\u00f3n -Reglamento (requisitos obligatorios).\u00a0 Sugerimos tener paciencia porque la p\u00e1gina puede funcionar con demoras. -Mesa de ayuda a trav\u00e9s de estos canales: &#x2709;&#xfe0f; correo: mesadeayudaprogresar@educacion.gob.ar &#x1f4de;tel\u00e9fono: 08009991066 o al (011)41291000 opcion1 PROGRESAR -&gt; &#8212;&#8211;FECHA A CONFIRMAR&#8212;&#8211;INSTANCIA DE RECLAMO ACAD\u00c9MICOQuienes hayan &#8230; <a title=\"Progresar Nivel Superior y Boleto Educativo\" class=\"read-more\" href=\"https:\/\/isfd3-bue.infd.edu.ar\/sitio\/plan-progresar-2\/\" aria-label=\"More on Progresar Nivel Superior y Boleto Educativo\">[+]<\/a><\/p>\n","protected":false},"author":39,"featured_media":0,"parent":0,"menu_order":0,"comment_status":"closed","ping_status":"closed","template":"","meta":[],"acf":[],"_links":{"self":[{"href":"https:\/\/isfd3-bue.infd.edu.ar\/sitio\/wp-json\/wp\/v2\/pages\/1279"}],"collection":[{"href":"https:\/\/isfd3-bue.infd.edu.ar\/sitio\/wp-json\/wp\/v2\/pages"}],"about":[{"href":"https:\/\/isfd3-bue.infd.edu.ar\/sitio\/wp-json\/wp\/v2\/types\/page"}],"author":[{"embeddable":true,"href":"https:\/\/isfd3-bue.infd.edu.ar\/sitio\/wp-json\/wp\/v2\/users\/39"}],"replies":[{"embeddable":true,"href":"https:\/\/isfd3-bue.infd.edu.ar\/sitio\/wp-json\/wp\/v2\/comments?post=1279"}],"version-history":[{"count":34,"href":"https:\/\/isfd3-bue.infd.edu.ar\/sitio\/wp-json\/wp\/v2\/pages\/1279\/revisions"}],"predecessor-version":[{"id":8633,"href":"https:\/\/isfd3-bue.infd.edu.ar\/sitio\/wp-json\/wp\/v2\/pages\/1279\/revisions\/8633"}],"wp:attachment":[{"href":"https:\/\/isfd3-bue.infd.edu.ar\/sitio\/wp-json\/wp\/v2\/media?parent=1279"}],"curies":[{"name":"wp","href":"https:\/\/api.w.org\/{rel}","templated":true}]}}