{"id":1290,"date":"2018-07-02T19:25:26","date_gmt":"2018-07-02T22:25:26","guid":{"rendered":"https:\/\/isfd3-bue.infd.edu.ar\/sitio\/inicio-de-tramites-egresados-as\/"},"modified":"2026-03-06T14:30:25","modified_gmt":"2026-03-06T17:30:25","slug":"inicio-de-tramites-egresados-as","status":"publish","type":"page","link":"https:\/\/isfd3-bue.infd.edu.ar\/sitio\/inicio-de-tramites-egresados-as\/","title":{"rendered":"INICIO DE TR\u00c1MITES EGRESADOS\/AS"},"content":{"rendered":"\n<p><strong>ESTUDIANTES QUE SE RECIBEN<\/strong><\/p>\n\n\n\n<p>Pasadas las 48 hs. de haber acreditado la \u00faltima materia de la carrera, deben enviar un correo a&nbsp;<strong>titulosisfd3@gmail.com<\/strong>&nbsp;con los siguientes escaneos:<\/p>\n\n\n\n<ul>\n<li><strong>ORIGINAL DEL DNI.<\/strong><\/li>\n\n\n\n<li><strong>ORIGINAL DEL T\u00cdTULO SECUNDARIO.<\/strong><\/li>\n\n\n\n<li><strong>Original del Acta de Nacimiento.<\/strong><\/li>\n<\/ul>\n\n\n\n<p>Una vez que recibimos la documentaci\u00f3n correctamente, comenzaremos a confeccionar el t\u00edtulo, cuando ya est\u00e9 completo el circuito administrativo enviaremos un mail avisando su llegada.&nbsp; El t\u00edtulo llegar\u00e1 de manera <strong>virtual<\/strong> con las instrucciones pertinentes.&nbsp;<\/p>\n\n\n\n<p>En los d\u00edas siguientes El ANAL\u00cdTICO, CONSTANCIA DE T\u00cdTULO EN TR\u00c1MITE e INGRESO A LA DOCENCIA estar\u00e1n disponibles en formato papel en el Instituto. Cualquier consulta que tengas por su confecci\u00f3n debes escribir a tu preceptora a preceavanza@gmail.com<\/p>\n\n\n\n<p>Tambi\u00e9n se podr\u00e1 ver el estado en el que va el t\u00edtulo en sitio web de estado y veracidad <a href=\"http:\/\/servicios.abc.gov.ar\/servicios\/buscadores\/estados.de.titulos\/\">http:\/\/servicios.abc.gov.ar\/servicios\/buscadores\/estados.de.titulos\/<\/a><\/p>\n\n\n\n<p><\/p>\n\n\n\n<p class=\"has-medium-font-size\">Si tu t\u00edtulo secundario fue emitido en otra provincia antes del 1\u00b0 de enero del 2010, antes de presentarlo ten\u00e9s que legalizarlo.  <strong><a href=\"https:\/\/www.argentina.gob.ar\/servicio\/legalizar-el-certificado-de-estudio-secundario-yo-terciario\"><span style=\"text-decoration: underline;\">\u00bfC\u00f3mo hago<\/span>?<\/a><\/strong><\/p>\n\n\n\n<p><\/p>\n","protected":false},"excerpt":{"rendered":"<p>ESTUDIANTES QUE SE RECIBEN Pasadas las 48 hs. de haber acreditado la \u00faltima materia de la carrera, deben enviar un correo a&nbsp;titulosisfd3@gmail.com&nbsp;con los siguientes escaneos: Una vez que recibimos la documentaci\u00f3n correctamente, comenzaremos a confeccionar el t\u00edtulo, cuando ya est\u00e9 completo el circuito administrativo enviaremos un mail avisando su llegada.&nbsp; El t\u00edtulo llegar\u00e1 de manera &#8230; <a title=\"INICIO DE TR\u00c1MITES EGRESADOS\/AS\" class=\"read-more\" href=\"https:\/\/isfd3-bue.infd.edu.ar\/sitio\/inicio-de-tramites-egresados-as\/\" aria-label=\"More on INICIO DE TR\u00c1MITES EGRESADOS\/AS\">[+]<\/a><\/p>\n","protected":false},"author":39,"featured_media":0,"parent":0,"menu_order":0,"comment_status":"closed","ping_status":"closed","template":"","meta":[],"acf":[],"_links":{"self":[{"href":"https:\/\/isfd3-bue.infd.edu.ar\/sitio\/wp-json\/wp\/v2\/pages\/1290"}],"collection":[{"href":"https:\/\/isfd3-bue.infd.edu.ar\/sitio\/wp-json\/wp\/v2\/pages"}],"about":[{"href":"https:\/\/isfd3-bue.infd.edu.ar\/sitio\/wp-json\/wp\/v2\/types\/page"}],"author":[{"embeddable":true,"href":"https:\/\/isfd3-bue.infd.edu.ar\/sitio\/wp-json\/wp\/v2\/users\/39"}],"replies":[{"embeddable":true,"href":"https:\/\/isfd3-bue.infd.edu.ar\/sitio\/wp-json\/wp\/v2\/comments?post=1290"}],"version-history":[{"count":15,"href":"https:\/\/isfd3-bue.infd.edu.ar\/sitio\/wp-json\/wp\/v2\/pages\/1290\/revisions"}],"predecessor-version":[{"id":8457,"href":"https:\/\/isfd3-bue.infd.edu.ar\/sitio\/wp-json\/wp\/v2\/pages\/1290\/revisions\/8457"}],"wp:attachment":[{"href":"https:\/\/isfd3-bue.infd.edu.ar\/sitio\/wp-json\/wp\/v2\/media?parent=1290"}],"curies":[{"name":"wp","href":"https:\/\/api.w.org\/{rel}","templated":true}]}}