{"id":1299,"date":"2018-07-02T19:25:30","date_gmt":"2018-07-02T22:25:30","guid":{"rendered":"https:\/\/isfd3-bue.infd.edu.ar\/sitio\/documentos-comunicados-para-trabajar\/"},"modified":"2026-03-12T09:27:47","modified_gmt":"2026-03-12T12:27:47","slug":"documentos-comunicados-para-trabajar","status":"publish","type":"page","link":"https:\/\/isfd3-bue.infd.edu.ar\/sitio\/documentos-comunicados-para-trabajar\/","title":{"rendered":"Documentos &#8211; Comunicados para trabajar"},"content":{"rendered":"<p><span style=\"color: #ffffff;\">\u00a0<\/span><\/p>\n<table border=\"0\">\n<tbody>\n<tr>\n<td>\n<ul>\n<li style=\"text-align: justify;\"><span style=\"font-size: 14pt; color: #0000ff;\"><strong style=\"font-size: 12pt;\"><a title=\"comunicaci\u00f3n 6-15 gu\u00eda de-genero\" href=\"upload\/comunicacion6-15-guia-de-genero-psico.pdf\" target=\"_blank\" rel=\"noopener\"><span style=\"color: #0000ff;\">Gu\u00eda para el abordaje de la diversidad sexual e identidad de G\u00e9nero en las instituciones educativas de la Provincia de Buenos Aires &#8211; AQU\u00cd<\/span><\/a><\/strong><\/span><\/li>\n<\/ul>\n<\/td>\n<\/tr>\n<tr>\n<td>\n<ul>\n<li style=\"text-align: justify;\"><span style=\"font-size: 14pt; color: #0000ff;\"><strong style=\"font-size: 12pt;\"><span style=\"color: #0000ff;\">Res &#8211; 405-15 -lesa humanidad &#8211; AQU\u00cd<\/span><\/strong><\/span><\/li>\n<\/ul>\n<\/td>\n<\/tr>\n<tr>\n<td>\n<ul>\n<li style=\"text-align: justify;\"><span style=\"font-size: 14pt; color: #0000ff;\"><strong style=\"font-size: 12pt;\"><a title=\"comunicaci\u00f3n 6-15 gu\u00eda de-genero\" href=\"upload\/comunicacion6-15-guia-de-genero-psico.pdf\" target=\"_blank\" rel=\"noopener\"><span style=\"color: #0000ff;\">Convenci\u00f3n por los derechos de personas con discapacidad &#8211; AQU\u00cd<\/span><\/a><\/strong><\/span><\/li>\n<\/ul>\n<ul>\n<li><strong><span style=\"color: #0000ff;\">Inscripci\u00f3n Superior Docencia 2025 &#8211;\u00a0<a style=\"color: #0000ff;\" href=\"https:\/\/isfd3-bue.infd.edu.ar\/sitio\/wp-content\/uploads\/2025\/08\/INSCRIPCION-DOCENCIA-2025.pdf\">AQU\u00cd<\/a><\/span><\/strong><\/li>\n<\/ul>\n<\/td>\n<\/tr>\n<\/tbody>\n<\/table>\n","protected":false},"excerpt":{"rendered":"<p>\u00a0 Gu\u00eda para el abordaje de la diversidad sexual e identidad de G\u00e9nero en las instituciones educativas de la Provincia de Buenos Aires &#8211; AQU\u00cd Res &#8211; 405-15 -lesa humanidad &#8211; AQU\u00cd Convenci\u00f3n por los derechos de personas con discapacidad &#8211; AQU\u00cd Inscripci\u00f3n Superior Docencia 2025 &#8211;\u00a0AQU\u00cd<\/p>\n","protected":false},"author":39,"featured_media":0,"parent":0,"menu_order":0,"comment_status":"closed","ping_status":"closed","template":"","meta":[],"acf":[],"_links":{"self":[{"href":"https:\/\/isfd3-bue.infd.edu.ar\/sitio\/wp-json\/wp\/v2\/pages\/1299"}],"collection":[{"href":"https:\/\/isfd3-bue.infd.edu.ar\/sitio\/wp-json\/wp\/v2\/pages"}],"about":[{"href":"https:\/\/isfd3-bue.infd.edu.ar\/sitio\/wp-json\/wp\/v2\/types\/page"}],"author":[{"embeddable":true,"href":"https:\/\/isfd3-bue.infd.edu.ar\/sitio\/wp-json\/wp\/v2\/users\/39"}],"replies":[{"embeddable":true,"href":"https:\/\/isfd3-bue.infd.edu.ar\/sitio\/wp-json\/wp\/v2\/comments?post=1299"}],"version-history":[{"count":2,"href":"https:\/\/isfd3-bue.infd.edu.ar\/sitio\/wp-json\/wp\/v2\/pages\/1299\/revisions"}],"predecessor-version":[{"id":8529,"href":"https:\/\/isfd3-bue.infd.edu.ar\/sitio\/wp-json\/wp\/v2\/pages\/1299\/revisions\/8529"}],"wp:attachment":[{"href":"https:\/\/isfd3-bue.infd.edu.ar\/sitio\/wp-json\/wp\/v2\/media?parent=1299"}],"curies":[{"name":"wp","href":"https:\/\/api.w.org\/{rel}","templated":true}]}}