{"id":2574,"date":"2018-11-22T11:00:43","date_gmt":"2018-11-22T14:00:43","guid":{"rendered":"https:\/\/isfd3-bue.infd.edu.ar\/sitio\/?page_id=2574"},"modified":"2024-06-04T14:04:52","modified_gmt":"2024-06-04T17:04:52","slug":"fotos","status":"publish","type":"page","link":"https:\/\/isfd3-bue.infd.edu.ar\/sitio\/fotos\/","title":{"rendered":"Fotos"},"content":{"rendered":"\n<div class=\"wp-block-columns is-layout-flex wp-container-2\">\n<div class=\"wp-block-column is-layout-flow\" style=\"flex-basis:100%\">\n<figure class=\"wp-block-image size-full is-resized\"><img decoding=\"async\" loading=\"lazy\" src=\"https:\/\/isfd3-bue.infd.edu.ar\/sitio\/wp-content\/uploads\/2024\/06\/WhatsApp-Image-2024-05-29-at-10.43.34.jpeg\" alt=\"\" class=\"wp-image-7291\" width=\"243\" height=\"432\" srcset=\"https:\/\/isfd3-bue.infd.edu.ar\/sitio\/wp-content\/uploads\/2024\/06\/WhatsApp-Image-2024-05-29-at-10.43.34.jpeg 900w, https:\/\/isfd3-bue.infd.edu.ar\/sitio\/wp-content\/uploads\/2024\/06\/WhatsApp-Image-2024-05-29-at-10.43.34-563x1000.jpeg 563w, https:\/\/isfd3-bue.infd.edu.ar\/sitio\/wp-content\/uploads\/2024\/06\/WhatsApp-Image-2024-05-29-at-10.43.34-768x1365.jpeg 768w, https:\/\/isfd3-bue.infd.edu.ar\/sitio\/wp-content\/uploads\/2024\/06\/WhatsApp-Image-2024-05-29-at-10.43.34-864x1536.jpeg 864w\" sizes=\"(max-width: 243px) 100vw, 243px\" \/><\/figure>\n<\/div>\n<\/div>\n\n\n\n<div class=\"wp-block-columns is-layout-flex wp-container-4\">\n<div class=\"wp-block-column is-layout-flow\" style=\"flex-basis:100%\">\n<figure class=\"wp-block-image size-full is-resized\"><img decoding=\"async\" loading=\"lazy\" src=\"https:\/\/isfd3-bue.infd.edu.ar\/sitio\/wp-content\/uploads\/2024\/06\/WhatsApp-Image-2024-05-29-at-10.43.36.jpeg\" alt=\"\" class=\"wp-image-7292\" width=\"293\" height=\"391\" srcset=\"https:\/\/isfd3-bue.infd.edu.ar\/sitio\/wp-content\/uploads\/2024\/06\/WhatsApp-Image-2024-05-29-at-10.43.36.jpeg 1200w, https:\/\/isfd3-bue.infd.edu.ar\/sitio\/wp-content\/uploads\/2024\/06\/WhatsApp-Image-2024-05-29-at-10.43.36-750x1000.jpeg 750w, https:\/\/isfd3-bue.infd.edu.ar\/sitio\/wp-content\/uploads\/2024\/06\/WhatsApp-Image-2024-05-29-at-10.43.36-768x1024.jpeg 768w, https:\/\/isfd3-bue.infd.edu.ar\/sitio\/wp-content\/uploads\/2024\/06\/WhatsApp-Image-2024-05-29-at-10.43.36-1152x1536.jpeg 1152w\" sizes=\"(max-width: 293px) 100vw, 293px\" \/><\/figure>\n\n\n\n<figure class=\"wp-block-image size-full is-resized\"><img decoding=\"async\" loading=\"lazy\" src=\"https:\/\/isfd3-bue.infd.edu.ar\/sitio\/wp-content\/uploads\/2024\/06\/WhatsApp-Image-2024-05-29-at-10.43.33.jpeg\" alt=\"\" class=\"wp-image-7293\" width=\"304\" height=\"228\" srcset=\"https:\/\/isfd3-bue.infd.edu.ar\/sitio\/wp-content\/uploads\/2024\/06\/WhatsApp-Image-2024-05-29-at-10.43.33.jpeg 1600w, https:\/\/isfd3-bue.infd.edu.ar\/sitio\/wp-content\/uploads\/2024\/06\/WhatsApp-Image-2024-05-29-at-10.43.33-1000x750.jpeg 1000w, https:\/\/isfd3-bue.infd.edu.ar\/sitio\/wp-content\/uploads\/2024\/06\/WhatsApp-Image-2024-05-29-at-10.43.33-768x576.jpeg 768w, https:\/\/isfd3-bue.infd.edu.ar\/sitio\/wp-content\/uploads\/2024\/06\/WhatsApp-Image-2024-05-29-at-10.43.33-1536x1152.jpeg 1536w\" sizes=\"(max-width: 304px) 100vw, 304px\" \/><\/figure>\n<\/div>\n<\/div>\n\n\n<h4 style=\"text-align: center;\">\u2003<span style=\"color: #ff00ff;\">DONACI\u00d3N\u00a0 PROFESORADO DE HISTORIA<\/span><\/h4>\n<h4><div id=\"metaslider-id-3225\" style=\"max-width: 500px; margin: 0 auto;\" class=\"ml-slider-3-33-0 metaslider metaslider-flex metaslider-3225 ml-slider ms-theme-default\" role=\"region\" aria-roledescription=\"Slideshow\" aria-label=\"Slideshow\">\n    <div id=\"metaslider_container_3225\">\n        <div id=\"metaslider_3225\" class=\"flexslider\">\n            <ul aria-live=\"polite\" class=\"slides\">\n                <li style=\"display: block; width: 100%;\" class=\"slide-3226 ms-image\" aria-roledescription=\"slide\" aria-label=\"slide-3226\"><img src=\"https:\/\/isfd3-bue.infd.edu.ar\/sitio\/wp-content\/uploads\/2019\/05\/DONACION-HISTORIA-500x500.jpg\" height=\"500\" width=\"500\" alt=\"\" class=\"slider-3225 slide-3226\" title=\"DONACION HISTORIA\" \/><\/li>\n            <\/ul>\n        <\/div>\n        \n    <\/div>\n<\/div><\/h4>\n<h4 style=\"text-align: center;\"><span style=\"color: #ff007b;\">ACTIVIDADES DE EXTENSI\u00d3N<\/span><\/h4>\n<p><span style=\"color: #333333;\"><div id=\"metaslider-id-2676\" style=\"max-width: 600px; margin: 0 auto;\" class=\"ml-slider-3-33-0 metaslider metaslider-coin metaslider-2676 ml-slider ms-theme-default\" role=\"region\" aria-roledescription=\"Slideshow\" aria-label=\"Slideshow\">\n    <div id=\"metaslider_container_2676\">\n        <div id='metaslider_2676' class='coin-slider'>\n<a href=\"javascript:void(0)\" target=\"_self\"><img src=\"https:\/\/isfd3-bue.infd.edu.ar\/sitio\/wp-content\/uploads\/2018\/12\/WhatsApp-Image-2018-11-22-at-12.09.41-PM-581x581.jpeg\" height=\"600\" width=\"600\" alt=\"\" class=\"slider-2676 slide-2678\" title=\"Actividades de extensi\u00f3n\" style=\"display: none;\" \/><\/a>\n<a href=\"javascript:void(0)\" target=\"_self\"><img src=\"https:\/\/isfd3-bue.infd.edu.ar\/sitio\/wp-content\/uploads\/2018\/12\/WhatsApp-Image-2018-11-22-at-12.09.39-PM-2-1-600x600.jpeg\" height=\"600\" width=\"600\" alt=\"\" class=\"slider-2676 slide-2679\" title=\"WhatsApp Image 2018-11-22 at 12.09.39 PM (2)\" style=\"display: none;\" \/><\/a>\n<a href=\"javascript:void(0)\" target=\"_self\"><img src=\"https:\/\/isfd3-bue.infd.edu.ar\/sitio\/wp-content\/uploads\/2018\/12\/obra-de-teatro-600x600.jpg\" height=\"600\" width=\"600\" alt=\"\" class=\"slider-2676 slide-2687\" title=\"obra de teatro\" style=\"display: none;\" \/><\/a>\n<a href=\"javascript:void(0)\" target=\"_self\"><img src=\"https:\/\/isfd3-bue.infd.edu.ar\/sitio\/wp-content\/uploads\/2018\/12\/Jornadas-a-PA-581x581.jpeg\" height=\"600\" width=\"600\" alt=\"\" class=\"slider-2676 slide-2677\" title=\"ACTIVIDADES DE EXTENSI\u00d3N\" style=\"display: none;\" \/><\/a>\n<a href=\"javascript:void(0)\" target=\"_self\"><img src=\"https:\/\/isfd3-bue.infd.edu.ar\/sitio\/wp-content\/uploads\/2018\/12\/Semana-de-la-Memoria-600x600.jpeg\" height=\"600\" width=\"600\" alt=\"\" class=\"slider-2676 slide-2680\" title=\"Semana de la Memoria\" style=\"display: none;\" \/><\/a>\n<a href=\"javascript:void(0)\" target=\"_self\"><img src=\"https:\/\/isfd3-bue.infd.edu.ar\/sitio\/wp-content\/uploads\/2018\/12\/Jornadas-Ma.-Eva-Rossi-600x600.jpeg\" height=\"600\" width=\"600\" alt=\"\" class=\"slider-2676 slide-2683\" title=\"Jornadas Ma. Eva Rossi\" style=\"display: none;\" \/><\/a>\n<a href=\"javascript:void(0)\" target=\"_self\"><img src=\"https:\/\/isfd3-bue.infd.edu.ar\/sitio\/wp-content\/uploads\/2018\/12\/Muestra-de-carreras-1.jpg\" height=\"600\" width=\"600\" alt=\"\" class=\"slider-2676 slide-2682\" title=\"Muestra de carreras\" style=\"display: none;\" \/><\/a>\n<a href=\"javascript:void(0)\" target=\"_self\"><img src=\"https:\/\/isfd3-bue.infd.edu.ar\/sitio\/wp-content\/uploads\/2018\/12\/Jornadas-a-puertas-abiertas_n.jpg\" height=\"600\" width=\"600\" alt=\"\" class=\"slider-2676 slide-2684\" title=\"Jornadas a puertas abiertas_n\" style=\"display: none;\" \/><\/a>\n        <\/div>\n        \n    <\/div>\n<\/div><\/span><\/p>\n<h4 style=\"text-align: center;\"><span style=\"color: #ff007b;\">ASAMBLEAS<\/span><\/h4>\n<p><span style=\"color: #333333;\"><div id=\"metaslider-id-2692\" style=\"max-width: 600px; margin: 0 auto;\" class=\"ml-slider-3-33-0 metaslider metaslider-coin metaslider-2692 ml-slider ms-theme-default\" role=\"region\" aria-roledescription=\"Slideshow\" aria-label=\"Slideshow\">\n    <div id=\"metaslider_container_2692\">\n        <div id='metaslider_2692' class='coin-slider'>\n<a href=\"javascript:void(0)\" target=\"_self\"><img src=\"https:\/\/isfd3-bue.infd.edu.ar\/sitio\/wp-content\/uploads\/2018\/12\/WhatsApp-Image-2018-11-22-at-12.09.39-PM-600x600.jpeg\" height=\"600\" width=\"600\" alt=\"\" class=\"slider-2692 slide-2710\" title=\"WhatsApp Image 2018-11-22 at 12.09.39 PM\" style=\"display: none;\" \/><\/a>\n<a href=\"javascript:void(0)\" target=\"_self\"><img src=\"https:\/\/isfd3-bue.infd.edu.ar\/sitio\/wp-content\/uploads\/2018\/12\/WhatsApp-Image-2018-11-22-at-12.09.39-PM-1-600x600.jpeg\" height=\"600\" width=\"600\" alt=\"\" class=\"slider-2692 slide-2711\" title=\"WhatsApp Image 2018-11-22 at 12.09.39 PM (1)\" style=\"display: none;\" \/><\/a>\n<a href=\"javascript:void(0)\" target=\"_self\"><img src=\"https:\/\/isfd3-bue.infd.edu.ar\/sitio\/wp-content\/uploads\/2018\/12\/WhatsApp-Image-2018-11-22-at-12.09.38-PM-600x600.jpeg\" height=\"600\" width=\"600\" alt=\"\" class=\"slider-2692 slide-2712\" title=\"WhatsApp Image 2018-11-22 at 12.09.38 PM\" style=\"display: none;\" \/><\/a>\n<a href=\"javascript:void(0)\" target=\"_self\"><img src=\"https:\/\/isfd3-bue.infd.edu.ar\/sitio\/wp-content\/uploads\/2018\/12\/WhatsApp-Image-2018-11-22-at-12.09.38-PM-4-600x600.jpeg\" height=\"600\" width=\"600\" alt=\"\" class=\"slider-2692 slide-2713\" title=\"WhatsApp Image 2018-11-22 at 12.09.38 PM (4)\" style=\"display: none;\" \/><\/a>\n<a href=\"javascript:void(0)\" target=\"_self\"><img src=\"https:\/\/isfd3-bue.infd.edu.ar\/sitio\/wp-content\/uploads\/2018\/12\/WhatsApp-Image-2018-11-22-at-12.09.38-PM-3-600x600.jpeg\" height=\"600\" width=\"600\" alt=\"\" class=\"slider-2692 slide-2714\" title=\"WhatsApp Image 2018-11-22 at 12.09.38 PM (3)\" style=\"display: none;\" \/><\/a>\n<a href=\"javascript:void(0)\" target=\"_self\"><img src=\"https:\/\/isfd3-bue.infd.edu.ar\/sitio\/wp-content\/uploads\/2018\/12\/WhatsApp-Image-2018-11-22-at-12.09.38-PM-2-600x600.jpeg\" height=\"600\" width=\"600\" alt=\"\" class=\"slider-2692 slide-2715\" title=\"WhatsApp Image 2018-11-22 at 12.09.38 PM (2)\" style=\"display: none;\" \/><\/a>\n<a href=\"javascript:void(0)\" target=\"_self\"><img src=\"https:\/\/isfd3-bue.infd.edu.ar\/sitio\/wp-content\/uploads\/2018\/12\/Asambleas-600x600.jpeg\" height=\"600\" width=\"600\" alt=\"\" class=\"slider-2692 slide-2716\" title=\"Asambleas\" style=\"display: none;\" \/><\/a>\n<a href=\"javascript:void(0)\" target=\"_self\"><img src=\"https:\/\/isfd3-bue.infd.edu.ar\/sitio\/wp-content\/uploads\/2018\/12\/Asamblea-600x600.jpeg\" height=\"600\" width=\"600\" alt=\"\" class=\"slider-2692 slide-2717\" title=\"Asamblea\" style=\"display: none;\" \/><\/a>\n        <\/div>\n        \n    <\/div>\n<\/div><\/span><\/p>\n<h4 style=\"text-align: center;\"><span style=\"color: #ff007b;\">GESTI\u00d3N Y PARTICIPACI\u00d3N DE LA COOPERADORA<\/span><\/h4>\n<h2 style=\"text-align: center;\"><span style=\"color: #ff007b;\">2019<\/span><\/h2>\n<div id=\"metaslider-id-3112\" style=\"max-width: 500px; margin: 0 auto;\" class=\"ml-slider-3-33-0 metaslider metaslider-coin metaslider-3112 ml-slider ms-theme-default\" role=\"region\" aria-roledescription=\"Slideshow\" aria-label=\"Slideshow\">\n    <div id=\"metaslider_container_3112\">\n        <div id='metaslider_3112' class='coin-slider'>\n<a href=\"javascript:void(0)\" target=\"_self\"><img src=\"https:\/\/isfd3-bue.infd.edu.ar\/sitio\/wp-content\/uploads\/2019\/03\/5-500x500.jpg\" height=\"500\" width=\"500\" alt=\"\" class=\"slider-3112 slide-3122\" title=\"5\" style=\"display: none;\" \/><\/a>\n<a href=\"javascript:void(0)\" target=\"_self\"><img src=\"https:\/\/isfd3-bue.infd.edu.ar\/sitio\/wp-content\/uploads\/2019\/03\/1-500x500.jpg\" height=\"500\" width=\"500\" alt=\"\" class=\"slider-3112 slide-3118\" title=\"1\" style=\"display: none;\" \/><\/a>\n<a href=\"javascript:void(0)\" target=\"_self\"><img src=\"https:\/\/isfd3-bue.infd.edu.ar\/sitio\/wp-content\/uploads\/2019\/03\/2-500x500.jpg\" height=\"500\" width=\"500\" alt=\"\" class=\"slider-3112 slide-3119\" title=\"2\" style=\"display: none;\" \/><\/a>\n<a href=\"javascript:void(0)\" target=\"_self\"><img src=\"https:\/\/isfd3-bue.infd.edu.ar\/sitio\/wp-content\/uploads\/2019\/03\/3-500x500.jpg\" height=\"500\" width=\"500\" alt=\"\" class=\"slider-3112 slide-3120\" title=\"3\" style=\"display: none;\" \/><\/a>\n<a href=\"javascript:void(0)\" target=\"_self\"><img src=\"https:\/\/isfd3-bue.infd.edu.ar\/sitio\/wp-content\/uploads\/2019\/03\/4-500x500.jpg\" height=\"500\" width=\"500\" alt=\"\" class=\"slider-3112 slide-3121\" title=\"4\" style=\"display: none;\" \/><\/a>\n        <\/div>\n        \n    <\/div>\n<\/div>\n<h2 style=\"text-align: center;\"><span style=\"color: #ff007b;\">2018<\/span><\/h2>\n<div id=\"metaslider-id-2720\" style=\"max-width: 600px; margin: 0 auto;\" class=\"ml-slider-3-33-0 metaslider metaslider-coin metaslider-2720 ml-slider ms-theme-default\" role=\"region\" aria-roledescription=\"Slideshow\" aria-label=\"Slideshow\">\n    <div id=\"metaslider_container_2720\">\n        <div id='metaslider_2720' class='coin-slider'>\n<a href=\"javascript:void(0)\" target=\"_self\"><img src=\"https:\/\/isfd3-bue.infd.edu.ar\/sitio\/wp-content\/uploads\/2018\/12\/WhatsApp-Image-2018-11-22-at-12.09.39-PM-3-600x600.jpeg\" height=\"600\" width=\"600\" alt=\"\" class=\"slider-2720 slide-2725\" title=\"WhatsApp Image 2018-11-22 at 12.09.39 PM (3)\" style=\"display: none;\" \/><\/a>\n<a href=\"javascript:void(0)\" target=\"_self\"><img src=\"https:\/\/isfd3-bue.infd.edu.ar\/sitio\/wp-content\/uploads\/2018\/12\/WhatsApp-Image-2018-11-22-at-12.09.40-PM-600x600.jpeg\" height=\"600\" width=\"600\" alt=\"\" class=\"slider-2720 slide-2726\" title=\"WhatsApp Image 2018-11-22 at 12.09.40 PM\" style=\"display: none;\" \/><\/a>\n<a href=\"javascript:void(0)\" target=\"_self\"><img src=\"https:\/\/isfd3-bue.infd.edu.ar\/sitio\/wp-content\/uploads\/2018\/12\/WhatsApp-Image-2018-11-22-at-12.22.29-PM-600x600.jpeg\" height=\"600\" width=\"600\" alt=\"\" class=\"slider-2720 slide-2727\" title=\"WhatsApp Image 2018-11-22 at 12.22.29 PM\" style=\"display: none;\" \/><\/a>\n<a href=\"javascript:void(0)\" target=\"_self\"><img src=\"https:\/\/isfd3-bue.infd.edu.ar\/sitio\/wp-content\/uploads\/2018\/12\/WhatsApp-Image-2018-12-05-at-11.39.34-600x600.jpeg\" height=\"600\" width=\"600\" alt=\"\" class=\"slider-2720 slide-2728\" title=\"WhatsApp Image 2018-12-05 at 11.39.34\" style=\"display: none;\" \/><\/a>\n        <\/div>\n        \n    <\/div>\n<\/div>\n<p>\u00a0<\/p>\n\n\n<figure class=\"wp-block-image\"><img alt=\"\"\/><\/figure>\n\n\n\n<figure class=\"wp-block-image\"><img alt=\"\"\/><\/figure>\n","protected":false},"excerpt":{"rendered":"<p>\u2003DONACI\u00d3N\u00a0 PROFESORADO DE HISTORIA ACTIVIDADES DE EXTENSI\u00d3N ASAMBLEAS GESTI\u00d3N Y PARTICIPACI\u00d3N DE LA COOPERADORA 2019 2018 \u00a0<\/p>\n","protected":false},"author":39,"featured_media":0,"parent":0,"menu_order":0,"comment_status":"closed","ping_status":"closed","template":"","meta":[],"acf":[],"_links":{"self":[{"href":"https:\/\/isfd3-bue.infd.edu.ar\/sitio\/wp-json\/wp\/v2\/pages\/2574"}],"collection":[{"href":"https:\/\/isfd3-bue.infd.edu.ar\/sitio\/wp-json\/wp\/v2\/pages"}],"about":[{"href":"https:\/\/isfd3-bue.infd.edu.ar\/sitio\/wp-json\/wp\/v2\/types\/page"}],"author":[{"embeddable":true,"href":"https:\/\/isfd3-bue.infd.edu.ar\/sitio\/wp-json\/wp\/v2\/users\/39"}],"replies":[{"embeddable":true,"href":"https:\/\/isfd3-bue.infd.edu.ar\/sitio\/wp-json\/wp\/v2\/comments?post=2574"}],"version-history":[{"count":14,"href":"https:\/\/isfd3-bue.infd.edu.ar\/sitio\/wp-json\/wp\/v2\/pages\/2574\/revisions"}],"predecessor-version":[{"id":7294,"href":"https:\/\/isfd3-bue.infd.edu.ar\/sitio\/wp-json\/wp\/v2\/pages\/2574\/revisions\/7294"}],"wp:attachment":[{"href":"https:\/\/isfd3-bue.infd.edu.ar\/sitio\/wp-json\/wp\/v2\/media?parent=2574"}],"curies":[{"name":"wp","href":"https:\/\/api.w.org\/{rel}","templated":true}]}}