{"id":4293,"date":"2021-02-22T09:31:48","date_gmt":"2021-02-22T12:31:48","guid":{"rendered":"https:\/\/isfd3-bue.infd.edu.ar\/sitio\/?page_id=4293"},"modified":"2026-03-17T11:54:49","modified_gmt":"2026-03-17T14:54:49","slug":"pedidos-de-equivalencias","status":"publish","type":"page","link":"https:\/\/isfd3-bue.infd.edu.ar\/sitio\/informacion-para-alumnos\/pedidos-de-equivalencias\/","title":{"rendered":"Equivalencias"},"content":{"rendered":"<p>Los alumnos que cursan carreras de formaci\u00f3n docente en nuestro Instituto y tienen materias aprobadas en otras instituciones de Educaci\u00f3n Superior universitarias y\/o terciarias con las asignaturas establecidas por los dise\u00f1os curriculares pueden solicitar equivalencias de materias aprobadas.\u00a0<\/p>\n<p><strong>Pedidos de equivalencias se realizan primero de manera virtual (el formulario se encuentra abierto):<\/strong><\/p>\n<ul>\n<li><span style=\"color: #0000ff;\"><a href=\"https:\/\/docs.google.com\/forms\/d\/e\/1FAIpQLSftvK4EZOi1Fez9vqcCU4ShVhFxK0mO8oKExNftMEoSIxp89A\/viewform\"><strong>Formulario para solicitar equivalencias\u00a0 &#8211; AQU\u00cd<\/strong><\/a><\/span><\/li>\n<\/ul>\n<p style=\"text-align: justify;\"><strong><span style=\"font-size: 12pt; color: #000000;\"><span style=\"font-size: 12pt;\">Planillas para solicitar equivalencias: deben completarlas en formato papel<\/span><\/span><\/strong><\/p>\n<div class=\"Y3BBE\" data-sfc-cp=\"\" data-sfc-cb=\"\" data-hveid=\"CAEIAxAA\" data-complete=\"true\" data-processed=\"true\"><span style=\"color: #0000ff;\"><strong class=\"Yjhzub\" data-sfc-cb=\"\" data-complete=\"true\" data-processed=\"true\">Entrega de planillas de equivalencias en papel:<\/strong><\/span><\/div>\n<div class=\"Y3BBE\" data-sfc-cp=\"\" data-sfc-cb=\"\" data-hveid=\"CAEIBBAA\" data-complete=\"true\" data-processed=\"true\"><span style=\"color: #0000ff;\"><strong class=\"Yjhzub\" data-sfc-cb=\"\" data-complete=\"true\" data-processed=\"true\">16\/03\/26 al 27\/03\/26<\/strong><\/span><\/div>\n<div class=\"Fsg96\" data-sfc-cp=\"\" data-sfc-cb=\"\" data-complete=\"true\" data-processed=\"true\">\u00a0<\/div>\n<p style=\"text-align: justify;\">Y si rindieron los finales en otra instituci\u00f3n: deben indicar datos de las materias, y entregarlos en una carpeta, deben estar foliados y legalizados por la Instituci\u00f3n en la que aprobaron.<\/p>\n<p><strong>PLANILLAS:<\/strong><\/p>\n<ul>\n<li><span style=\"font-size: 16px; color: #0000ff;\"><a title=\"A14a Equivalencia asignatura NUEVO\" href=\"upload\/A14a-Equivalencia_asignatura-NUEVO.doc\" target=\"_blank\" rel=\"noopener\"><span style=\"color: #0000ff;\">Equivalencia Asignatura<\/span><\/a>\u00a0<span style=\"color: #000000;\">Una por cada materia pedida<\/span><\/span><\/li>\n<li><span style=\"font-size: 16px; color: #0000ff;\"><a style=\"color: #0000ff;\" title=\"A14 Equivalencia resumen NUEVO\" href=\"upload\/A14-Equivalencia_resumen_NUEVO.doc\" target=\"_blank\" rel=\"noopener\">Equivalencia Resumen<\/a>\u00a0<span style=\"color: #000000;\">Una sola, que contenga todos las materias pedidas<\/span><\/span><\/li>\n<\/ul>\n<h4><span style=\"color: #0000ff;\"><b>Equivalencias Externas: mismo formulario anterior<\/b><\/span><\/h4>\n<p><strong>Normativa: Res. 1639\/18 anexo I \u2013 Condiciones para solicitar Equivalencias<\/strong><\/p>\n<p>Para solicitar la acreditaci\u00f3n por equivalencia el estudiante deber\u00e1:<\/p>\n<ul>\n<li>Solicitar mediante nota firmada al realizar la inscripci\u00f3n en la secretar\u00eda del instituto, seg\u00fan el calendario de actividades docentes, el reconocimiento de equivalencias, aprobadas en la misma instituci\u00f3n o en otra instituci\u00f3n educativa, de estudios superiores reconocidos oficialmente, que integran el plan de estudios o dise\u00f1o curricular de la carrera en la que solicita el ingreso.<\/li>\n<li>La solicitud se realizar\u00e1 sobre la totalidad de las unidades curriculares o materias que integran el plan de estudio o dise\u00f1o curricular de la carrera o plan de estudios al que se solicita ingresar.<\/li>\n<li>La solicitud se resolver\u00e1 junto con la matriculaci\u00f3n y con anterioridad al inicio del ciclo lectivo, y siempre antes de la fecha de inscripci\u00f3n e inicio de las cursadas.<\/li>\n<li>En los supuestos que existan equivalencias de unidades curriculares o materias, entre el nuevo plan de estudios y el derogado, que posean la misma denominaci\u00f3n y\/o equivalente contenido, las mismas se reconocer\u00e1n de forma autom\u00e1tica, seg\u00fan corresponda.<\/li>\n<li>Se deber\u00e1 acompa\u00f1ar la solicitud con el certificado de estudios realizados y el\/los programa\/s, en el\/los que conste carga horaria, contenidos y bibliograf\u00eda, del\/las unidad\/es curricular\/es en el\/las que solicita equivalencia. La documentaci\u00f3n deber\u00e1 estar debidamente certificada.<\/li>\n<\/ul>\n<p><strong><span style=\"font-size: 12pt; color: #000000;\"><span style=\"font-size: 12pt;\">Cuando presenten materias aprobadas por otra instituci\u00f3n deben sumar el anal\u00edtico con los finales aprobados.<\/span><\/span><\/strong><\/p>\n<p>\u00a0<\/p>\n\n\n<p><\/p>\n","protected":false},"excerpt":{"rendered":"<p>Los alumnos que cursan carreras de formaci\u00f3n docente en nuestro Instituto y tienen materias aprobadas en otras instituciones de Educaci\u00f3n Superior universitarias y\/o terciarias con las asignaturas establecidas por los dise\u00f1os curriculares pueden solicitar equivalencias de materias aprobadas.\u00a0 Pedidos de equivalencias se realizan primero de manera virtual (el formulario se encuentra abierto): Formulario para solicitar &#8230; <a title=\"Equivalencias\" class=\"read-more\" href=\"https:\/\/isfd3-bue.infd.edu.ar\/sitio\/informacion-para-alumnos\/pedidos-de-equivalencias\/\" aria-label=\"More on Equivalencias\">[+]<\/a><\/p>\n","protected":false},"author":39,"featured_media":0,"parent":1145,"menu_order":0,"comment_status":"closed","ping_status":"closed","template":"","meta":[],"acf":[],"_links":{"self":[{"href":"https:\/\/isfd3-bue.infd.edu.ar\/sitio\/wp-json\/wp\/v2\/pages\/4293"}],"collection":[{"href":"https:\/\/isfd3-bue.infd.edu.ar\/sitio\/wp-json\/wp\/v2\/pages"}],"about":[{"href":"https:\/\/isfd3-bue.infd.edu.ar\/sitio\/wp-json\/wp\/v2\/types\/page"}],"author":[{"embeddable":true,"href":"https:\/\/isfd3-bue.infd.edu.ar\/sitio\/wp-json\/wp\/v2\/users\/39"}],"replies":[{"embeddable":true,"href":"https:\/\/isfd3-bue.infd.edu.ar\/sitio\/wp-json\/wp\/v2\/comments?post=4293"}],"version-history":[{"count":44,"href":"https:\/\/isfd3-bue.infd.edu.ar\/sitio\/wp-json\/wp\/v2\/pages\/4293\/revisions"}],"predecessor-version":[{"id":8607,"href":"https:\/\/isfd3-bue.infd.edu.ar\/sitio\/wp-json\/wp\/v2\/pages\/4293\/revisions\/8607"}],"up":[{"embeddable":true,"href":"https:\/\/isfd3-bue.infd.edu.ar\/sitio\/wp-json\/wp\/v2\/pages\/1145"}],"wp:attachment":[{"href":"https:\/\/isfd3-bue.infd.edu.ar\/sitio\/wp-json\/wp\/v2\/media?parent=4293"}],"curies":[{"name":"wp","href":"https:\/\/api.w.org\/{rel}","templated":true}]}}