{"id":6174,"date":"2022-10-17T11:28:30","date_gmt":"2022-10-17T14:28:30","guid":{"rendered":"https:\/\/isfd3-bue.infd.edu.ar\/sitio\/?page_id=6174"},"modified":"2026-03-12T09:30:17","modified_gmt":"2026-03-12T12:30:17","slug":"art","status":"publish","type":"page","link":"https:\/\/isfd3-bue.infd.edu.ar\/sitio\/art\/","title":{"rendered":"Tr\u00e1mite de ART"},"content":{"rendered":"\n<p><strong>Ante un accidente de trabajo en el instituto, in it\u00ednere o enfermedad laboral debemos:<\/strong><\/p>\n\n\n\n<ul>\n<li>Confeccionar la planilla de denuncia con los datos como figura en la de modelo.<\/li>\n\n\n\n<li>Llamar al 08003331333 y hacer la denuncia. Anotar en la planilla el n\u00famero de denuncia que dan por tel\u00e9fono. Firmar la planilla al final de la misma.<\/li>\n\n\n\n<li>Van a derivar a el\/la accidentado\/a a un centro de atenci\u00f3n.<\/li>\n\n\n\n<li>Escanear la denuncia y enviarla por correo a  mesadecarga@provart.com.ar<\/li>\n<\/ul>\n\n\n\n<p>Por consultas 08003331278<\/p>\n\n\n\n<p><\/p>\n\n\n\n<div class=\"wp-block-file\"><a id=\"wp-block-file--media-7a373a64-a4e4-48e9-b978-61c4f52b7a5d\" href=\"https:\/\/isfd3-bue.infd.edu.ar\/sitio\/wp-content\/uploads\/2022\/10\/provincia_art_denuncia_202001.pdf\"><strong>PLANILLA DE DENUNCIA DE ACCIDENTE DE TRABAJO O ENFERMEDAD PROFESIONAL<br>(INCLUYE TABLA DE CODIFICACI\u00d3N SEG\u00daN RESOLUCI\u00d3N 1601 Y 1604\/07)<\/strong><\/a><a href=\"https:\/\/isfd3-bue.infd.edu.ar\/sitio\/wp-content\/uploads\/2022\/10\/provincia_art_denuncia_202001.pdf\" class=\"wp-block-file__button wp-element-button\" download aria-describedby=\"wp-block-file--media-7a373a64-a4e4-48e9-b978-61c4f52b7a5d\">Descarga<\/a><\/div>\n\n\n\n<p><\/p>\n","protected":false},"excerpt":{"rendered":"<p>Ante un accidente de trabajo en el instituto, in it\u00ednere o enfermedad laboral debemos: Por consultas 08003331278<\/p>\n","protected":false},"author":39,"featured_media":0,"parent":0,"menu_order":0,"comment_status":"closed","ping_status":"closed","template":"","meta":[],"acf":[],"_links":{"self":[{"href":"https:\/\/isfd3-bue.infd.edu.ar\/sitio\/wp-json\/wp\/v2\/pages\/6174"}],"collection":[{"href":"https:\/\/isfd3-bue.infd.edu.ar\/sitio\/wp-json\/wp\/v2\/pages"}],"about":[{"href":"https:\/\/isfd3-bue.infd.edu.ar\/sitio\/wp-json\/wp\/v2\/types\/page"}],"author":[{"embeddable":true,"href":"https:\/\/isfd3-bue.infd.edu.ar\/sitio\/wp-json\/wp\/v2\/users\/39"}],"replies":[{"embeddable":true,"href":"https:\/\/isfd3-bue.infd.edu.ar\/sitio\/wp-json\/wp\/v2\/comments?post=6174"}],"version-history":[{"count":3,"href":"https:\/\/isfd3-bue.infd.edu.ar\/sitio\/wp-json\/wp\/v2\/pages\/6174\/revisions"}],"predecessor-version":[{"id":8530,"href":"https:\/\/isfd3-bue.infd.edu.ar\/sitio\/wp-json\/wp\/v2\/pages\/6174\/revisions\/8530"}],"wp:attachment":[{"href":"https:\/\/isfd3-bue.infd.edu.ar\/sitio\/wp-json\/wp\/v2\/media?parent=6174"}],"curies":[{"name":"wp","href":"https:\/\/api.w.org\/{rel}","templated":true}]}}