{"id":6421,"date":"2023-02-16T10:31:31","date_gmt":"2023-02-16T13:31:31","guid":{"rendered":"https:\/\/isfd3-bue.infd.edu.ar\/sitio\/?page_id=6421"},"modified":"2025-11-04T09:52:06","modified_gmt":"2025-11-04T12:52:06","slug":"pedidos-por-pase","status":"publish","type":"page","link":"https:\/\/isfd3-bue.infd.edu.ar\/sitio\/pedidos-por-pase\/","title":{"rendered":"Solicitudes de pase"},"content":{"rendered":"\n<p>Los pedidos por pase de&nbsp;<strong>Institutos Superiores de Formaci\u00f3n Docente de la Provincia de Bs. As.&nbsp;<\/strong>se realizan en cualquier fecha del a\u00f1o.<\/p>\n\n\n\n<p><strong>&nbsp;<\/strong><strong><u>DOCUMENTACI\u00d3N A PRESENTAR<\/u><\/strong><strong>:<\/strong><\/p>\n\n\n\n<ul>\n<li><a href=\"https:\/\/isfd3-bue.infd.edu.ar\/sitio\/wp-content\/uploads\/2021\/03\/Nota-Solicitud-de-pase-para-alumnes.docx\">Nota de solicitud de Pase.<\/a><\/li>\n\n\n\n<li>Certificado Anal\u00edtico (con detalle de materias con final aprobado y materias con cursado aprobado).<\/li>\n\n\n\n<li>DNI<\/li>\n\n\n\n<li>T\u00edtulo Secundario y Acta de Nacimiento<\/li>\n\n\n\n<li>Apto fonoaudiol\u00f3gico (en las carreras que lo requieren)<\/li>\n<\/ul>\n\n\n\n<p>Enviar todo en formato pdf a&nbsp;pasesisfd3@gmail.com&nbsp;indicando en Asunto: Pase y (apellido del solicitante).<\/p>\n\n\n\n<h4 class=\"wp-block-heading\"><strong>&nbsp;IMPORTANTE:<\/strong><\/h4>\n\n\n\n<ul>\n<li>Quienes ingresen con espacios curriculares sin calificaci\u00f3n deber\u00e1n rendir con el programa de examen de nuestra instituci\u00f3n.<\/li>\n\n\n\n<li>Si provienen de un Instituto de Formaci\u00f3n Docente de otra provincia deber\u00e1n tramitar equivalencias, ya que no se otorgan Pases fuera de la jurisdicci\u00f3n.<\/li>\n<\/ul>\n\n\n\n<p><\/p>\n","protected":false},"excerpt":{"rendered":"<p>Los pedidos por pase de&nbsp;Institutos Superiores de Formaci\u00f3n Docente de la Provincia de Bs. As.&nbsp;se realizan en cualquier fecha del a\u00f1o. &nbsp;DOCUMENTACI\u00d3N A PRESENTAR: Enviar todo en formato pdf a&nbsp;pasesisfd3@gmail.com&nbsp;indicando en Asunto: Pase y (apellido del solicitante). &nbsp;IMPORTANTE:<\/p>\n","protected":false},"author":39,"featured_media":0,"parent":0,"menu_order":0,"comment_status":"closed","ping_status":"closed","template":"","meta":[],"acf":[],"_links":{"self":[{"href":"https:\/\/isfd3-bue.infd.edu.ar\/sitio\/wp-json\/wp\/v2\/pages\/6421"}],"collection":[{"href":"https:\/\/isfd3-bue.infd.edu.ar\/sitio\/wp-json\/wp\/v2\/pages"}],"about":[{"href":"https:\/\/isfd3-bue.infd.edu.ar\/sitio\/wp-json\/wp\/v2\/types\/page"}],"author":[{"embeddable":true,"href":"https:\/\/isfd3-bue.infd.edu.ar\/sitio\/wp-json\/wp\/v2\/users\/39"}],"replies":[{"embeddable":true,"href":"https:\/\/isfd3-bue.infd.edu.ar\/sitio\/wp-json\/wp\/v2\/comments?post=6421"}],"version-history":[{"count":8,"href":"https:\/\/isfd3-bue.infd.edu.ar\/sitio\/wp-json\/wp\/v2\/pages\/6421\/revisions"}],"predecessor-version":[{"id":8082,"href":"https:\/\/isfd3-bue.infd.edu.ar\/sitio\/wp-json\/wp\/v2\/pages\/6421\/revisions\/8082"}],"wp:attachment":[{"href":"https:\/\/isfd3-bue.infd.edu.ar\/sitio\/wp-json\/wp\/v2\/media?parent=6421"}],"curies":[{"name":"wp","href":"https:\/\/api.w.org\/{rel}","templated":true}]}}