{"id":6838,"date":"2023-10-10T10:21:32","date_gmt":"2023-10-10T13:21:32","guid":{"rendered":"https:\/\/isfd3-bue.infd.edu.ar\/sitio\/?page_id=6838"},"modified":"2026-02-25T15:48:20","modified_gmt":"2026-02-25T18:48:20","slug":"salida-educativa","status":"publish","type":"page","link":"https:\/\/isfd3-bue.infd.edu.ar\/sitio\/salida-educativa\/","title":{"rendered":"Salida Educativa"},"content":{"rendered":"\n<p style=\"font-size:18px\">RESOLUCI\u00d3N FIRMA CONJUNTA<\/p>\n\n\n\n<div class=\"wp-block-file\"><a id=\"wp-block-file--media-238d4059-d9f6-447d-87aa-d22622bd0f95\" href=\"https:\/\/isfd3-bue.infd.edu.ar\/sitio\/wp-content\/uploads\/2024\/10\/RSC-2024-35942004-GDEBA-DGCYE.pdf\">RESOC-2024-3871-GDEBA-DGCYE<\/a><a href=\"https:\/\/isfd3-bue.infd.edu.ar\/sitio\/wp-content\/uploads\/2024\/10\/RSC-2024-35942004-GDEBA-DGCYE.pdf\" class=\"wp-block-file__button wp-element-button\" download aria-describedby=\"wp-block-file--media-238d4059-d9f6-447d-87aa-d22622bd0f95\">Descarga<\/a><\/div>\n\n\n\n<p style=\"font-size:15px\"><br>REQUISITOS GENERALES PARA LA REALIZACI\u00d3N DE SALIDAS EDUCATIVAS Y<br>SALIDAS DE REPRESENTACI\u00d3N INSTITUCIONAL<\/p>\n\n\n\n<div class=\"wp-block-file\"><a id=\"wp-block-file--media-25f39c88-197d-4355-b09c-6413417b264d\" href=\"https:\/\/isfd3-bue.infd.edu.ar\/sitio\/wp-content\/uploads\/2024\/10\/ANEXO-1-IF-2024-35027702-GDEBA-CGCYEDGCYE.pdf\">ANEXO-1-IF-2024-35027702-GDEBA-CGCYEDGCYE<\/a><a href=\"https:\/\/isfd3-bue.infd.edu.ar\/sitio\/wp-content\/uploads\/2024\/10\/ANEXO-1-IF-2024-35027702-GDEBA-CGCYEDGCYE.pdf\" class=\"wp-block-file__button wp-element-button\" download aria-describedby=\"wp-block-file--media-25f39c88-197d-4355-b09c-6413417b264d\">Descarga<\/a><\/div>\n\n\n\n<p><\/p>\n\n\n\n<p style=\"font-size:15px\">AUTORIZACI\u00d3N GENERAL PARA ACTIVIDADES DURANTE EL CICLO LECTIVO<\/p>\n\n\n\n<div class=\"wp-block-file\"><a id=\"wp-block-file--media-2d07d3a1-ac81-4f6b-8903-b8d271e853d6\" href=\"https:\/\/isfd3-bue.infd.edu.ar\/sitio\/wp-content\/uploads\/2024\/10\/ANEXO-3-IF-2024-35029272-GDEBA-CGCYEDGCYE.pdf\">ANEXO-3-IF-2024-35029272-GDEBA-CGCYEDGCYE<\/a><a href=\"https:\/\/isfd3-bue.infd.edu.ar\/sitio\/wp-content\/uploads\/2024\/10\/ANEXO-3-IF-2024-35029272-GDEBA-CGCYEDGCYE.pdf\" class=\"wp-block-file__button wp-element-button\" download aria-describedby=\"wp-block-file--media-2d07d3a1-ac81-4f6b-8903-b8d271e853d6\">Descarga<\/a><\/div>\n\n\n\n<p><\/p>\n\n\n\n<p class=\"has-small-font-size\">FORMULARIO DE ITINERARIO, ACTIVIDADES, OBJETIVOS Y CRONOGRAMA<\/p>\n\n\n\n<div class=\"wp-block-file\"><a id=\"wp-block-file--media-918d2b0e-83f3-4421-b4e6-e761d6979abd\" href=\"https:\/\/isfd3-bue.infd.edu.ar\/sitio\/wp-content\/uploads\/2025\/09\/ANEXO-4.docx\">ANEXO-4<\/a><a href=\"https:\/\/isfd3-bue.infd.edu.ar\/sitio\/wp-content\/uploads\/2025\/09\/ANEXO-4.docx\" class=\"wp-block-file__button wp-element-button\" download aria-describedby=\"wp-block-file--media-918d2b0e-83f3-4421-b4e6-e761d6979abd\">Descarga<\/a><\/div>\n\n\n\n<p><\/p>\n\n\n\n<p class=\"has-small-font-size\">PLANILLA DE ESTUDIANTES Y ACOMPA\u00d1ANTES \/ PLANILLA DE ASISTENCIA<\/p>\n\n\n\n<div class=\"wp-block-file\"><a id=\"wp-block-file--media-6ce8a944-f239-46da-96c5-bf7392c086fb\" href=\"https:\/\/isfd3-bue.infd.edu.ar\/sitio\/wp-content\/uploads\/2025\/09\/ANEXO-5.docx\">ANEXO-5<\/a><a href=\"https:\/\/isfd3-bue.infd.edu.ar\/sitio\/wp-content\/uploads\/2025\/09\/ANEXO-5.docx\" class=\"wp-block-file__button wp-element-button\" download aria-describedby=\"wp-block-file--media-6ce8a944-f239-46da-96c5-bf7392c086fb\">Descarga<\/a><\/div>\n\n\n\n<p><\/p>\n\n\n\n<p class=\"has-small-font-size\">PLANILLA INFORMATIVA Y AUTORIZACI\u00d3N<\/p>\n\n\n\n<div class=\"wp-block-file\"><a id=\"wp-block-file--media-34d7ef96-3b5e-46f0-9f2b-e8e5b5f08cc7\" href=\"https:\/\/isfd3-bue.infd.edu.ar\/sitio\/wp-content\/uploads\/2024\/10\/ANEXO-6-IF-2024-35030478-GDEBA-CGCYEDGCYE.pdf\">ANEXO-6-IF-2024-35030478-GDEBA-CGCYEDGCYE<\/a><a href=\"https:\/\/isfd3-bue.infd.edu.ar\/sitio\/wp-content\/uploads\/2024\/10\/ANEXO-6-IF-2024-35030478-GDEBA-CGCYEDGCYE.pdf\" class=\"wp-block-file__button wp-element-button\" download aria-describedby=\"wp-block-file--media-34d7ef96-3b5e-46f0-9f2b-e8e5b5f08cc7\">Descarga<\/a><\/div>\n\n\n\n<p><\/p>\n\n\n\n<p class=\"has-small-font-size\">DECLARACI\u00d3N JURADA DE LA Y EL ESTUDIANTE MAYOR DE 18 A\u00d1OS O EMANCIPADA\/O<\/p>\n\n\n\n<div class=\"wp-block-file\"><a id=\"wp-block-file--media-78626c01-abb7-49a6-b988-b2b503009b27\" href=\"https:\/\/isfd3-bue.infd.edu.ar\/sitio\/wp-content\/uploads\/2025\/09\/ANEXO-7.docx\">ANEXO-7<\/a><a href=\"https:\/\/isfd3-bue.infd.edu.ar\/sitio\/wp-content\/uploads\/2025\/09\/ANEXO-7.docx\" class=\"wp-block-file__button wp-element-button\" download aria-describedby=\"wp-block-file--media-78626c01-abb7-49a6-b988-b2b503009b27\">Descarga<\/a><\/div>\n\n\n\n<p><\/p>\n\n\n\n<p class=\"has-small-font-size\">PLANILLA INFORME DE TRANSPORTE A CONTRATAR<\/p>\n\n\n\n<div class=\"wp-block-file\"><a id=\"wp-block-file--media-69d06903-73be-40f5-b168-e57be78202cf\" href=\"https:\/\/isfd3-bue.infd.edu.ar\/sitio\/wp-content\/uploads\/2024\/10\/ANEXO-8-IF-2024-35031394-GDEBA-CGCYEDGCYE.pdf\">ANEXO-8-IF-2024-35031394-GDEBA-CGCYEDGCYE<\/a><a href=\"https:\/\/isfd3-bue.infd.edu.ar\/sitio\/wp-content\/uploads\/2024\/10\/ANEXO-8-IF-2024-35031394-GDEBA-CGCYEDGCYE.pdf\" class=\"wp-block-file__button wp-element-button\" download aria-describedby=\"wp-block-file--media-69d06903-73be-40f5-b168-e57be78202cf\">Descarga<\/a><\/div>\n\n\n\n<p><\/p>\n\n\n\n<p class=\"has-small-font-size\">DECLARACI\u00d3N JURADA DE DIRECTIVOS Y\/O REPRESENTANTES LEGALES<br>SALIDAS EDUCATIVAS \/ DE REPRESENTACI\u00d3N INSTITUCIONAL<\/p>\n\n\n\n<div class=\"wp-block-file\"><a id=\"wp-block-file--media-56091cdd-dbae-4ef4-9dac-2a4ad51f3555\" href=\"https:\/\/isfd3-bue.infd.edu.ar\/sitio\/wp-content\/uploads\/2024\/10\/ANEXO-9-IF-2024-35031909-GDEBA-CGCYEDGCYE.pdf\">ANEXO-9-IF-2024-35031909-GDEBA-CGCYEDGCYE<\/a><a href=\"https:\/\/isfd3-bue.infd.edu.ar\/sitio\/wp-content\/uploads\/2024\/10\/ANEXO-9-IF-2024-35031909-GDEBA-CGCYEDGCYE.pdf\" class=\"wp-block-file__button wp-element-button\" download aria-describedby=\"wp-block-file--media-56091cdd-dbae-4ef4-9dac-2a4ad51f3555\">Descarga<\/a><\/div>\n\n\n\n<h1 class=\"wp-block-heading has-text-color\" style=\"color:#bf1fa7;font-size:18px;font-style:normal;font-weight:300\"><br><strong>Por favor, enviar las solicitudes de salidas educativas al correo: prosecretariaisfd3@gmail.com<\/strong><\/h1>\n\n\n\n<pre class=\"wp-block-preformatted\"><strong>GU\u00cdA PARA COMPLETAR ANEXOS<\/strong><\/pre>\n\n\n\n<h5 class=\"wp-block-heading has-text-align-center\">C\u00f3mo completar el Anexo 4<\/h5>\n\n\n\n<p>Fecha de salida &nbsp;&nbsp;&nbsp;&nbsp;&nbsp;&nbsp;&nbsp;&nbsp;&nbsp;&nbsp;&nbsp;&nbsp;&nbsp;&nbsp;&nbsp;&nbsp;&nbsp;&nbsp;&nbsp; &nbsp;Hora &nbsp;&nbsp;&nbsp;&nbsp;&nbsp;&nbsp;&nbsp;&nbsp;&nbsp;&nbsp;&nbsp;&nbsp;&nbsp;&nbsp; Lugar &nbsp;&nbsp;&nbsp;&nbsp;&nbsp;&nbsp;&nbsp;&nbsp;&nbsp;&nbsp;&nbsp;&nbsp;&nbsp;&nbsp;&nbsp;&nbsp;&nbsp;&nbsp;&nbsp;&nbsp;&nbsp;&nbsp;&nbsp;&nbsp;&nbsp;&nbsp;&nbsp;&nbsp;&nbsp;&nbsp;&nbsp;&nbsp;&nbsp;&nbsp;&nbsp;&nbsp;&nbsp;&nbsp;&nbsp;&nbsp;&nbsp;&nbsp;&nbsp;&nbsp;&nbsp;&nbsp;&nbsp;<\/p>\n\n\n\n<p>Fecha de regreso &nbsp;&nbsp;&nbsp;&nbsp;&nbsp;&nbsp;&nbsp;&nbsp;&nbsp;&nbsp;&nbsp;&nbsp;&nbsp;&nbsp;&nbsp;&nbsp;&nbsp;&nbsp; Hora &nbsp;&nbsp;&nbsp;&nbsp;&nbsp;&nbsp;&nbsp;&nbsp;&nbsp;&nbsp;&nbsp;&nbsp;&nbsp;&nbsp; Lugar &nbsp;&nbsp;&nbsp;<\/p>\n\n\n\n<p><strong>Para este ejemplo la salida educativa ser\u00e1 a la escuela 502<\/strong>&nbsp;&nbsp;&nbsp;&nbsp;&nbsp;&nbsp;&nbsp;&nbsp;&nbsp;&nbsp;&nbsp;&nbsp;&nbsp;&nbsp;&nbsp;&nbsp;&nbsp;&nbsp;&nbsp;&nbsp;&nbsp;&nbsp;&nbsp;&nbsp;&nbsp;&nbsp;&nbsp;&nbsp;&nbsp;&nbsp;&nbsp;&nbsp;&nbsp;&nbsp;&nbsp;&nbsp;&nbsp;&nbsp;&nbsp;&nbsp;&nbsp;&nbsp;<\/p>\n\n\n\n<p><strong>Opci\u00f3n A \u2013 Si salen desde el Instituto y luego vuelven a \u00e9l :<\/strong><\/p>\n\n\n\n<ul>\n<li><strong>Fecha de salida:<\/strong> 25\/10\/2025 \u2013 08:00 h\u2013 ISFD N.\u00ba 3<\/li>\n\n\n\n<li><strong>Fecha de regreso:<\/strong> 25\/10\/2025 \u2013 10:00 h \u2013 ISFD N.\u00ba 3<\/li>\n<\/ul>\n\n\n\n<p><\/p>\n\n\n\n<p><strong>Opci\u00f3n B \u2013 Si el regreso es libre (cada estudiante contin\u00faa su jornada en otros espacios<\/strong>)<\/p>\n\n\n\n<ul>\n<li><strong>Fecha de salida:<\/strong> 25\/10\/2025 \u2013 08:00 \u2013 Escuela 502<\/li>\n\n\n\n<li><strong>Fecha de regreso:<\/strong> 25\/10\/2025 \u2013 10:00 \u2013 Cada estudiante se retira por sus propios medios al finalizar la actividad.<\/li>\n<\/ul>\n\n\n\n<p><\/p>\n\n\n\n<hr class=\"wp-block-separator has-alpha-channel-opacity\"\/>\n\n\n\n<p class=\"has-text-align-left\">Tambi\u00e9n es imprescindible incluir en e<strong> ITINERARIO <\/strong>lo siguiente de forma clara y precisa:<\/p>\n\n\n\n<h6 class=\"wp-block-heading\">1. <strong>Modo de traslado<\/strong><\/h6>\n\n\n\n<p><strong>Especificar c\u00f3mo se movilizan los\/las estudiantes.<\/strong><br><strong>Por ejemplo<\/strong>: <em>\u201cLos\/las estudiantes se trasladar\u00e1n por sus propios medios a la Biblioteca Rivadavia y, una vez finalizada la visita, se retirar\u00e1n de la misma forma o seg\u00fan el medio utilizado para llegar.\u201d<\/em><\/p>\n\n\n\n<p><strong>Otro ejemplo: <\/strong>La salida se realizar\u00e1 desde el Instituto Superior de Formaci\u00f3n Docente N.\u00ba 3 hacia la escuela 502. El regreso est\u00e1 previsto al mismo punto de partida.<\/p>\n\n\n\n<hr class=\"wp-block-separator has-alpha-channel-opacity\"\/>\n\n\n\n<h6 class=\"wp-block-heading\">2. <strong>Datos acad\u00e9micos necesarios<\/strong><\/h6>\n\n\n\n<p><strong>Detallar en el itinerario: <\/strong><br>Carrera<br>Unidad Curricular<br>Curso<br>A\u00f1o<\/p>\n\n\n\n<h6 class=\"wp-block-heading\">3. <strong>Plazos para presentar los Anexos:<\/strong><\/h6>\n\n\n\n<ul>\n<li><strong>Dentro del distrito<\/strong>: al menos <strong>10 d\u00edas de anticipaci\u00f3n<\/strong> para salidas con regreso en el d\u00eda o que duren m\u00e1s de 24 horas. (Anexos 4, 5 y 7)<\/li>\n\n\n\n<li><strong>Fuera de la provincia<\/strong>: al menos <strong>20 d\u00edas de anticipaci\u00f3n<\/strong>,  (Anexos 4, 5, 7 y 8) <br><em>Estos plazos son obligatorios para garantizar la aprobaci\u00f3n de firmas y la tramitaci\u00f3n administrativa correspondiente.<\/em><\/li>\n<\/ul>\n\n\n\n<h4 class=\"wp-block-heading has-text-align-center\">C\u00f3mo gestionar el Anexo 7<\/h4>\n\n\n\n<p>Para simplificar la presentaci\u00f3n del <strong>Anexo N\u00ba 7 (Declaraci\u00f3n Jurada de estudiantes mayores de 18 a\u00f1os o emancipados)<\/strong> y cumplir con los requisitos de autorizaci\u00f3n en cada salida educativa, les sugerimos seguir este procedimiento:<\/p>\n\n\n\n<ol>\n<li>El docente responsable debe <strong>crear una carpeta compartida en Google Drive<\/strong> e incluir en ella:\n<ul>\n<li><strong><a>prosecretariaisfd3@gmail.com<\/a><\/strong><\/li>\n\n\n\n<li>A las y los estudiantes y asignarles el permiso de <strong>Editor<\/strong>.<\/li>\n<\/ul>\n<\/li>\n\n\n\n<li>Cada estudiante sube directamente su Anexo N\u00ba 7 a esa carpeta.<\/li>\n\n\n\n<li>Esta soluci\u00f3n centraliza la recepci\u00f3n de documentos, evita env\u00edos por separado por correo y facilita el <strong>acceso r\u00e1pido<\/strong> a los anexos, permitiendo que el\/la docente verifique que todos los datos fueron completados correctamente.<\/li>\n<\/ol>\n\n\n\n<p>As\u00ed, se ahorra tiempo, se reduce la posibilidad de errores y se agiliza la gesti\u00f3n de permisos para la salida educativa.<\/p>\n","protected":false},"excerpt":{"rendered":"<p>RESOLUCI\u00d3N FIRMA CONJUNTA REQUISITOS GENERALES PARA LA REALIZACI\u00d3N DE SALIDAS EDUCATIVAS YSALIDAS DE REPRESENTACI\u00d3N INSTITUCIONAL AUTORIZACI\u00d3N GENERAL PARA ACTIVIDADES DURANTE EL CICLO LECTIVO FORMULARIO DE ITINERARIO, ACTIVIDADES, OBJETIVOS Y CRONOGRAMA PLANILLA DE ESTUDIANTES Y ACOMPA\u00d1ANTES \/ PLANILLA DE ASISTENCIA PLANILLA INFORMATIVA Y AUTORIZACI\u00d3N DECLARACI\u00d3N JURADA DE LA Y EL ESTUDIANTE MAYOR DE 18 A\u00d1OS O &#8230; <a title=\"Salida Educativa\" class=\"read-more\" href=\"https:\/\/isfd3-bue.infd.edu.ar\/sitio\/salida-educativa\/\" aria-label=\"More on Salida Educativa\">[+]<\/a><\/p>\n","protected":false},"author":39,"featured_media":0,"parent":0,"menu_order":0,"comment_status":"closed","ping_status":"closed","template":"","meta":[],"acf":[],"_links":{"self":[{"href":"https:\/\/isfd3-bue.infd.edu.ar\/sitio\/wp-json\/wp\/v2\/pages\/6838"}],"collection":[{"href":"https:\/\/isfd3-bue.infd.edu.ar\/sitio\/wp-json\/wp\/v2\/pages"}],"about":[{"href":"https:\/\/isfd3-bue.infd.edu.ar\/sitio\/wp-json\/wp\/v2\/types\/page"}],"author":[{"embeddable":true,"href":"https:\/\/isfd3-bue.infd.edu.ar\/sitio\/wp-json\/wp\/v2\/users\/39"}],"replies":[{"embeddable":true,"href":"https:\/\/isfd3-bue.infd.edu.ar\/sitio\/wp-json\/wp\/v2\/comments?post=6838"}],"version-history":[{"count":22,"href":"https:\/\/isfd3-bue.infd.edu.ar\/sitio\/wp-json\/wp\/v2\/pages\/6838\/revisions"}],"predecessor-version":[{"id":8262,"href":"https:\/\/isfd3-bue.infd.edu.ar\/sitio\/wp-json\/wp\/v2\/pages\/6838\/revisions\/8262"}],"wp:attachment":[{"href":"https:\/\/isfd3-bue.infd.edu.ar\/sitio\/wp-json\/wp\/v2\/media?parent=6838"}],"curies":[{"name":"wp","href":"https:\/\/api.w.org\/{rel}","templated":true}]}}