{"id":7514,"date":"2024-11-20T09:43:20","date_gmt":"2024-11-20T12:43:20","guid":{"rendered":"https:\/\/isfd3-bue.infd.edu.ar\/sitio\/?page_id=7514"},"modified":"2024-11-27T10:54:39","modified_gmt":"2024-11-27T13:54:39","slug":"afod","status":"publish","type":"page","link":"https:\/\/isfd3-bue.infd.edu.ar\/sitio\/afod\/","title":{"rendered":"AFoD"},"content":{"rendered":"\n<p>Proyecto AFoD<br>\u201cAlfabetizaci\u00f3n y Formaci\u00f3n Docente\u201d<br>La Direcci\u00f3n Provincial de Educaci\u00f3n Superior y la Direcci\u00f3n de Primaria articulan este proyecto que propone el acompa\u00f1amiento formativo de nuestras\/os estudiantes -docentes en formaci\u00f3n- en la ense\u00f1anza de las pr\u00e1cticas del lenguaje, en particular de la lectura y la escritura en el \u00e1mbito literario y en contexto de estudio de las ciencias.<br>Sabemos que el fortalecimiento de la alfabetizaci\u00f3n inicial es una l\u00ednea pol\u00edtico pedag\u00f3gica de la Direcci\u00f3n de Educaci\u00f3n Primaria, sobre esta idea central es que la Direcci\u00f3n de Educaci\u00f3n Superior se propone profundizar la formaci\u00f3n docente desde el inicio, desde su primer ingreso a las escuelas coformadoras de la pr\u00e1ctica.<br>Este proyecto convoca a la formaci\u00f3n inicial de maestros y maestras para que cuando lleguen a las escuelas, con t\u00edtulo en mano, cuenten con los saberes did\u00e1cticos necesarios y fundamentalmente, con la convicci\u00f3n y el compromiso por lograr que todos los ni\u00f1os y ni\u00f1as accedan al derecho de ser parte de una cultura escrita.<br>Compartimos las experiencias de las\/los estudiantes de los Profesorados de Educaci\u00f3n Especial y Primaria en las escuelas coformadoras donde realizaron sus pr\u00e1cticas y residencias 2024<\/p>\n\n\n\n<div class=\"wp-block-file\"><object class=\"wp-block-file__embed\" data=\"https:\/\/isfd3-bue.infd.edu.ar\/sitio\/wp-content\/uploads\/2024\/11\/AFoD_-_Encuentros_Feb._2024_VF.pptx.pdf\" type=\"application\/pdf\" style=\"width:100%;height:600px\" aria-label=\"Incrustado de AFoD_-_Encuentros_Feb._2024_VF.pptx.\"><\/object><a id=\"wp-block-file--media-4b78f605-68b3-48aa-9f16-b25e23907862\" href=\"https:\/\/isfd3-bue.infd.edu.ar\/sitio\/wp-content\/uploads\/2024\/11\/AFoD_-_Encuentros_Feb._2024_VF.pptx.pdf\">AFoD_-_Encuentros_Feb._2024_VF.pptx<\/a><a href=\"https:\/\/isfd3-bue.infd.edu.ar\/sitio\/wp-content\/uploads\/2024\/11\/AFoD_-_Encuentros_Feb._2024_VF.pptx.pdf\" class=\"wp-block-file__button wp-element-button\" download aria-describedby=\"wp-block-file--media-4b78f605-68b3-48aa-9f16-b25e23907862\">Descarga<\/a><\/div>\n\n\n\n<div class=\"wp-block-columns is-layout-flex wp-container-2\">\n<div class=\"wp-block-column is-layout-flow\" style=\"flex-basis:100%\">\n<div class=\"wp-block-file\"><a id=\"wp-block-file--media-7940b53c-d87f-4191-9357-464dd5b6c3a1\" href=\"https:\/\/padlet.com\/agostinabisgarrafernandez\/pr-cticas-en-campo-de-la-pr-ctica-docente-iii-6jau4gamtzbxo51j\">Pod\u00e9s visitar el Padlet : Pr\u00e1cticas en Campo de la Pr\u00e1ctica Docente III<\/a><a href=\"https:\/\/padlet.com\/agostinabisgarrafernandez\/pr-cticas-en-campo-de-la-pr-ctica-docente-iii-6jau4gamtzbxo51j\" class=\"wp-block-file__button wp-element-button\" download aria-describedby=\"wp-block-file--media-7940b53c-d87f-4191-9357-464dd5b6c3a1\">Descarga<\/a><\/div>\n<\/div>\n<\/div>\n\n\n\n<figure class=\"wp-block-image is-resized\"><img decoding=\"async\" loading=\"lazy\" src=\"https:\/\/isfd3-bue.infd.edu.ar\/sitio\/wp-content\/uploads\/2024\/11\/image32.webp\" alt=\"\" class=\"wp-image-7539\" width=\"302\" height=\"427\"\/><\/figure>\n\n\n\n<p><\/p>\n\n\n\n<div class=\"wp-block-file\"><a id=\"wp-block-file--media-b1340af8-5b64-437d-a878-50087029ac95\" href=\"https:\/\/padlet.com\/maria_candela00\/pr-cticas-en-el-campo-de-la-pr-ctica-iv-1t53aywu007zes7g\">Pod\u00e9s visitar el Padlet: Pr\u00e1cticas en el Campo de la Pr\u00e1ctica IV<\/a><a href=\"https:\/\/padlet.com\/maria_candela00\/pr-cticas-en-el-campo-de-la-pr-ctica-iv-1t53aywu007zes7g\" class=\"wp-block-file__button wp-element-button\" download aria-describedby=\"wp-block-file--media-b1340af8-5b64-437d-a878-50087029ac95\">Descarga<\/a><\/div>\n\n\n\n<div class=\"wp-block-group alignwide is-layout-constrained\"><div class=\"wp-block-group__inner-container\">\n<figure class=\"wp-block-image is-resized\"><img decoding=\"async\" loading=\"lazy\" src=\"https:\/\/isfd3-bue.infd.edu.ar\/sitio\/wp-content\/uploads\/2024\/11\/Sin-titulo.jpg\" alt=\"\" class=\"wp-image-7540\" width=\"306\" height=\"428\"\/><\/figure>\n<\/div><\/div>\n","protected":false},"excerpt":{"rendered":"<p>Proyecto AFoD\u201cAlfabetizaci\u00f3n y Formaci\u00f3n Docente\u201dLa Direcci\u00f3n Provincial de Educaci\u00f3n Superior y la Direcci\u00f3n de Primaria articulan este proyecto que propone el acompa\u00f1amiento formativo de nuestras\/os estudiantes -docentes en formaci\u00f3n- en la ense\u00f1anza de las pr\u00e1cticas del lenguaje, en particular de la lectura y la escritura en el \u00e1mbito literario y en contexto de estudio de &#8230; <a title=\"AFoD\" class=\"read-more\" href=\"https:\/\/isfd3-bue.infd.edu.ar\/sitio\/afod\/\" aria-label=\"More on AFoD\">[+]<\/a><\/p>\n","protected":false},"author":2585,"featured_media":0,"parent":0,"menu_order":0,"comment_status":"closed","ping_status":"closed","template":"","meta":[],"acf":[],"_links":{"self":[{"href":"https:\/\/isfd3-bue.infd.edu.ar\/sitio\/wp-json\/wp\/v2\/pages\/7514"}],"collection":[{"href":"https:\/\/isfd3-bue.infd.edu.ar\/sitio\/wp-json\/wp\/v2\/pages"}],"about":[{"href":"https:\/\/isfd3-bue.infd.edu.ar\/sitio\/wp-json\/wp\/v2\/types\/page"}],"author":[{"embeddable":true,"href":"https:\/\/isfd3-bue.infd.edu.ar\/sitio\/wp-json\/wp\/v2\/users\/2585"}],"replies":[{"embeddable":true,"href":"https:\/\/isfd3-bue.infd.edu.ar\/sitio\/wp-json\/wp\/v2\/comments?post=7514"}],"version-history":[{"count":12,"href":"https:\/\/isfd3-bue.infd.edu.ar\/sitio\/wp-json\/wp\/v2\/pages\/7514\/revisions"}],"predecessor-version":[{"id":7542,"href":"https:\/\/isfd3-bue.infd.edu.ar\/sitio\/wp-json\/wp\/v2\/pages\/7514\/revisions\/7542"}],"wp:attachment":[{"href":"https:\/\/isfd3-bue.infd.edu.ar\/sitio\/wp-json\/wp\/v2\/media?parent=7514"}],"curies":[{"name":"wp","href":"https:\/\/api.w.org\/{rel}","templated":true}]}}