{"id":7575,"date":"2024-12-04T09:22:51","date_gmt":"2024-12-04T12:22:51","guid":{"rendered":"https:\/\/isfd3-bue.infd.edu.ar\/sitio\/?page_id=7575"},"modified":"2026-03-13T10:08:42","modified_gmt":"2026-03-13T13:08:42","slug":"ciencia-politica","status":"publish","type":"page","link":"https:\/\/isfd3-bue.infd.edu.ar\/sitio\/ciencia-politica\/","title":{"rendered":""},"content":{"rendered":"\n<figure class=\"wp-block-image size-large\"><img decoding=\"async\" loading=\"lazy\" width=\"1900\" height=\"1069\" src=\"https:\/\/isfd3-bue.infd.edu.ar\/sitio\/wp-content\/uploads\/2026\/03\/POLITICA-1900x1069.jpg\" alt=\"\" class=\"wp-image-8409\" srcset=\"https:\/\/isfd3-bue.infd.edu.ar\/sitio\/wp-content\/uploads\/2026\/03\/POLITICA-1900x1069.jpg 1900w, https:\/\/isfd3-bue.infd.edu.ar\/sitio\/wp-content\/uploads\/2026\/03\/POLITICA-1000x563.jpg 1000w, https:\/\/isfd3-bue.infd.edu.ar\/sitio\/wp-content\/uploads\/2026\/03\/POLITICA-768x432.jpg 768w, https:\/\/isfd3-bue.infd.edu.ar\/sitio\/wp-content\/uploads\/2026\/03\/POLITICA-1536x864.jpg 1536w, https:\/\/isfd3-bue.infd.edu.ar\/sitio\/wp-content\/uploads\/2026\/03\/POLITICA.jpg 1920w\" sizes=\"(max-width: 1900px) 100vw, 1900px\" \/><\/figure>\n\n\n<p><strong><span style=\"color: #ff0000;\">Turno de la cursada:<\/span><\/strong><\/p>\n<p><span style=\"color: #ff0000;\"><strong>VESPERTINO 17:30 HS. \u00a0A \u00a021:40 HS. \u00a0<\/strong><\/span><\/p>\n<p><strong><span style=\"color: #ff0000;\"> (Cada carrera tiene sus variantes en los horarios, es una franja horaria estimada)<\/span><\/strong><\/p>\n<p><strong><span style=\"color: #ff0000;\">Pr\u00e1cticas en contra turno<\/span><\/strong><\/p>\n<p><span style=\"color: #ff0000;\">Dise\u00f1o curricular &#8211; <a style=\"color: #ff0000;\" href=\"https:\/\/isfd3-bue.infd.edu.ar\/sitio\/wp-content\/uploads\/2024\/12\/IF-2022-40271442-GDEBA-SSEDGCYE-CIENCIA-POLITICA_DISENO-2022.pdf\">AQU\u00cd<\/a><\/span><\/p>\n<p><span style=\"color: #ff0000;\">Horarios de las carreras &#8211; <a style=\"color: #ff0000;\" href=\"https:\/\/docs.google.com\/document\/d\/148qOwr-zBlucCO4yFTKs2cicDt-XPlJiox-BUTwCoAg\/edit\">AQU\u00cd<\/a><\/span><\/p>\n<p><span style=\"color: #ff0000;\">Grupo de Facebook &#8211; <a style=\"color: #ff0000;\" href=\"https:\/\/www.facebook.com\/groups\/557028187206707?locale=es_LA\">AQU\u00cd<\/a><\/span><\/p>\n<p><span style=\"color: #ff0000;\">Correlativas &#8211;\u00a0<a style=\"color: #ff0000;\" href=\"https:\/\/isfd3-bue.infd.edu.ar\/sitio\/wp-content\/uploads\/2026\/03\/correlativas-Politica.docx\">Aqu\u00ed<\/a><\/span><\/p>\n<p><span style=\"color: #ff0000;\">Jefe de \u00e1rea: Natalia Castelli Bartolini<\/span><\/p>\n<p><span style=\"color: #ff0000;\">Preceptora: Lara Rocha<\/span><\/p>\n\n\n<p><\/p>\n\n\n\n<p><\/p>\n\n\n\n<p><\/p>\n\n\n\n<p><\/p>\n\n\n\n<p><\/p>\n","protected":false},"excerpt":{"rendered":"<p>Turno de la cursada: VESPERTINO 17:30 HS. \u00a0A \u00a021:40 HS. \u00a0 (Cada carrera tiene sus variantes en los horarios, es una franja horaria estimada) Pr\u00e1cticas en contra turno Dise\u00f1o curricular &#8211; AQU\u00cd Horarios de las carreras &#8211; AQU\u00cd Grupo de Facebook &#8211; AQU\u00cd Correlativas &#8211;\u00a0Aqu\u00ed Jefe de \u00e1rea: Natalia Castelli Bartolini Preceptora: Lara Rocha<\/p>\n","protected":false},"author":2585,"featured_media":0,"parent":0,"menu_order":0,"comment_status":"closed","ping_status":"closed","template":"","meta":[],"acf":[],"_links":{"self":[{"href":"https:\/\/isfd3-bue.infd.edu.ar\/sitio\/wp-json\/wp\/v2\/pages\/7575"}],"collection":[{"href":"https:\/\/isfd3-bue.infd.edu.ar\/sitio\/wp-json\/wp\/v2\/pages"}],"about":[{"href":"https:\/\/isfd3-bue.infd.edu.ar\/sitio\/wp-json\/wp\/v2\/types\/page"}],"author":[{"embeddable":true,"href":"https:\/\/isfd3-bue.infd.edu.ar\/sitio\/wp-json\/wp\/v2\/users\/2585"}],"replies":[{"embeddable":true,"href":"https:\/\/isfd3-bue.infd.edu.ar\/sitio\/wp-json\/wp\/v2\/comments?post=7575"}],"version-history":[{"count":11,"href":"https:\/\/isfd3-bue.infd.edu.ar\/sitio\/wp-json\/wp\/v2\/pages\/7575\/revisions"}],"predecessor-version":[{"id":8577,"href":"https:\/\/isfd3-bue.infd.edu.ar\/sitio\/wp-json\/wp\/v2\/pages\/7575\/revisions\/8577"}],"wp:attachment":[{"href":"https:\/\/isfd3-bue.infd.edu.ar\/sitio\/wp-json\/wp\/v2\/media?parent=7575"}],"curies":[{"name":"wp","href":"https:\/\/api.w.org\/{rel}","templated":true}]}}